{"id":1159,"date":"2019-10-16T10:43:28","date_gmt":"2019-10-16T08:43:28","guid":{"rendered":"http:\/\/www.fly-air3.com\/?page_id=1159"},"modified":"2025-03-17T18:16:55","modified_gmt":"2025-03-17T16:16:55","slug":"maps-elevation","status":"publish","type":"page","link":"https:\/\/www.fly-air3.com\/fr\/software\/xctrack-pro-air3\/maps-elevation\/","title":{"rendered":"Maps &amp; Elevation"},"content":{"rendered":"<p>   <br>Les cartes et les fichiers d'\u00e9l\u00e9vation sont pr\u00e9install\u00e9s avec AIR\u00b3, en fonction de votre emplacement. <a href=\"https:\/\/www.fly-air3.com\/fr\/ufaqs\/is-air3-preconfigured-does-is-contain-maps-terrain\/\" target=\"_blank\" rel=\"noreferrer noopener\">Voir cette FAQ pour plus de d\u00e9tails.<\/a><\/p>\n\n\n\n<p>Cependant, comme les cartes sont des fichiers volumineux, vous pouvez en ajouter ou en supprimer. Vous pouvez lib\u00e9rer de la m\u00e9moire en supprimant certaines cartes pr\u00e9install\u00e9es. Vous pouvez utiliser une carte SD pour augmenter la capacit\u00e9 de m\u00e9moire. En option avec AIR\u00b3, vous pouvez acheter une carte SD. <a aria-label=\"128 Gb SD-card with pre-installed coutry maps of the world (opens in a new tab)\" href=\"http:\/\/shop.fly-air3.com\/shop\/product\/sd-128-gb-world-maps-95?category=19\" target=\"_blank\" rel=\"noreferrer noopener\">Carte SD 128 Go avec cartes pr\u00e9install\u00e9es du monde<\/a>.<\/p>\n\n\n<div id=\"pl-gb1159-69de39f50d27b\"  class=\"panel-layout wp-block-siteorigin-panels-layout-block\" ><div id=\"pg-gb1159-69de39f50d27b-0\"  class=\"panel-grid panel-no-style\" ><div id=\"pgc-gb1159-69de39f50d27b-0-0\"  class=\"panel-grid-cell\" ><div id=\"panel-gb1159-69de39f50d27b-0-0-0\" class=\"so-panel widget widget_sow-image panel-first-child panel-last-child\" data-index=\"0\" ><div\n\t\t\t\n\t\t\tclass=\"so-widget-sow-image so-widget-sow-image-default-8b5b6f678277-1159\"\n\t\t\t\n\t\t>\n<div class=\"sow-image-container\">\n\t\t<img \n\tsrc=\"https:\/\/www.fly-air3.com\/wp-content\/uploads\/sites\/15\/2025\/03\/New_map_12k.png\" width=\"1920\" height=\"1080\" srcset=\"https:\/\/www.fly-air3.com\/wp-content\/uploads\/sites\/15\/2025\/03\/New_map_12k.png 1920w, https:\/\/www.fly-air3.com\/wp-content\/uploads\/sites\/15\/2025\/03\/New_map_12k-300x169.png 300w, https:\/\/www.fly-air3.com\/wp-content\/uploads\/sites\/15\/2025\/03\/New_map_12k-1024x576.png 1024w, https:\/\/www.fly-air3.com\/wp-content\/uploads\/sites\/15\/2025\/03\/New_map_12k-768x432.png 768w, https:\/\/www.fly-air3.com\/wp-content\/uploads\/sites\/15\/2025\/03\/New_map_12k-1536x864.png 1536w, https:\/\/www.fly-air3.com\/wp-content\/uploads\/sites\/15\/2025\/03\/New_map_12k-18x10.png 18w\" sizes=\"(max-width: 1920px) 100vw, 1920px\" alt=\"\" \t\tclass=\"so-widget-image\"\/>\n\t<\/div>\n\n<\/div><\/div><\/div><div id=\"pgc-gb1159-69de39f50d27b-0-1\"  class=\"panel-grid-cell\" ><div id=\"panel-gb1159-69de39f50d27b-0-1-0\" class=\"so-panel widget widget_text panel-first-child panel-last-child\" data-index=\"1\" >\t\t\t<div class=\"textwidget\"><p>Les cartes pour AIR\u00b3 \/ XCTrack fournissent de nombreuses informations lorsque vous naviguez. Villes, routes, rivi\u00e8res, for\u00eats, chemins de fer,\u2026<\/p>\n<p>Regardez notre <a href=\"https:\/\/www.fly-air3.com\/fr\/support\/videos\/how-to\/#XCTrack-Videos-Howto-Roadmap\" target=\"_blank\" rel=\"noopener\">tutoriel vid\u00e9o rapide \"Gestionnaire de cartes\"<\/a> pour en savoir plus sur la gestion des Roadmaps<\/p>\n<p>Pour plus d'informations sur la gestion des Roadmaps, voir la section Cartes de <a href=\"https:\/\/www.fly-air3.com\/fr\/support\/xctrack-manual\/preferences2\/#XCTrack-Preferences-Maps-RoadMap\" target=\"_blank\" rel=\"noopener\">XCTrack Menu\/Preferences page of <\/a><a href=\"https:\/\/www.fly-air3.com\/fr\/support\/xctrack-manual\/\">Manuel XCTrack Pro<\/a>.<\/p>\n<\/div>\n\t\t<\/div><\/div><\/div><div id=\"pg-gb1159-69de39f50d27b-1\"  class=\"panel-grid panel-no-style\" ><div id=\"pgc-gb1159-69de39f50d27b-1-0\"  class=\"panel-grid-cell\" ><div id=\"panel-gb1159-69de39f50d27b-1-0-0\" class=\"so-panel widget widget_text panel-first-child panel-last-child\" data-index=\"2\" >\t\t\t<div class=\"textwidget\"><p>Gr\u00e2ce aux altitudes du sol, vous pouvez obtenir beaucoup d\u2019informations en vol: altitude au-dessus du sol, courbes de niveau affich\u00e9es sur la carte, vue verticale.<\/p>\n<p>Consultez notre tutoriel vid\u00e9o \"<a href=\"https:\/\/www.fly-air3.com\/fr\/support\/videos\/soft-tutos-videos\/#XCTrack-Videos-Tutos-install-airspace-terrrain-thermal-roadmap\" target=\"_blank\" rel=\"noreferrer noopener\">Installer l'espace a\u00e9rien, le terrain, la couche thermique et les Roadmaps<\/a>\"pour en savoir plus sur l'installation des fichiers Terrain.<\/p>\n<p>Plus d'informations \u00e9galement <a href=\"https:\/\/www.fly-air3.com\/fr\/support\/xctrack-manual\/preferences2\/#XCTrack-Preferences-Airspaces-Web\" target=\"_blank\" rel=\"noopener\">ici dans le manuel XCTrack<\/a>.<\/p>\n<\/div>\n\t\t<\/div><\/div><div id=\"pgc-gb1159-69de39f50d27b-1-1\"  class=\"panel-grid-cell\" ><div id=\"panel-gb1159-69de39f50d27b-1-1-0\" class=\"so-panel widget widget_sow-image panel-first-child panel-last-child\" data-index=\"3\" ><div\n\t\t\t\n\t\t\tclass=\"so-widget-sow-image so-widget-sow-image-default-c67d20f9f743-1159\"\n\t\t\t\n\t\t>\n<div class=\"sow-image-container\">\n\t\t<img \n\tsrc=\"https:\/\/www.fly-air3.com\/wp-content\/uploads\/sites\/15\/2020\/01\/Screenshot_20200108-172053.png\" width=\"1280\" height=\"720\" srcset=\"https:\/\/www.fly-air3.com\/wp-content\/uploads\/sites\/15\/2020\/01\/Screenshot_20200108-172053.png 1280w, https:\/\/www.fly-air3.com\/wp-content\/uploads\/sites\/15\/2020\/01\/Screenshot_20200108-172053-300x169.png 300w, https:\/\/www.fly-air3.com\/wp-content\/uploads\/sites\/15\/2020\/01\/Screenshot_20200108-172053-1024x576.png 1024w, https:\/\/www.fly-air3.com\/wp-content\/uploads\/sites\/15\/2020\/01\/Screenshot_20200108-172053-768x432.png 768w\" sizes=\"(max-width: 1280px) 100vw, 1280px\" alt=\"\" \t\tclass=\"so-widget-image\"\/>\n\t<\/div>\n\n<\/div><\/div><\/div><\/div><div id=\"pg-gb1159-69de39f50d27b-2\"  class=\"panel-grid panel-no-style\" ><div id=\"pgc-gb1159-69de39f50d27b-2-0\"  class=\"panel-grid-cell\" ><div id=\"panel-gb1159-69de39f50d27b-2-0-0\" class=\"so-panel widget widget_sow-editor panel-first-child panel-last-child\" data-index=\"4\" ><div\n\t\t\t\n\t\t\tclass=\"so-widget-sow-editor so-widget-sow-editor-base\"\n\t\t\t\n\t\t>\n<div class=\"siteorigin-widget-tinymce textwidget\">\n\t<hr \/>\n<p>&nbsp;<\/p>\n<\/div>\n<\/div><\/div><\/div><\/div><div id=\"pg-gb1159-69de39f50d27b-3\"  class=\"panel-grid panel-no-style\" ><div id=\"pgc-gb1159-69de39f50d27b-3-0\"  class=\"panel-grid-cell\" ><div id=\"panel-gb1159-69de39f50d27b-3-0-0\" class=\"so-panel widget widget_text panel-first-child panel-last-child\" data-index=\"5\" >\t\t\t<div class=\"textwidget\"><p>Vous pouvez facilement obtenir des cartes directement sur internet gr\u00e2ce \u00e0 <a href=\"https:\/\/www.fly-air3.com\/fr\/support\/videos\/how-to\/#XCTrack-Videos-Howto-Roadmap\" target=\"_blank\" rel=\"noopener\">Maps manager<\/a>. Si vous ne souhaitez pas vous encombrer de ce lourd t\u00e9l\u00e9chargement \u00e0 chaque fois que vous vous rendez dans un autre pays et que vous souhaitez garder un grand espace libre, vous pouvez acheter une carte SD en option.<\/p>\n<p>Vous pouvez obtenir une <a href=\"http:\/\/shop.fly-air3.com\/shop\/product\/sd-128-gb-world-maps-95?category=19\" target=\"_blank\" rel=\"noopener\">carte SD 128 Go avec les cartes routi\u00e8res du Monde<\/a>.<\/p>\n<\/div>\n\t\t<\/div><\/div><\/div><div id=\"pg-gb1159-69de39f50d27b-4\"  class=\"panel-grid panel-no-style\" ><div id=\"pgc-gb1159-69de39f50d27b-4-0\"  class=\"panel-grid-cell\" ><div id=\"panel-gb1159-69de39f50d27b-4-0-0\" class=\"so-panel widget widget_text panel-first-child panel-last-child\" data-index=\"6\" >\t\t\t<div class=\"textwidget\"><\/div>\n\t\t<\/div><\/div><\/div><div id=\"pg-gb1159-69de39f50d27b-5\"  class=\"panel-grid panel-no-style\" ><div id=\"pgc-gb1159-69de39f50d27b-5-0\"  class=\"panel-grid-cell\" ><div id=\"panel-gb1159-69de39f50d27b-5-0-0\" class=\"so-panel widget widget_sow-editor panel-first-child\" data-index=\"7\" ><div\n\t\t\t\n\t\t\tclass=\"so-widget-sow-editor so-widget-sow-editor-base\"\n\t\t\t\n\t\t>\n<div class=\"siteorigin-widget-tinymce textwidget\">\n\t<h3 style=\"text-align: center\">Cartes du monde: 128 Gb<\/h3>\n<\/div>\n<\/div><\/div><div id=\"panel-gb1159-69de39f50d27b-5-0-1\" class=\"so-panel widget widget_sow-image\" data-index=\"8\" ><div\n\t\t\t\n\t\t\tclass=\"so-widget-sow-image so-widget-sow-image-default-c67d20f9f743-1159\"\n\t\t\t\n\t\t>\n<div class=\"sow-image-container\">\n\t\t\t<a href=\"http:\/\/shop.fly-air3.com\/shop\/product\/sd-128-gb-world-maps-95?category=19\"\n\t\t\t\t\t>\n\t\t\t<img \n\tsrc=\"https:\/\/www.fly-air3.com\/wp-content\/uploads\/sites\/15\/2020\/01\/Carte-Monde-128.png\" width=\"1195\" height=\"688\" srcset=\"https:\/\/www.fly-air3.com\/wp-content\/uploads\/sites\/15\/2020\/01\/Carte-Monde-128.png 1195w, https:\/\/www.fly-air3.com\/wp-content\/uploads\/sites\/15\/2020\/01\/Carte-Monde-128-300x173.png 300w, https:\/\/www.fly-air3.com\/wp-content\/uploads\/sites\/15\/2020\/01\/Carte-Monde-128-1024x590.png 1024w, https:\/\/www.fly-air3.com\/wp-content\/uploads\/sites\/15\/2020\/01\/Carte-Monde-128-768x442.png 768w\" sizes=\"(max-width: 1195px) 100vw, 1195px\" title=\"Carte Monde-128\" alt=\"\" \t\tclass=\"so-widget-image\"\/>\n\t\t\t<\/a><\/div>\n\n<\/div><\/div><div id=\"panel-gb1159-69de39f50d27b-5-0-2\" class=\"so-panel widget widget_sow-editor panel-last-child\" data-index=\"9\" ><div\n\t\t\t\n\t\t\tclass=\"so-widget-sow-editor so-widget-sow-editor-base\"\n\t\t\t\n\t\t>\n<div class=\"siteorigin-widget-tinymce textwidget\">\n\t<hr \/>\n<p>&nbsp;<\/p>\n<\/div>\n<\/div><\/div><\/div><\/div><\/div>\n\n\n<p>Credits Maps:&nbsp;<a href=\"https:\/\/www.openandromaps.org\/\" target=\"_blank\" rel=\"noreferrer noopener\">Openandromaps<\/a><\/p>","protected":false},"excerpt":{"rendered":"<p>Maps and elevation files are preinstalled with AIR\u00b3, based on your location. Check this FAQ for more details. However, as maps are large files, you may want to add or remove maps. You can free up memory by removing some pre-installed maps. You can use a SD card to extend the memory capacity. Optionnaly with <a href=\"https:\/\/www.fly-air3.com\/fr\/software\/xctrack-pro-air3\/maps-elevation\/\" rel=\"nofollow\"><span class=\"sr-only\">En savoir plus surMaps &amp; Elevation<\/span>[&hellip;]<\/a><\/p>\n","protected":false},"author":1,"featured_media":0,"parent":330,"menu_order":0,"comment_status":"closed","ping_status":"closed","template":"template-fullwidth.php","meta":{"footnotes":""},"class_list":["post-1159","page","type-page","status-publish","hentry"],"yoast_head":"<!-- This site is optimized with the Yoast SEO plugin v27.3 - https:\/\/yoast.com\/product\/yoast-seo-wordpress\/ -->\n<title>xctrack Pro-AIR3 Maps &amp; Elevation - AIR\u00b3 pro perpetual licence<\/title>\n<meta name=\"description\" content=\"XCTrac Pro is delivered with the AIR\u00b3. Perpetual licence. XCTrack pro is a special version of XCTrac that contains additional features.\" \/>\n<meta name=\"robots\" content=\"index, follow, max-snippet:-1, max-image-preview:large, max-video-preview:-1\" \/>\n<link rel=\"canonical\" href=\"https:\/\/www.fly-air3.com\/fr\/software\/xctrack-pro-air3\/maps-elevation\/\" \/>\n<meta property=\"og:locale\" content=\"fr_FR\" \/>\n<meta property=\"og:type\" content=\"article\" \/>\n<meta property=\"og:title\" content=\"xctrack Pro-AIR3 Maps &amp; Elevation - AIR\u00b3 pro perpetual licence\" \/>\n<meta property=\"og:description\" content=\"XCTrac Pro is delivered with the AIR\u00b3. Perpetual licence. XCTrack pro is a special version of XCTrac that contains additional features.\" \/>\n<meta property=\"og:url\" content=\"https:\/\/www.fly-air3.com\/fr\/software\/xctrack-pro-air3\/maps-elevation\/\" \/>\n<meta property=\"og:site_name\" content=\"AIR\u00b3\" \/>\n<meta property=\"article:publisher\" content=\"https:\/\/www.facebook.com\/FLYAIRCUBE\/\" \/>\n<meta property=\"article:modified_time\" content=\"2025-03-17T16:16:55+00:00\" \/>\n<meta name=\"twitter:card\" content=\"summary_large_image\" \/>\n<meta name=\"twitter:label1\" content=\"Dur\u00e9e de lecture estim\u00e9e\" \/>\n\t<meta name=\"twitter:data1\" content=\"2 minutes\" \/>\n<script type=\"application\/ld+json\" class=\"yoast-schema-graph\">{\"@context\":\"https:\\\/\\\/schema.org\",\"@graph\":[{\"@type\":\"WebPage\",\"@id\":\"https:\\\/\\\/www.fly-air3.com\\\/software\\\/xctrack-pro-air3\\\/maps-elevation\\\/\",\"url\":\"https:\\\/\\\/www.fly-air3.com\\\/software\\\/xctrack-pro-air3\\\/maps-elevation\\\/\",\"name\":\"xctrack Pro-AIR3 Maps &amp; Elevation - AIR\u00b3 pro perpetual licence\",\"isPartOf\":{\"@id\":\"https:\\\/\\\/www.fly-air3.com\\\/en\\\/#website\"},\"datePublished\":\"2019-10-16T08:43:28+00:00\",\"dateModified\":\"2025-03-17T16:16:55+00:00\",\"description\":\"XCTrac Pro is delivered with the AIR\u00b3. Perpetual licence. XCTrack pro is a special version of XCTrac that contains additional features.\",\"breadcrumb\":{\"@id\":\"https:\\\/\\\/www.fly-air3.com\\\/software\\\/xctrack-pro-air3\\\/maps-elevation\\\/#breadcrumb\"},\"inLanguage\":\"fr-FR\",\"potentialAction\":[{\"@type\":\"ReadAction\",\"target\":[\"https:\\\/\\\/www.fly-air3.com\\\/software\\\/xctrack-pro-air3\\\/maps-elevation\\\/\"]}]},{\"@type\":\"BreadcrumbList\",\"@id\":\"https:\\\/\\\/www.fly-air3.com\\\/software\\\/xctrack-pro-air3\\\/maps-elevation\\\/#breadcrumb\",\"itemListElement\":[{\"@type\":\"ListItem\",\"position\":1,\"name\":\"Home\",\"item\":\"https:\\\/\\\/www.fly-air3.com\\\/\"},{\"@type\":\"ListItem\",\"position\":2,\"name\":\"Software\",\"item\":\"https:\\\/\\\/www.fly-air3.com\\\/software\\\/\"},{\"@type\":\"ListItem\",\"position\":3,\"name\":\"XCTrack Pro\",\"item\":\"https:\\\/\\\/www.fly-air3.com\\\/software\\\/xctrack-pro-air3\\\/\"},{\"@type\":\"ListItem\",\"position\":4,\"name\":\"Maps &amp; Elevation\"}]},{\"@type\":\"WebSite\",\"@id\":\"https:\\\/\\\/www.fly-air3.com\\\/en\\\/#website\",\"url\":\"https:\\\/\\\/www.fly-air3.com\\\/en\\\/\",\"name\":\"AIR\u00b3\",\"description\":\"All in one Rugged 7&quot; Android New generation paragliding flight instrument. Vario GPS Livetracking\",\"publisher\":{\"@id\":\"https:\\\/\\\/www.fly-air3.com\\\/en\\\/#organization\"},\"potentialAction\":[{\"@type\":\"SearchAction\",\"target\":{\"@type\":\"EntryPoint\",\"urlTemplate\":\"https:\\\/\\\/www.fly-air3.com\\\/en\\\/?s={search_term_string}\"},\"query-input\":{\"@type\":\"PropertyValueSpecification\",\"valueRequired\":true,\"valueName\":\"search_term_string\"}}],\"inLanguage\":\"fr-FR\"},{\"@type\":\"Organization\",\"@id\":\"https:\\\/\\\/www.fly-air3.com\\\/en\\\/#organization\",\"name\":\"Berfon SPRL\",\"url\":\"https:\\\/\\\/www.fly-air3.com\\\/en\\\/\",\"logo\":{\"@type\":\"ImageObject\",\"inLanguage\":\"fr-FR\",\"@id\":\"https:\\\/\\\/www.fly-air3.com\\\/en\\\/#\\\/schema\\\/logo\\\/image\\\/\",\"url\":\"http:\\\/\\\/www.fly-air3.com\\\/wp-content\\\/uploads\\\/sites\\\/15\\\/2019\\\/04\\\/AIR\u00b3-CARRE_Logo.png\",\"contentUrl\":\"http:\\\/\\\/www.fly-air3.com\\\/wp-content\\\/uploads\\\/sites\\\/15\\\/2019\\\/04\\\/AIR\u00b3-CARRE_Logo.png\",\"width\":600,\"height\":600,\"caption\":\"Berfon SPRL\"},\"image\":{\"@id\":\"https:\\\/\\\/www.fly-air3.com\\\/en\\\/#\\\/schema\\\/logo\\\/image\\\/\"},\"sameAs\":[\"https:\\\/\\\/www.facebook.com\\\/FLYAIRCUBE\\\/\"]}]}<\/script>\n<!-- \/ Yoast SEO plugin. -->","yoast_head_json":{"title":"xctrack Pro-AIR3 Maps &amp; Elevation - AIR\u00b3 pro perpetual licence","description":"XCTrac Pro is delivered with the AIR\u00b3. Perpetual licence. XCTrack pro is a special version of XCTrac that contains additional features.","robots":{"index":"index","follow":"follow","max-snippet":"max-snippet:-1","max-image-preview":"max-image-preview:large","max-video-preview":"max-video-preview:-1"},"canonical":"https:\/\/www.fly-air3.com\/fr\/software\/xctrack-pro-air3\/maps-elevation\/","og_locale":"fr_FR","og_type":"article","og_title":"xctrack Pro-AIR3 Maps &amp; Elevation - AIR\u00b3 pro perpetual licence","og_description":"XCTrac Pro is delivered with the AIR\u00b3. Perpetual licence. XCTrack pro is a special version of XCTrac that contains additional features.","og_url":"https:\/\/www.fly-air3.com\/fr\/software\/xctrack-pro-air3\/maps-elevation\/","og_site_name":"AIR\u00b3","article_publisher":"https:\/\/www.facebook.com\/FLYAIRCUBE\/","article_modified_time":"2025-03-17T16:16:55+00:00","twitter_card":"summary_large_image","twitter_misc":{"Dur\u00e9e de lecture estim\u00e9e":"2 minutes"},"schema":{"@context":"https:\/\/schema.org","@graph":[{"@type":"WebPage","@id":"https:\/\/www.fly-air3.com\/software\/xctrack-pro-air3\/maps-elevation\/","url":"https:\/\/www.fly-air3.com\/software\/xctrack-pro-air3\/maps-elevation\/","name":"xctrack Pro-AIR3 Maps &amp; Elevation - AIR\u00b3 pro perpetual licence","isPartOf":{"@id":"https:\/\/www.fly-air3.com\/en\/#website"},"datePublished":"2019-10-16T08:43:28+00:00","dateModified":"2025-03-17T16:16:55+00:00","description":"XCTrac Pro is delivered with the AIR\u00b3. Perpetual licence. XCTrack pro is a special version of XCTrac that contains additional features.","breadcrumb":{"@id":"https:\/\/www.fly-air3.com\/software\/xctrack-pro-air3\/maps-elevation\/#breadcrumb"},"inLanguage":"fr-FR","potentialAction":[{"@type":"ReadAction","target":["https:\/\/www.fly-air3.com\/software\/xctrack-pro-air3\/maps-elevation\/"]}]},{"@type":"BreadcrumbList","@id":"https:\/\/www.fly-air3.com\/software\/xctrack-pro-air3\/maps-elevation\/#breadcrumb","itemListElement":[{"@type":"ListItem","position":1,"name":"Home","item":"https:\/\/www.fly-air3.com\/"},{"@type":"ListItem","position":2,"name":"Software","item":"https:\/\/www.fly-air3.com\/software\/"},{"@type":"ListItem","position":3,"name":"XCTrack Pro","item":"https:\/\/www.fly-air3.com\/software\/xctrack-pro-air3\/"},{"@type":"ListItem","position":4,"name":"Maps &amp; Elevation"}]},{"@type":"WebSite","@id":"https:\/\/www.fly-air3.com\/en\/#website","url":"https:\/\/www.fly-air3.com\/en\/","name":"AIR\u00b3","description":"All in one Rugged 7&quot; Android New generation paragliding flight instrument. Vario GPS Livetracking","publisher":{"@id":"https:\/\/www.fly-air3.com\/en\/#organization"},"potentialAction":[{"@type":"SearchAction","target":{"@type":"EntryPoint","urlTemplate":"https:\/\/www.fly-air3.com\/en\/?s={search_term_string}"},"query-input":{"@type":"PropertyValueSpecification","valueRequired":true,"valueName":"search_term_string"}}],"inLanguage":"fr-FR"},{"@type":"Organization","@id":"https:\/\/www.fly-air3.com\/en\/#organization","name":"Berfon SPRL","url":"https:\/\/www.fly-air3.com\/en\/","logo":{"@type":"ImageObject","inLanguage":"fr-FR","@id":"https:\/\/www.fly-air3.com\/en\/#\/schema\/logo\/image\/","url":"http:\/\/www.fly-air3.com\/wp-content\/uploads\/sites\/15\/2019\/04\/AIR\u00b3-CARRE_Logo.png","contentUrl":"http:\/\/www.fly-air3.com\/wp-content\/uploads\/sites\/15\/2019\/04\/AIR\u00b3-CARRE_Logo.png","width":600,"height":600,"caption":"Berfon SPRL"},"image":{"@id":"https:\/\/www.fly-air3.com\/en\/#\/schema\/logo\/image\/"},"sameAs":["https:\/\/www.facebook.com\/FLYAIRCUBE\/"]}]}},"_links":{"self":[{"href":"https:\/\/www.fly-air3.com\/fr\/wp-json\/wp\/v2\/pages\/1159","targetHints":{"allow":["GET"]}}],"collection":[{"href":"https:\/\/www.fly-air3.com\/fr\/wp-json\/wp\/v2\/pages"}],"about":[{"href":"https:\/\/www.fly-air3.com\/fr\/wp-json\/wp\/v2\/types\/page"}],"author":[{"embeddable":true,"href":"https:\/\/www.fly-air3.com\/fr\/wp-json\/wp\/v2\/users\/1"}],"replies":[{"embeddable":true,"href":"https:\/\/www.fly-air3.com\/fr\/wp-json\/wp\/v2\/comments?post=1159"}],"version-history":[{"count":44,"href":"https:\/\/www.fly-air3.com\/fr\/wp-json\/wp\/v2\/pages\/1159\/revisions"}],"predecessor-version":[{"id":9900,"href":"https:\/\/www.fly-air3.com\/fr\/wp-json\/wp\/v2\/pages\/1159\/revisions\/9900"}],"up":[{"embeddable":true,"href":"https:\/\/www.fly-air3.com\/fr\/wp-json\/wp\/v2\/pages\/330"}],"wp:attachment":[{"href":"https:\/\/www.fly-air3.com\/fr\/wp-json\/wp\/v2\/media?parent=1159"}],"curies":[{"name":"wp","href":"https:\/\/api.w.org\/{rel}","templated":true}]}}