{"id":21,"date":"2019-04-16T21:42:54","date_gmt":"2019-04-16T19:42:54","guid":{"rendered":"http:\/\/temp.fly-air3.com\/?page_id=21"},"modified":"2021-02-04T09:06:38","modified_gmt":"2021-02-04T07:06:38","slug":"air3-71-specs","status":"publish","type":"page","link":"https:\/\/www.fly-air3.com\/fr\/products\/air3-71-specs\/","title":{"rendered":"Sp\u00e9cifications AIR\u00b3 7.1"},"content":{"rendered":"<h2 class=\"wp-block-heading\">Cette version est obsol\u00e8te et n'est plus commercialis\u00e9e.<\/h2>\n\n\n<div id=\"pl-gb21-69e4cac61f491\"  class=\"panel-layout\" ><div id=\"pg-gb21-69e4cac61f491-0\"  class=\"panel-grid panel-no-style\" ><div id=\"pgc-gb21-69e4cac61f491-0-0\"  class=\"panel-grid-cell panel-grid-cell-empty\" ><\/div><div id=\"pgc-gb21-69e4cac61f491-0-1\"  class=\"panel-grid-cell panel-grid-cell-mobile-last\" ><div id=\"panel-gb21-69e4cac61f491-0-1-0\" class=\"so-panel widget widget_sow-image panel-first-child panel-last-child\" data-index=\"0\" ><div\n\t\t\t\n\t\t\tclass=\"so-widget-sow-image so-widget-sow-image-default-8b5b6f678277-21\"\n\t\t\t\n\t\t>\n<div class=\"sow-image-container\">\n\t\t<img \n\tsrc=\"https:\/\/www.fly-air3.com\/wp-content\/uploads\/sites\/15\/2019\/04\/Air\u00b3-White-map-Kiss.png\" width=\"1200\" height=\"819\" srcset=\"https:\/\/www.fly-air3.com\/wp-content\/uploads\/sites\/15\/2019\/04\/Air\u00b3-White-map-Kiss.png 1200w, https:\/\/www.fly-air3.com\/wp-content\/uploads\/sites\/15\/2019\/04\/Air\u00b3-White-map-Kiss-300x205.png 300w, https:\/\/www.fly-air3.com\/wp-content\/uploads\/sites\/15\/2019\/04\/Air\u00b3-White-map-Kiss-768x524.png 768w, https:\/\/www.fly-air3.com\/wp-content\/uploads\/sites\/15\/2019\/04\/Air\u00b3-White-map-Kiss-1024x699.png 1024w\" sizes=\"(max-width: 1200px) 100vw, 1200px\" alt=\"AIR3: All in one android rugged flight instrument\" \t\tclass=\"so-widget-image\"\/>\n\t<\/div>\n\n<\/div><\/div><\/div><div id=\"pgc-gb21-69e4cac61f491-0-2\"  class=\"panel-grid-cell panel-grid-cell-empty\" ><\/div><\/div><div id=\"pg-gb21-69e4cac61f491-1\"  class=\"panel-grid panel-no-style\" ><div id=\"pgc-gb21-69e4cac61f491-1-0\"  class=\"panel-grid-cell\" ><div id=\"panel-gb21-69e4cac61f491-1-0-0\" class=\"so-panel widget widget_sow-editor panel-first-child panel-last-child\" data-index=\"1\" ><div\n\t\t\t\n\t\t\tclass=\"so-widget-sow-editor so-widget-sow-editor-base\"\n\t\t\t\n\t\t>\n<div class=\"siteorigin-widget-tinymce textwidget\">\n\t<hr \/>\n<p>&nbsp;<\/p>\n<\/div>\n<\/div><\/div><\/div><\/div><\/div>\n\n\n<div class=\"wp-block-columns has-2-columns is-layout-flex wp-container-core-columns-is-layout-9d6595d7 wp-block-columns-is-layout-flex\">\n<div class=\"wp-block-column is-layout-flow wp-block-column-is-layout-flow\">\n<h4 class=\"wp-block-heading\">Syst\u00e8me<\/h4>\n\n\n\n<ul class=\"wp-block-list\"><li>Processeur quad core\u00a0 \u2013 1.3 GHz.<\/li><li>RAM 2 Gb.<\/li><li>Stockage 16GB + MicroSD slot (jusqu'\u00e0 32GB).<\/li><li>Android 5.1<\/li><\/ul>\n\n\n\n<h4 class=\"wp-block-heading\">Capteurs<\/h4>\n\n\n\n<ul class=\"wp-block-list\"><li>GPS de qualit\u00e9 industrielle<\/li><li>Capteur barom\u00e9trique haute sensibilit\u00e9&nbsp;<\/li><li>Capteur d'humidit\u00e9 haute r\u00e9solution<\/li><li>Capteur G\u00e9omagn\u00e9tique<\/li><li>Capteur de gravit\u00e9<\/li><li>Boussole<\/li><li>Capteur gyroscopique<\/li><\/ul>\n\n\n\n<h4 class=\"wp-block-heading\">Donn\u00e9es techniques<\/h4>\n\n\n\n<ul class=\"wp-block-list\"><li>up to 15 hours of battery life in flight&nbsp; (Li-ion built in 7000mAh). 9 hours full brightness)<\/li><li>Dimensions: 214.5 mm*133 mm*18 mm<\/li><li>Poids: 590gr.<\/li><li>Couleur Noir \/ Orange<\/li><\/ul>\n<\/div>\n\n\n\n<div class=\"wp-block-column is-layout-flow wp-block-column-is-layout-flow\">\n<h4 class=\"wp-block-heading\">Affichage<\/h4>\n\n\n\n<ul class=\"wp-block-list\"><li>7 pouces \"- Couleur.<\/li><li>IPS HD LCD<\/li><li>TouchPad capacitif<\/li><li>380 nits<br><\/li><\/ul>\n\n\n\n<h4 class=\"wp-block-heading\">Connectivit\u00e9<\/h4>\n\n\n\n<ul class=\"wp-block-list\"><li>WI-FI (802.11 b\/g\/).<\/li><li>Bluetooth 4.0<\/li><li>2G, 3G,&nbsp;4G<\/li><li>NFC<br><\/li><li>microUSB 2.0. 3.5mm<\/li><li>Jack Stereo.<\/li><\/ul>\n\n\n\n<h4 class=\"wp-block-heading\">Interactivit\u00e9<br><\/h4>\n\n\n\n<ul class=\"wp-block-list\"><li>4 boutons physiques pour configurer diff\u00e9rentes actions<\/li><li>Zoom avant Zoom arri\u00e8re<\/li><li>Page suivante, page pr\u00e9c\u00e9dente<\/li><\/ul>\n\n\n\n<h4 class=\"wp-block-heading\">Appareil photo num\u00e9rique<\/h4>\n\n\n\n<ul class=\"wp-block-list\"><li>Avant:13 Megapixels<\/li><li>Arri\u00e8re: 2 Megapixels<\/li><\/ul>\n<\/div>\n<\/div>\n\n\n\n<h4 class=\"wp-block-heading\">Applications<\/h4>\n\n\n\n<ul class=\"wp-block-list\"><li>AIR\u00b3 Manager: lancement automatique (au d\u00e9marrage)\/ manuel de XCTrack, t\u00e9l\u00e9chargement automatique du fichier Openair (ou manuel), d\u00e9finition du profil XCTrack Pro (Kiss-Easy-Expert), d\u00e9finition du th\u00e8me XCTrack Pro.<br><\/li><li>XCtrack PRO optimis\u00e9, personnalis\u00e9 et pr\u00e9configur\u00e9<br><\/li><li>Applications g\u00e9n\u00e9rales li\u00e9es \u00e0 Android: Galerie, Navigateur Internet, Agenda, Calculatrice, Lecteur de musique, E-mail, Google Play Store, Horloge,<\/li><li>Compatible avec d'autres applications Android: XCsoar, LK8000, Cruiser\u2026<\/li><\/ul>","protected":false},"excerpt":{"rendered":"<p>This version is obsolete and is no more sold. System Processor quad core&nbsp; \u2013 1.3 GHz. RAM 2 Gb. Storage 16GB + MicroSD slot (up to 32GB). Android 5.1 Sensors Industrial grade GPS Barometer Sensor high sensitivity&nbsp; Humidity Sensor high resolution Geomagnetic Sensor Gravity sensor Compass Gyro Sensor Technical data up to 15 hours of <a href=\"https:\/\/www.fly-air3.com\/fr\/products\/air3-71-specs\/\" rel=\"nofollow\"><span class=\"sr-only\">En savoir plus surAIR\u00b3 7.1 Specifications<\/span>[&hellip;]<\/a><\/p>\n","protected":false},"author":1,"featured_media":13,"parent":3286,"menu_order":0,"comment_status":"closed","ping_status":"closed","template":"template-fullwidth.php","meta":{"footnotes":""},"class_list":["post-21","page","type-page","status-publish","has-post-thumbnail","hentry"],"yoast_head":"<!-- This site is optimized with the Yoast SEO plugin v27.4 - https:\/\/yoast.com\/product\/yoast-seo-wordpress\/ -->\n<title>AIR\u00b3 7.1 Specifications - AIR\u00b3<\/title>\n<meta name=\"robots\" content=\"index, follow, max-snippet:-1, max-image-preview:large, max-video-preview:-1\" \/>\n<link rel=\"canonical\" href=\"https:\/\/www.fly-air3.com\/fr\/products\/air3-71-specs\/\" \/>\n<meta property=\"og:locale\" content=\"fr_FR\" \/>\n<meta property=\"og:type\" content=\"article\" \/>\n<meta property=\"og:title\" content=\"AIR\u00b3 7.1 Specifications - AIR\u00b3\" \/>\n<meta property=\"og:description\" content=\"This version is obsolete and is no more sold. System Processor quad core&nbsp; \u2013 1.3 GHz. RAM 2 Gb. Storage 16GB + MicroSD slot (up to 32GB). Android 5.1 Sensors Industrial grade GPS Barometer Sensor high sensitivity&nbsp; Humidity Sensor high resolution Geomagnetic Sensor Gravity sensor Compass Gyro Sensor Technical data up to 15 hours of En savoir plus surAIR\u00b3 7.1 Specifications[&hellip;]\" \/>\n<meta property=\"og:url\" content=\"https:\/\/www.fly-air3.com\/fr\/products\/air3-71-specs\/\" \/>\n<meta property=\"og:site_name\" content=\"AIR\u00b3\" \/>\n<meta property=\"article:publisher\" content=\"https:\/\/www.facebook.com\/FLYAIRCUBE\/\" \/>\n<meta property=\"article:modified_time\" content=\"2021-02-04T07:06:38+00:00\" \/>\n<meta property=\"og:image\" content=\"https:\/\/www.fly-air3.com\/wp-content\/uploads\/sites\/15\/2019\/04\/Cockpit-compet.png\" \/>\n\t<meta property=\"og:image:width\" content=\"1086\" \/>\n\t<meta property=\"og:image:height\" content=\"822\" \/>\n\t<meta property=\"og:image:type\" content=\"image\/png\" \/>\n<meta name=\"twitter:card\" content=\"summary_large_image\" \/>\n<meta name=\"twitter:label1\" content=\"Dur\u00e9e de lecture estim\u00e9e\" \/>\n\t<meta name=\"twitter:data1\" content=\"1 minute\" \/>\n<script type=\"application\/ld+json\" class=\"yoast-schema-graph\">{\"@context\":\"https:\\\/\\\/schema.org\",\"@graph\":[{\"@type\":\"WebPage\",\"@id\":\"https:\\\/\\\/www.fly-air3.com\\\/products\\\/air3-71-specs\\\/\",\"url\":\"https:\\\/\\\/www.fly-air3.com\\\/products\\\/air3-71-specs\\\/\",\"name\":\"AIR\u00b3 7.1 Specifications - AIR\u00b3\",\"isPartOf\":{\"@id\":\"https:\\\/\\\/www.fly-air3.com\\\/en\\\/#website\"},\"primaryImageOfPage\":{\"@id\":\"https:\\\/\\\/www.fly-air3.com\\\/products\\\/air3-71-specs\\\/#primaryimage\"},\"image\":{\"@id\":\"https:\\\/\\\/www.fly-air3.com\\\/products\\\/air3-71-specs\\\/#primaryimage\"},\"thumbnailUrl\":\"https:\\\/\\\/www.fly-air3.com\\\/wp-content\\\/uploads\\\/sites\\\/15\\\/2019\\\/04\\\/Cockpit-compet.png\",\"datePublished\":\"2019-04-16T19:42:54+00:00\",\"dateModified\":\"2021-02-04T07:06:38+00:00\",\"breadcrumb\":{\"@id\":\"https:\\\/\\\/www.fly-air3.com\\\/products\\\/air3-71-specs\\\/#breadcrumb\"},\"inLanguage\":\"fr-FR\",\"potentialAction\":[{\"@type\":\"ReadAction\",\"target\":[\"https:\\\/\\\/www.fly-air3.com\\\/products\\\/air3-71-specs\\\/\"]}]},{\"@type\":\"ImageObject\",\"inLanguage\":\"fr-FR\",\"@id\":\"https:\\\/\\\/www.fly-air3.com\\\/products\\\/air3-71-specs\\\/#primaryimage\",\"url\":\"https:\\\/\\\/www.fly-air3.com\\\/wp-content\\\/uploads\\\/sites\\\/15\\\/2019\\\/04\\\/Cockpit-compet.png\",\"contentUrl\":\"https:\\\/\\\/www.fly-air3.com\\\/wp-content\\\/uploads\\\/sites\\\/15\\\/2019\\\/04\\\/Cockpit-compet.png\",\"width\":1086,\"height\":822,\"caption\":\"AIR3: All in one android rugged flight instrument\"},{\"@type\":\"BreadcrumbList\",\"@id\":\"https:\\\/\\\/www.fly-air3.com\\\/products\\\/air3-71-specs\\\/#breadcrumb\",\"itemListElement\":[{\"@type\":\"ListItem\",\"position\":1,\"name\":\"Home\",\"item\":\"https:\\\/\\\/www.fly-air3.com\\\/\"},{\"@type\":\"ListItem\",\"position\":2,\"name\":\"Products\",\"item\":\"https:\\\/\\\/www.fly-air3.com\\\/products\\\/\"},{\"@type\":\"ListItem\",\"position\":3,\"name\":\"AIR\u00b3 7.1 Specifications\"}]},{\"@type\":\"WebSite\",\"@id\":\"https:\\\/\\\/www.fly-air3.com\\\/en\\\/#website\",\"url\":\"https:\\\/\\\/www.fly-air3.com\\\/en\\\/\",\"name\":\"AIR\u00b3\",\"description\":\"All in one Rugged 7&quot; Android New generation paragliding flight instrument. Vario GPS Livetracking\",\"publisher\":{\"@id\":\"https:\\\/\\\/www.fly-air3.com\\\/en\\\/#organization\"},\"potentialAction\":[{\"@type\":\"SearchAction\",\"target\":{\"@type\":\"EntryPoint\",\"urlTemplate\":\"https:\\\/\\\/www.fly-air3.com\\\/en\\\/?s={search_term_string}\"},\"query-input\":{\"@type\":\"PropertyValueSpecification\",\"valueRequired\":true,\"valueName\":\"search_term_string\"}}],\"inLanguage\":\"fr-FR\"},{\"@type\":\"Organization\",\"@id\":\"https:\\\/\\\/www.fly-air3.com\\\/en\\\/#organization\",\"name\":\"Berfon SPRL\",\"url\":\"https:\\\/\\\/www.fly-air3.com\\\/en\\\/\",\"logo\":{\"@type\":\"ImageObject\",\"inLanguage\":\"fr-FR\",\"@id\":\"https:\\\/\\\/www.fly-air3.com\\\/en\\\/#\\\/schema\\\/logo\\\/image\\\/\",\"url\":\"http:\\\/\\\/www.fly-air3.com\\\/wp-content\\\/uploads\\\/sites\\\/15\\\/2019\\\/04\\\/AIR\u00b3-CARRE_Logo.png\",\"contentUrl\":\"http:\\\/\\\/www.fly-air3.com\\\/wp-content\\\/uploads\\\/sites\\\/15\\\/2019\\\/04\\\/AIR\u00b3-CARRE_Logo.png\",\"width\":600,\"height\":600,\"caption\":\"Berfon SPRL\"},\"image\":{\"@id\":\"https:\\\/\\\/www.fly-air3.com\\\/en\\\/#\\\/schema\\\/logo\\\/image\\\/\"},\"sameAs\":[\"https:\\\/\\\/www.facebook.com\\\/FLYAIRCUBE\\\/\"]}]}<\/script>\n<!-- \/ Yoast SEO plugin. -->","yoast_head_json":{"title":"AIR\u00b3 7.1 Specifications - AIR\u00b3","robots":{"index":"index","follow":"follow","max-snippet":"max-snippet:-1","max-image-preview":"max-image-preview:large","max-video-preview":"max-video-preview:-1"},"canonical":"https:\/\/www.fly-air3.com\/fr\/products\/air3-71-specs\/","og_locale":"fr_FR","og_type":"article","og_title":"AIR\u00b3 7.1 Specifications - AIR\u00b3","og_description":"This version is obsolete and is no more sold. System Processor quad core&nbsp; \u2013 1.3 GHz. RAM 2 Gb. Storage 16GB + MicroSD slot (up to 32GB). Android 5.1 Sensors Industrial grade GPS Barometer Sensor high sensitivity&nbsp; Humidity Sensor high resolution Geomagnetic Sensor Gravity sensor Compass Gyro Sensor Technical data up to 15 hours of En savoir plus surAIR\u00b3 7.1 Specifications[&hellip;]","og_url":"https:\/\/www.fly-air3.com\/fr\/products\/air3-71-specs\/","og_site_name":"AIR\u00b3","article_publisher":"https:\/\/www.facebook.com\/FLYAIRCUBE\/","article_modified_time":"2021-02-04T07:06:38+00:00","og_image":[{"width":1086,"height":822,"url":"https:\/\/www.fly-air3.com\/wp-content\/uploads\/sites\/15\/2019\/04\/Cockpit-compet.png","type":"image\/png"}],"twitter_card":"summary_large_image","twitter_misc":{"Dur\u00e9e de lecture estim\u00e9e":"1 minute"},"schema":{"@context":"https:\/\/schema.org","@graph":[{"@type":"WebPage","@id":"https:\/\/www.fly-air3.com\/products\/air3-71-specs\/","url":"https:\/\/www.fly-air3.com\/products\/air3-71-specs\/","name":"AIR\u00b3 7.1 Specifications - AIR\u00b3","isPartOf":{"@id":"https:\/\/www.fly-air3.com\/en\/#website"},"primaryImageOfPage":{"@id":"https:\/\/www.fly-air3.com\/products\/air3-71-specs\/#primaryimage"},"image":{"@id":"https:\/\/www.fly-air3.com\/products\/air3-71-specs\/#primaryimage"},"thumbnailUrl":"https:\/\/www.fly-air3.com\/wp-content\/uploads\/sites\/15\/2019\/04\/Cockpit-compet.png","datePublished":"2019-04-16T19:42:54+00:00","dateModified":"2021-02-04T07:06:38+00:00","breadcrumb":{"@id":"https:\/\/www.fly-air3.com\/products\/air3-71-specs\/#breadcrumb"},"inLanguage":"fr-FR","potentialAction":[{"@type":"ReadAction","target":["https:\/\/www.fly-air3.com\/products\/air3-71-specs\/"]}]},{"@type":"ImageObject","inLanguage":"fr-FR","@id":"https:\/\/www.fly-air3.com\/products\/air3-71-specs\/#primaryimage","url":"https:\/\/www.fly-air3.com\/wp-content\/uploads\/sites\/15\/2019\/04\/Cockpit-compet.png","contentUrl":"https:\/\/www.fly-air3.com\/wp-content\/uploads\/sites\/15\/2019\/04\/Cockpit-compet.png","width":1086,"height":822,"caption":"AIR3: All in one android rugged flight instrument"},{"@type":"BreadcrumbList","@id":"https:\/\/www.fly-air3.com\/products\/air3-71-specs\/#breadcrumb","itemListElement":[{"@type":"ListItem","position":1,"name":"Home","item":"https:\/\/www.fly-air3.com\/"},{"@type":"ListItem","position":2,"name":"Products","item":"https:\/\/www.fly-air3.com\/products\/"},{"@type":"ListItem","position":3,"name":"AIR\u00b3 7.1 Specifications"}]},{"@type":"WebSite","@id":"https:\/\/www.fly-air3.com\/en\/#website","url":"https:\/\/www.fly-air3.com\/en\/","name":"AIR\u00b3","description":"All in one Rugged 7&quot; Android New generation paragliding flight instrument. Vario GPS Livetracking","publisher":{"@id":"https:\/\/www.fly-air3.com\/en\/#organization"},"potentialAction":[{"@type":"SearchAction","target":{"@type":"EntryPoint","urlTemplate":"https:\/\/www.fly-air3.com\/en\/?s={search_term_string}"},"query-input":{"@type":"PropertyValueSpecification","valueRequired":true,"valueName":"search_term_string"}}],"inLanguage":"fr-FR"},{"@type":"Organization","@id":"https:\/\/www.fly-air3.com\/en\/#organization","name":"Berfon SPRL","url":"https:\/\/www.fly-air3.com\/en\/","logo":{"@type":"ImageObject","inLanguage":"fr-FR","@id":"https:\/\/www.fly-air3.com\/en\/#\/schema\/logo\/image\/","url":"http:\/\/www.fly-air3.com\/wp-content\/uploads\/sites\/15\/2019\/04\/AIR\u00b3-CARRE_Logo.png","contentUrl":"http:\/\/www.fly-air3.com\/wp-content\/uploads\/sites\/15\/2019\/04\/AIR\u00b3-CARRE_Logo.png","width":600,"height":600,"caption":"Berfon SPRL"},"image":{"@id":"https:\/\/www.fly-air3.com\/en\/#\/schema\/logo\/image\/"},"sameAs":["https:\/\/www.facebook.com\/FLYAIRCUBE\/"]}]}},"_links":{"self":[{"href":"https:\/\/www.fly-air3.com\/fr\/wp-json\/wp\/v2\/pages\/21","targetHints":{"allow":["GET"]}}],"collection":[{"href":"https:\/\/www.fly-air3.com\/fr\/wp-json\/wp\/v2\/pages"}],"about":[{"href":"https:\/\/www.fly-air3.com\/fr\/wp-json\/wp\/v2\/types\/page"}],"author":[{"embeddable":true,"href":"https:\/\/www.fly-air3.com\/fr\/wp-json\/wp\/v2\/users\/1"}],"replies":[{"embeddable":true,"href":"https:\/\/www.fly-air3.com\/fr\/wp-json\/wp\/v2\/comments?post=21"}],"version-history":[{"count":35,"href":"https:\/\/www.fly-air3.com\/fr\/wp-json\/wp\/v2\/pages\/21\/revisions"}],"predecessor-version":[{"id":4984,"href":"https:\/\/www.fly-air3.com\/fr\/wp-json\/wp\/v2\/pages\/21\/revisions\/4984"}],"up":[{"embeddable":true,"href":"https:\/\/www.fly-air3.com\/fr\/wp-json\/wp\/v2\/pages\/3286"}],"wp:featuredmedia":[{"embeddable":true,"href":"https:\/\/www.fly-air3.com\/fr\/wp-json\/wp\/v2\/media\/13"}],"wp:attachment":[{"href":"https:\/\/www.fly-air3.com\/fr\/wp-json\/wp\/v2\/media?parent=21"}],"curies":[{"name":"wp","href":"https:\/\/api.w.org\/{rel}","templated":true}]}}