{"id":2623,"date":"2019-12-12T22:51:44","date_gmt":"2019-12-12T20:51:44","guid":{"rendered":"http:\/\/www.fly-air3.com\/?page_id=2623"},"modified":"2021-03-21T14:09:07","modified_gmt":"2021-03-21T12:09:07","slug":"paramotor-base","status":"publish","type":"page","link":"https:\/\/www.fly-air3.com\/fr\/products\/accessories\/paramotor-base\/","title":{"rendered":"Base Paramoteur Air\u00b3"},"content":{"rendered":"<div id=\"pl-gb2623-69e4f92f49401\"  class=\"panel-layout\" ><div id=\"pg-gb2623-69e4f92f49401-0\"  class=\"panel-grid panel-has-style\" ><div class=\"siteorigin-panels-stretch panel-row-style panel-row-style-for-gb2623-69e4f92f49401-0\" data-stretch-type=\"full\" ><div id=\"pgc-gb2623-69e4f92f49401-0-0\"  class=\"panel-grid-cell panel-grid-cell-empty\" ><\/div><div id=\"pgc-gb2623-69e4f92f49401-0-1\"  class=\"panel-grid-cell\" ><div id=\"panel-gb2623-69e4f92f49401-0-1-0\" class=\"so-panel widget widget_sow-headline panel-first-child panel-last-child\" data-index=\"0\" ><div\n\t\t\t\n\t\t\tclass=\"so-widget-sow-headline so-widget-sow-headline-default-90b7285b72ab-2623\"\n\t\t\t\n\t\t><div class=\"sow-headline-container\">\n\t\t\t\t\t\t\t<h1 class=\"sow-headline\">\n\t\t\t\t\t\tPour les paramoteurs trikes\t\t\t\t\t\t<\/h1>\n\t\t\t\t\t\t\t\t\t\t\t\t<h3 class=\"sow-sub-headline\">\n\t\t\t\t\t\tPince crabe, bras articul\u00e9 \u00e0 double t\u00eate et plaque de fixation\t\t\t\t\t\t<\/h3>\n\t\t\t\t\t\t<\/div>\n<\/div><\/div><\/div><\/div><\/div><\/div>\n\n\n\n\n\n<div id=\"pl-gb2623-69e4f92f4b55d\"  class=\"panel-layout\" ><div id=\"pg-gb2623-69e4f92f4b55d-0\"  class=\"panel-grid panel-no-style\" ><div id=\"pgc-gb2623-69e4f92f4b55d-0-0\"  class=\"panel-grid-cell\" ><div id=\"panel-gb2623-69e4f92f4b55d-0-0-0\" class=\"so-panel widget widget_sow-editor panel-first-child panel-last-child\" data-index=\"0\" ><div\n\t\t\t\n\t\t\tclass=\"so-widget-sow-editor so-widget-sow-editor-base\"\n\t\t\t\n\t\t>\n<div class=\"siteorigin-widget-tinymce textwidget\">\n\t<hr \/>\n<p>&nbsp;<\/p>\n<\/div>\n<\/div><\/div><\/div><\/div><div id=\"pg-gb2623-69e4f92f4b55d-1\"  class=\"panel-grid panel-no-style\" ><div id=\"pgc-gb2623-69e4f92f4b55d-1-0\"  class=\"panel-grid-cell\" ><div id=\"panel-gb2623-69e4f92f4b55d-1-0-0\" class=\"so-panel widget widget_sow-editor panel-first-child panel-last-child\" data-index=\"1\" ><div\n\t\t\t\n\t\t\tclass=\"so-widget-sow-editor so-widget-sow-editor-base\"\n\t\t\t\n\t\t>\n<div class=\"siteorigin-widget-tinymce textwidget\">\n\t<p>La Base Paramoteur a \u00e9t\u00e9 con\u00e7ue pour fixer l'AIR\u00b3 sur les trikes (tricycles). Il se compose d'une pince crabe, d'un bras articul\u00e9 \u00e0 2 centres de rotation pouvant \u00eatre resserr\u00e9 et d'une plaque de fixation sur laquelle l'Air\u00b3 est fermement viss\u00e9.<\/p>\n<\/div>\n<\/div><\/div><\/div><div id=\"pgc-gb2623-69e4f92f4b55d-1-1\"  class=\"panel-grid-cell panel-grid-cell-empty\" ><\/div><div id=\"pgc-gb2623-69e4f92f4b55d-1-2\"  class=\"panel-grid-cell panel-grid-cell-mobile-last\" ><div id=\"panel-gb2623-69e4f92f4b55d-1-2-0\" class=\"so-panel widget widget_sow-image panel-first-child panel-last-child\" data-index=\"2\" ><div\n\t\t\t\n\t\t\tclass=\"so-widget-sow-image so-widget-sow-image-default-8b5b6f678277-2623\"\n\t\t\t\n\t\t>\n<div class=\"sow-image-container\">\n\t\t<img \n\tsrc=\"https:\/\/www.fly-air3.com\/wp-content\/uploads\/sites\/15\/2020\/01\/Paramotor-base-parts.png\" width=\"800\" height=\"600\" srcset=\"https:\/\/www.fly-air3.com\/wp-content\/uploads\/sites\/15\/2020\/01\/Paramotor-base-parts.png 800w, https:\/\/www.fly-air3.com\/wp-content\/uploads\/sites\/15\/2020\/01\/Paramotor-base-parts-300x225.png 300w, https:\/\/www.fly-air3.com\/wp-content\/uploads\/sites\/15\/2020\/01\/Paramotor-base-parts-768x576.png 768w, https:\/\/www.fly-air3.com\/wp-content\/uploads\/sites\/15\/2020\/01\/Paramotor-base-parts-285x214.png 285w\" sizes=\"(max-width: 800px) 100vw, 800px\" title=\"Paramotor base parts\" alt=\"paramotor base parts\" \t\tclass=\"so-widget-image\"\/>\n\t<\/div>\n\n<\/div><\/div><\/div><div id=\"pgc-gb2623-69e4f92f4b55d-1-3\"  class=\"panel-grid-cell panel-grid-cell-empty\" ><\/div><\/div><div id=\"pg-gb2623-69e4f92f4b55d-2\"  class=\"panel-grid panel-no-style\" ><div id=\"pgc-gb2623-69e4f92f4b55d-2-0\"  class=\"panel-grid-cell\" ><div id=\"panel-gb2623-69e4f92f4b55d-2-0-0\" class=\"so-panel widget widget_sow-editor panel-first-child panel-last-child\" data-index=\"3\" ><div\n\t\t\t\n\t\t\tclass=\"so-widget-sow-editor so-widget-sow-editor-base\"\n\t\t\t\n\t\t>\n<div class=\"siteorigin-widget-tinymce textwidget\">\n\t<hr \/>\n<p>&nbsp;<\/p>\n<\/div>\n<\/div><\/div><\/div><\/div><div id=\"pg-gb2623-69e4f92f4b55d-3\"  class=\"panel-grid panel-no-style\" ><div id=\"pgc-gb2623-69e4f92f4b55d-3-0\"  class=\"panel-grid-cell\" ><div id=\"panel-gb2623-69e4f92f4b55d-3-0-0\" class=\"so-panel widget widget_sow-editor panel-first-child panel-last-child\" data-index=\"4\" ><div\n\t\t\t\n\t\t\tclass=\"so-widget-sow-editor so-widget-sow-editor-base\"\n\t\t\t\n\t\t>\n<div class=\"siteorigin-widget-tinymce textwidget\">\n\t<p>Le vent est trop fort, vous ne pouvez pas voler mais heureusement, vous avez apport\u00e9 votre v\u00e9lo\u2026 Pr\u00eat pour un petit trip \u00e0 v\u00e9lo? Fixez l'AIR\u00b3 sur le guidon et suivez les instructions donn\u00e9es par Google map\u2026<\/p>\n<\/div>\n<\/div><\/div><\/div><div id=\"pgc-gb2623-69e4f92f4b55d-3-1\"  class=\"panel-grid-cell panel-grid-cell-empty\" ><\/div><div id=\"pgc-gb2623-69e4f92f4b55d-3-2\"  class=\"panel-grid-cell panel-grid-cell-mobile-last\" ><div id=\"panel-gb2623-69e4f92f4b55d-3-2-0\" class=\"so-panel widget widget_sow-image panel-first-child panel-last-child\" data-index=\"5\" ><div\n\t\t\t\n\t\t\tclass=\"so-widget-sow-image so-widget-sow-image-default-8b5b6f678277-2623\"\n\t\t\t\n\t\t>\n<div class=\"sow-image-container\">\n\t\t<img \n\tsrc=\"https:\/\/www.fly-air3.com\/wp-content\/uploads\/sites\/15\/2019\/11\/Bike-use.png\" width=\"800\" height=\"600\" srcset=\"https:\/\/www.fly-air3.com\/wp-content\/uploads\/sites\/15\/2019\/11\/Bike-use.png 800w, https:\/\/www.fly-air3.com\/wp-content\/uploads\/sites\/15\/2019\/11\/Bike-use-300x225.png 300w, https:\/\/www.fly-air3.com\/wp-content\/uploads\/sites\/15\/2019\/11\/Bike-use-768x576.png 768w, https:\/\/www.fly-air3.com\/wp-content\/uploads\/sites\/15\/2019\/11\/Bike-use-285x214.png 285w\" sizes=\"(max-width: 800px) 100vw, 800px\" title=\"Bike use\" alt=\"\" \t\tclass=\"so-widget-image\"\/>\n\t<\/div>\n\n<\/div><\/div><\/div><div id=\"pgc-gb2623-69e4f92f4b55d-3-3\"  class=\"panel-grid-cell panel-grid-cell-empty\" ><\/div><\/div><div id=\"pg-gb2623-69e4f92f4b55d-4\"  class=\"panel-grid panel-no-style\" ><div id=\"pgc-gb2623-69e4f92f4b55d-4-0\"  class=\"panel-grid-cell\" ><div id=\"panel-gb2623-69e4f92f4b55d-4-0-0\" class=\"so-panel widget widget_sow-editor panel-first-child panel-last-child\" data-index=\"6\" ><div\n\t\t\t\n\t\t\tclass=\"so-widget-sow-editor so-widget-sow-editor-base\"\n\t\t\t\n\t\t>\n<div class=\"siteorigin-widget-tinymce textwidget\">\n\t<hr \/>\n<p>&nbsp;<\/p>\n<\/div>\n<\/div><\/div><\/div><\/div><div id=\"pg-gb2623-69e4f92f4b55d-5\"  class=\"panel-grid panel-no-style\" ><div id=\"pgc-gb2623-69e4f92f4b55d-5-0\"  class=\"panel-grid-cell\" ><div id=\"panel-gb2623-69e4f92f4b55d-5-0-0\" class=\"so-panel widget widget_sow-editor panel-first-child panel-last-child\" data-index=\"7\" ><div\n\t\t\t\n\t\t\tclass=\"so-widget-sow-editor so-widget-sow-editor-base\"\n\t\t\t\n\t\t>\n<div class=\"siteorigin-widget-tinymce textwidget\">\n\t<p>Le voyage pour le d\u00e9co est long et les enfants \u00e0 l'arri\u00e8re perdent patience? Fixez-le \u00e0 l'appui-t\u00eate du si\u00e8ge avant avec la pince crabe et laissez vos enfants regarder leur film pr\u00e9f\u00e9r\u00e9.<\/p>\n<\/div>\n<\/div><\/div><\/div><div id=\"pgc-gb2623-69e4f92f4b55d-5-1\"  class=\"panel-grid-cell panel-grid-cell-empty\" ><\/div><div id=\"pgc-gb2623-69e4f92f4b55d-5-2\"  class=\"panel-grid-cell panel-grid-cell-mobile-last\" ><div id=\"panel-gb2623-69e4f92f4b55d-5-2-0\" class=\"so-panel widget widget_sow-image panel-first-child panel-last-child\" data-index=\"8\" ><div\n\t\t\t\n\t\t\tclass=\"so-widget-sow-image so-widget-sow-image-default-8b5b6f678277-2623\"\n\t\t\t\n\t\t>\n<div class=\"sow-image-container\">\n\t\t<img \n\tsrc=\"https:\/\/www.fly-air3.com\/wp-content\/uploads\/sites\/15\/2019\/11\/Car-use.png\" width=\"800\" height=\"600\" srcset=\"https:\/\/www.fly-air3.com\/wp-content\/uploads\/sites\/15\/2019\/11\/Car-use.png 800w, https:\/\/www.fly-air3.com\/wp-content\/uploads\/sites\/15\/2019\/11\/Car-use-300x225.png 300w, https:\/\/www.fly-air3.com\/wp-content\/uploads\/sites\/15\/2019\/11\/Car-use-768x576.png 768w, https:\/\/www.fly-air3.com\/wp-content\/uploads\/sites\/15\/2019\/11\/Car-use-285x214.png 285w\" sizes=\"(max-width: 800px) 100vw, 800px\" title=\"Car use\" alt=\"\" \t\tclass=\"so-widget-image\"\/>\n\t<\/div>\n\n<\/div><\/div><\/div><div id=\"pgc-gb2623-69e4f92f4b55d-5-3\"  class=\"panel-grid-cell panel-grid-cell-empty\" ><\/div><\/div><div id=\"pg-gb2623-69e4f92f4b55d-6\"  class=\"panel-grid panel-no-style\" ><div id=\"pgc-gb2623-69e4f92f4b55d-6-0\"  class=\"panel-grid-cell\" ><div id=\"panel-gb2623-69e4f92f4b55d-6-0-0\" class=\"so-panel widget widget_sow-editor panel-first-child panel-last-child\" data-index=\"9\" ><div\n\t\t\t\n\t\t\tclass=\"so-widget-sow-editor so-widget-sow-editor-base\"\n\t\t\t\n\t\t>\n<div class=\"siteorigin-widget-tinymce textwidget\">\n\t<hr \/>\n<p>&nbsp;<\/p>\n<\/div>\n<\/div><\/div><\/div><\/div><div id=\"pg-gb2623-69e4f92f4b55d-7\"  class=\"panel-grid panel-no-style\" ><div id=\"pgc-gb2623-69e4f92f4b55d-7-0\"  class=\"panel-grid-cell\" ><div id=\"panel-gb2623-69e4f92f4b55d-7-0-0\" class=\"so-panel widget widget_sow-editor panel-first-child panel-last-child\" data-index=\"10\" ><div\n\t\t\t\n\t\t\tclass=\"so-widget-sow-editor so-widget-sow-editor-base\"\n\t\t\t\n\t\t>\n<div class=\"siteorigin-widget-tinymce textwidget\">\n\t<p>L'utilisation de la plaque d'assise en option au lieu de la pince crabe transforme la Base Paramoteur en Base M\u00e9tal. Cela vous donne la possibilit\u00e9 d'utiliser l'AIR\u00b3 dans de nombreuses autres situations.<\/p>\n<h3><a href=\"http:\/\/shop.fly-air3.com\/shop\/product\/base-plate-option-81?category=19\" target=\"_blank\" rel=\"noopener\">Visitez le shop<\/a><\/h3>\n<\/div>\n<\/div><\/div><\/div><div id=\"pgc-gb2623-69e4f92f4b55d-7-1\"  class=\"panel-grid-cell panel-grid-cell-empty\" ><\/div><div id=\"pgc-gb2623-69e4f92f4b55d-7-2\"  class=\"panel-grid-cell panel-grid-cell-mobile-last\" ><div id=\"panel-gb2623-69e4f92f4b55d-7-2-0\" class=\"so-panel widget widget_sow-image panel-first-child panel-last-child\" data-index=\"11\" ><div\n\t\t\t\n\t\t\tclass=\"so-widget-sow-image so-widget-sow-image-default-8b5b6f678277-2623\"\n\t\t\t\n\t\t>\n<div class=\"sow-image-container\">\n\t\t<img \n\tsrc=\"https:\/\/www.fly-air3.com\/wp-content\/uploads\/sites\/15\/2019\/12\/Base-plate-scaled.png\" width=\"2560\" height=\"1647\" srcset=\"https:\/\/www.fly-air3.com\/wp-content\/uploads\/sites\/15\/2019\/12\/Base-plate-scaled.png 2560w, https:\/\/www.fly-air3.com\/wp-content\/uploads\/sites\/15\/2019\/12\/Base-plate-300x193.png 300w, https:\/\/www.fly-air3.com\/wp-content\/uploads\/sites\/15\/2019\/12\/Base-plate-1024x659.png 1024w, https:\/\/www.fly-air3.com\/wp-content\/uploads\/sites\/15\/2019\/12\/Base-plate-768x494.png 768w, https:\/\/www.fly-air3.com\/wp-content\/uploads\/sites\/15\/2019\/12\/Base-plate-1536x988.png 1536w, https:\/\/www.fly-air3.com\/wp-content\/uploads\/sites\/15\/2019\/12\/Base-plate-2048x1318.png 2048w\" sizes=\"(max-width: 2560px) 100vw, 2560px\" title=\"Base plate\" alt=\"\" \t\tclass=\"so-widget-image\"\/>\n\t<\/div>\n\n<\/div><\/div><\/div><div id=\"pgc-gb2623-69e4f92f4b55d-7-3\"  class=\"panel-grid-cell panel-grid-cell-empty\" ><\/div><\/div><div id=\"pg-gb2623-69e4f92f4b55d-8\"  class=\"panel-grid panel-no-style\" ><div id=\"pgc-gb2623-69e4f92f4b55d-8-0\"  class=\"panel-grid-cell\" ><div id=\"panel-gb2623-69e4f92f4b55d-8-0-0\" class=\"so-panel widget widget_sow-editor panel-first-child panel-last-child\" data-index=\"12\" ><div\n\t\t\t\n\t\t\tclass=\"so-widget-sow-editor so-widget-sow-editor-base\"\n\t\t\t\n\t\t>\n<div class=\"siteorigin-widget-tinymce textwidget\">\n\t<hr \/>\n<p>&nbsp;<\/p>\n<\/div>\n<\/div><\/div><\/div><\/div><div id=\"pg-gb2623-69e4f92f4b55d-9\"  class=\"panel-grid panel-no-style\" ><div id=\"pgc-gb2623-69e4f92f4b55d-9-0\"  class=\"panel-grid-cell\" ><div id=\"panel-gb2623-69e4f92f4b55d-9-0-0\" class=\"so-panel widget widget_sow-editor panel-first-child panel-last-child\" data-index=\"13\" ><div\n\t\t\t\n\t\t\tclass=\"so-widget-sow-editor so-widget-sow-editor-base\"\n\t\t\t\n\t\t>\n<div class=\"siteorigin-widget-tinymce textwidget\">\n\t<p>Vous pouvez en fait l'utiliser sur un cockpit horizontal pour incliner l'AIR\u00b3 et l'avoir juste devant vos yeux comme la Base ABS. Avec la Base Air\u00b3 ABS, vous devez d\u00e9cider si vous souhaitez incliner l'\u00e9cran de 33 \u00b0 ou 43 \u00b0. Contrairement \u00e0 la Base ABS, vous pouvez incliner l'\u00e9cran \u00e0 l'angle que vous pr\u00e9f\u00e9rez. Cependant, la base ABS a \u00e9t\u00e9 con\u00e7ue pour installer facilement l'Air\u00b3 d'une seule main, m\u00eame en vol. Avec la Base M\u00e9tal, vous aurez besoin de deux mains pour r\u00e9gler l'angle.<\/p>\n<\/div>\n<\/div><\/div><\/div><div id=\"pgc-gb2623-69e4f92f4b55d-9-1\"  class=\"panel-grid-cell panel-grid-cell-empty\" ><\/div><div id=\"pgc-gb2623-69e4f92f4b55d-9-2\"  class=\"panel-grid-cell panel-grid-cell-mobile-last\" ><div id=\"panel-gb2623-69e4f92f4b55d-9-2-0\" class=\"so-panel widget widget_sow-image panel-first-child panel-last-child\" data-index=\"14\" ><div\n\t\t\t\n\t\t\tclass=\"so-widget-sow-image so-widget-sow-image-default-8b5b6f678277-2623\"\n\t\t\t\n\t\t>\n<div class=\"sow-image-container\">\n\t\t<img \n\tsrc=\"https:\/\/www.fly-air3.com\/wp-content\/uploads\/sites\/15\/2020\/01\/Metal-base-72-3-800-600.png\" width=\"800\" height=\"600\" srcset=\"https:\/\/www.fly-air3.com\/wp-content\/uploads\/sites\/15\/2020\/01\/Metal-base-72-3-800-600.png 800w, https:\/\/www.fly-air3.com\/wp-content\/uploads\/sites\/15\/2020\/01\/Metal-base-72-3-800-600-300x225.png 300w, https:\/\/www.fly-air3.com\/wp-content\/uploads\/sites\/15\/2020\/01\/Metal-base-72-3-800-600-768x576.png 768w, https:\/\/www.fly-air3.com\/wp-content\/uploads\/sites\/15\/2020\/01\/Metal-base-72-3-800-600-285x214.png 285w\" sizes=\"(max-width: 800px) 100vw, 800px\" alt=\"Metal Base 72 -Back\" \t\tclass=\"so-widget-image\"\/>\n\t<\/div>\n\n<\/div><\/div><\/div><div id=\"pgc-gb2623-69e4f92f4b55d-9-3\"  class=\"panel-grid-cell panel-grid-cell-empty\" ><\/div><\/div><\/div>\n\n\n<h2 class=\"wp-block-heading\"><a href=\"http:\/\/shop.fly-air3.com\/shop\/product\/paramotor-base-80?category=19\" target=\"_blank\" rel=\"noreferrer noopener\" aria-label=\"Visit the shop (opens in a new tab)\">Visitez le shop<\/a><\/h2>","protected":false},"excerpt":{"rendered":"<p>Visitez le shop<\/p>","protected":false},"author":1,"featured_media":0,"parent":4988,"menu_order":0,"comment_status":"closed","ping_status":"closed","template":"template-fullwidth.php","meta":{"footnotes":""},"class_list":["post-2623","page","type-page","status-publish","hentry"],"yoast_head":"<!-- This site is optimized with the Yoast SEO plugin v27.4 - https:\/\/yoast.com\/product\/yoast-seo-wordpress\/ -->\n<title>Paramotor Base for AIR\u00b3 - AIR\u00b3<\/title>\n<meta name=\"description\" content=\"New Metal Base to fix AIR\u00b3 easily on paramotors, for paragliding and much more. Extend the ways to take advantage of AIR\u00b3.\" \/>\n<meta name=\"robots\" content=\"index, follow, max-snippet:-1, max-image-preview:large, max-video-preview:-1\" \/>\n<link rel=\"canonical\" href=\"https:\/\/www.fly-air3.com\/fr\/products\/accessories\/paramotor-base\/\" \/>\n<meta property=\"og:locale\" content=\"fr_FR\" \/>\n<meta property=\"og:type\" content=\"article\" \/>\n<meta property=\"og:title\" content=\"Paramotor Base for AIR\u00b3 - AIR\u00b3\" \/>\n<meta property=\"og:description\" content=\"New Metal Base to fix AIR\u00b3 easily on paramotors, for paragliding and much more. Extend the ways to take advantage of AIR\u00b3.\" \/>\n<meta property=\"og:url\" content=\"https:\/\/www.fly-air3.com\/fr\/products\/accessories\/paramotor-base\/\" \/>\n<meta property=\"og:site_name\" content=\"AIR\u00b3\" \/>\n<meta property=\"article:publisher\" content=\"https:\/\/www.facebook.com\/FLYAIRCUBE\/\" \/>\n<meta property=\"article:modified_time\" content=\"2021-03-21T12:09:07+00:00\" \/>\n<meta name=\"twitter:card\" content=\"summary_large_image\" \/>\n<meta name=\"twitter:label1\" content=\"Dur\u00e9e de lecture estim\u00e9e\" \/>\n\t<meta name=\"twitter:data1\" content=\"1 minute\" \/>\n<script type=\"application\/ld+json\" class=\"yoast-schema-graph\">{\"@context\":\"https:\\\/\\\/schema.org\",\"@graph\":[{\"@type\":\"WebPage\",\"@id\":\"https:\\\/\\\/www.fly-air3.com\\\/products\\\/accessories\\\/paramotor-base\\\/\",\"url\":\"https:\\\/\\\/www.fly-air3.com\\\/products\\\/accessories\\\/paramotor-base\\\/\",\"name\":\"Paramotor Base for AIR\u00b3 - AIR\u00b3\",\"isPartOf\":{\"@id\":\"https:\\\/\\\/www.fly-air3.com\\\/en\\\/#website\"},\"datePublished\":\"2019-12-12T20:51:44+00:00\",\"dateModified\":\"2021-03-21T12:09:07+00:00\",\"description\":\"New Metal Base to fix AIR\u00b3 easily on paramotors, for paragliding and much more. Extend the ways to take advantage of AIR\u00b3.\",\"breadcrumb\":{\"@id\":\"https:\\\/\\\/www.fly-air3.com\\\/products\\\/accessories\\\/paramotor-base\\\/#breadcrumb\"},\"inLanguage\":\"fr-FR\",\"potentialAction\":[{\"@type\":\"ReadAction\",\"target\":[\"https:\\\/\\\/www.fly-air3.com\\\/products\\\/accessories\\\/paramotor-base\\\/\"]}]},{\"@type\":\"BreadcrumbList\",\"@id\":\"https:\\\/\\\/www.fly-air3.com\\\/products\\\/accessories\\\/paramotor-base\\\/#breadcrumb\",\"itemListElement\":[{\"@type\":\"ListItem\",\"position\":1,\"name\":\"Home\",\"item\":\"https:\\\/\\\/www.fly-air3.com\\\/\"},{\"@type\":\"ListItem\",\"position\":2,\"name\":\"Products\",\"item\":\"https:\\\/\\\/www.fly-air3.com\\\/products\\\/\"},{\"@type\":\"ListItem\",\"position\":3,\"name\":\"Accessories\",\"item\":\"https:\\\/\\\/www.fly-air3.com\\\/products\\\/accessories\\\/\"},{\"@type\":\"ListItem\",\"position\":4,\"name\":\"Paramotor Base for AIR\u00b3\"}]},{\"@type\":\"WebSite\",\"@id\":\"https:\\\/\\\/www.fly-air3.com\\\/en\\\/#website\",\"url\":\"https:\\\/\\\/www.fly-air3.com\\\/en\\\/\",\"name\":\"AIR\u00b3\",\"description\":\"All in one Rugged 7&quot; Android New generation paragliding flight instrument. Vario GPS Livetracking\",\"publisher\":{\"@id\":\"https:\\\/\\\/www.fly-air3.com\\\/en\\\/#organization\"},\"potentialAction\":[{\"@type\":\"SearchAction\",\"target\":{\"@type\":\"EntryPoint\",\"urlTemplate\":\"https:\\\/\\\/www.fly-air3.com\\\/en\\\/?s={search_term_string}\"},\"query-input\":{\"@type\":\"PropertyValueSpecification\",\"valueRequired\":true,\"valueName\":\"search_term_string\"}}],\"inLanguage\":\"fr-FR\"},{\"@type\":\"Organization\",\"@id\":\"https:\\\/\\\/www.fly-air3.com\\\/en\\\/#organization\",\"name\":\"Berfon SPRL\",\"url\":\"https:\\\/\\\/www.fly-air3.com\\\/en\\\/\",\"logo\":{\"@type\":\"ImageObject\",\"inLanguage\":\"fr-FR\",\"@id\":\"https:\\\/\\\/www.fly-air3.com\\\/en\\\/#\\\/schema\\\/logo\\\/image\\\/\",\"url\":\"http:\\\/\\\/www.fly-air3.com\\\/wp-content\\\/uploads\\\/sites\\\/15\\\/2019\\\/04\\\/AIR\u00b3-CARRE_Logo.png\",\"contentUrl\":\"http:\\\/\\\/www.fly-air3.com\\\/wp-content\\\/uploads\\\/sites\\\/15\\\/2019\\\/04\\\/AIR\u00b3-CARRE_Logo.png\",\"width\":600,\"height\":600,\"caption\":\"Berfon SPRL\"},\"image\":{\"@id\":\"https:\\\/\\\/www.fly-air3.com\\\/en\\\/#\\\/schema\\\/logo\\\/image\\\/\"},\"sameAs\":[\"https:\\\/\\\/www.facebook.com\\\/FLYAIRCUBE\\\/\"]}]}<\/script>\n<!-- \/ Yoast SEO plugin. -->","yoast_head_json":{"title":"Paramotor Base for AIR\u00b3 - AIR\u00b3","description":"New Metal Base to fix AIR\u00b3 easily on paramotors, for paragliding and much more. Extend the ways to take advantage of AIR\u00b3.","robots":{"index":"index","follow":"follow","max-snippet":"max-snippet:-1","max-image-preview":"max-image-preview:large","max-video-preview":"max-video-preview:-1"},"canonical":"https:\/\/www.fly-air3.com\/fr\/products\/accessories\/paramotor-base\/","og_locale":"fr_FR","og_type":"article","og_title":"Paramotor Base for AIR\u00b3 - AIR\u00b3","og_description":"New Metal Base to fix AIR\u00b3 easily on paramotors, for paragliding and much more. Extend the ways to take advantage of AIR\u00b3.","og_url":"https:\/\/www.fly-air3.com\/fr\/products\/accessories\/paramotor-base\/","og_site_name":"AIR\u00b3","article_publisher":"https:\/\/www.facebook.com\/FLYAIRCUBE\/","article_modified_time":"2021-03-21T12:09:07+00:00","twitter_card":"summary_large_image","twitter_misc":{"Dur\u00e9e de lecture estim\u00e9e":"1 minute"},"schema":{"@context":"https:\/\/schema.org","@graph":[{"@type":"WebPage","@id":"https:\/\/www.fly-air3.com\/products\/accessories\/paramotor-base\/","url":"https:\/\/www.fly-air3.com\/products\/accessories\/paramotor-base\/","name":"Paramotor Base for AIR\u00b3 - AIR\u00b3","isPartOf":{"@id":"https:\/\/www.fly-air3.com\/en\/#website"},"datePublished":"2019-12-12T20:51:44+00:00","dateModified":"2021-03-21T12:09:07+00:00","description":"New Metal Base to fix AIR\u00b3 easily on paramotors, for paragliding and much more. Extend the ways to take advantage of AIR\u00b3.","breadcrumb":{"@id":"https:\/\/www.fly-air3.com\/products\/accessories\/paramotor-base\/#breadcrumb"},"inLanguage":"fr-FR","potentialAction":[{"@type":"ReadAction","target":["https:\/\/www.fly-air3.com\/products\/accessories\/paramotor-base\/"]}]},{"@type":"BreadcrumbList","@id":"https:\/\/www.fly-air3.com\/products\/accessories\/paramotor-base\/#breadcrumb","itemListElement":[{"@type":"ListItem","position":1,"name":"Home","item":"https:\/\/www.fly-air3.com\/"},{"@type":"ListItem","position":2,"name":"Products","item":"https:\/\/www.fly-air3.com\/products\/"},{"@type":"ListItem","position":3,"name":"Accessories","item":"https:\/\/www.fly-air3.com\/products\/accessories\/"},{"@type":"ListItem","position":4,"name":"Paramotor Base for AIR\u00b3"}]},{"@type":"WebSite","@id":"https:\/\/www.fly-air3.com\/en\/#website","url":"https:\/\/www.fly-air3.com\/en\/","name":"AIR\u00b3","description":"All in one Rugged 7&quot; Android New generation paragliding flight instrument. Vario GPS Livetracking","publisher":{"@id":"https:\/\/www.fly-air3.com\/en\/#organization"},"potentialAction":[{"@type":"SearchAction","target":{"@type":"EntryPoint","urlTemplate":"https:\/\/www.fly-air3.com\/en\/?s={search_term_string}"},"query-input":{"@type":"PropertyValueSpecification","valueRequired":true,"valueName":"search_term_string"}}],"inLanguage":"fr-FR"},{"@type":"Organization","@id":"https:\/\/www.fly-air3.com\/en\/#organization","name":"Berfon SPRL","url":"https:\/\/www.fly-air3.com\/en\/","logo":{"@type":"ImageObject","inLanguage":"fr-FR","@id":"https:\/\/www.fly-air3.com\/en\/#\/schema\/logo\/image\/","url":"http:\/\/www.fly-air3.com\/wp-content\/uploads\/sites\/15\/2019\/04\/AIR\u00b3-CARRE_Logo.png","contentUrl":"http:\/\/www.fly-air3.com\/wp-content\/uploads\/sites\/15\/2019\/04\/AIR\u00b3-CARRE_Logo.png","width":600,"height":600,"caption":"Berfon SPRL"},"image":{"@id":"https:\/\/www.fly-air3.com\/en\/#\/schema\/logo\/image\/"},"sameAs":["https:\/\/www.facebook.com\/FLYAIRCUBE\/"]}]}},"_links":{"self":[{"href":"https:\/\/www.fly-air3.com\/fr\/wp-json\/wp\/v2\/pages\/2623","targetHints":{"allow":["GET"]}}],"collection":[{"href":"https:\/\/www.fly-air3.com\/fr\/wp-json\/wp\/v2\/pages"}],"about":[{"href":"https:\/\/www.fly-air3.com\/fr\/wp-json\/wp\/v2\/types\/page"}],"author":[{"embeddable":true,"href":"https:\/\/www.fly-air3.com\/fr\/wp-json\/wp\/v2\/users\/1"}],"replies":[{"embeddable":true,"href":"https:\/\/www.fly-air3.com\/fr\/wp-json\/wp\/v2\/comments?post=2623"}],"version-history":[{"count":10,"href":"https:\/\/www.fly-air3.com\/fr\/wp-json\/wp\/v2\/pages\/2623\/revisions"}],"predecessor-version":[{"id":3054,"href":"https:\/\/www.fly-air3.com\/fr\/wp-json\/wp\/v2\/pages\/2623\/revisions\/3054"}],"up":[{"embeddable":true,"href":"https:\/\/www.fly-air3.com\/fr\/wp-json\/wp\/v2\/pages\/4988"}],"wp:attachment":[{"href":"https:\/\/www.fly-air3.com\/fr\/wp-json\/wp\/v2\/media?parent=2623"}],"curies":[{"name":"wp","href":"https:\/\/api.w.org\/{rel}","templated":true}]}}