{"id":2869,"date":"2019-12-17T19:50:19","date_gmt":"2019-12-17T17:50:19","guid":{"rendered":"http:\/\/www.fly-air3.com\/?page_id=2869"},"modified":"2020-04-06T19:23:56","modified_gmt":"2020-04-06T17:23:56","slug":"base-videos-smart-multi-base","status":"publish","type":"page","link":"https:\/\/www.fly-air3.com\/fr\/support\/videos\/base-videos\/base-videos-smart-multi-base\/","title":{"rendered":"Base vid\u00e9os - Smart Multi-Base"},"content":{"rendered":"<p class=\"wp-block-themeisle-blocks-font-awesome-icons\" id=\"wp-block-themeisle-blocks-font-awesome-icons-9f9a7e46\" style=\"text-align:right\"><span class=\"wp-block-themeisle-blocks-font-awesome-icons-container\" style=\"border-radius:0%;border-style:solid;border-width:0px;display:inline-block;margin:5px\"><a href=\"http:\/\/www.fly-air3.com\/fr\/videos\/\" target=\"_self\" style=\"color:#fcb900\" rel=\"noopener noreferrer\"><i class=\"far fa-arrow-alt-circle-up\" style=\"border-radius:0%;font-size:40px;padding:5px\"><\/i><\/a><\/span><\/p>\n\n\n\n<h3 class=\"wp-block-heading\">Bras articul\u00e9 \u00e0 double t\u00eate: montage et d\u00e9montage<\/h3>\n\n\n\n<div style=\"height:40px\" aria-hidden=\"true\" class=\"wp-block-spacer\"><\/div>\n\n\n<div id=\"pl-gb2869-69e25f26447e2\"  class=\"panel-layout\" ><div id=\"pg-gb2869-69e25f26447e2-0\"  class=\"panel-grid panel-no-style\" ><div id=\"pgc-gb2869-69e25f26447e2-0-0\"  class=\"panel-grid-cell\" ><div id=\"panel-gb2869-69e25f26447e2-0-0-0\" class=\"so-panel widget widget_wonderplugin_videoembed_widget panel-first-child\" data-index=\"0\" ><div class=\"wonderplugin-video\" style=\"width:480px;height:360px;position:relative;background-color:#000;overflow:hidden;max-width:100%;margin:0 auto\" data-aspectratio=\"1.3333333333333\" data-embedtype=\"widget\"><iframe loading=\"lazy\" class=\"wpve-iframe\" width=\"100%\" height=\"100%\" src=\"https:\/\/www.youtube.com\/embed\/_ZABCyap6Ac?loop=1&amp;playlist=_ZABCyap6Ac\" frameborder=\"0\" allowfullscreen><\/iframe><\/div><\/div><div id=\"panel-gb2869-69e25f26447e2-0-0-1\" class=\"so-panel widget widget_sow-editor panel-last-child\" data-index=\"1\" ><div\n\t\t\t\n\t\t\tclass=\"so-widget-sow-editor so-widget-sow-editor-base\"\n\t\t\t\n\t\t>\n<div class=\"siteorigin-widget-tinymce textwidget\">\n\t<\/div>\n<\/div><\/div><\/div><\/div><\/div>\n\n\n<p class=\"wp-block-themeisle-blocks-font-awesome-icons\" id=\"wp-block-themeisle-blocks-font-awesome-icons-95d8eff6\" style=\"text-align:right\"><span class=\"wp-block-themeisle-blocks-font-awesome-icons-container\" style=\"border-radius:0%;border-style:solid;border-width:0px;display:inline-block;margin:5px\"><a href=\"http:\/\/www.fly-air3.com\/fr\/videos\/\" target=\"_self\" style=\"color:#fcb900\" rel=\"noopener noreferrer\"><i class=\"far fa-arrow-alt-circle-up\" style=\"border-radius:0%;font-size:40px;padding:5px\"><\/i><\/a><\/span><\/p>\n\n\n\n<h4 class=\"wp-block-heading\">Montage Smart Multi-Base<\/h4>\n\n\n\n<div style=\"height:40px\" aria-hidden=\"true\" class=\"wp-block-spacer\"><\/div>\n\n\n<div id=\"pl-gb2869-69e25f26453af\"  class=\"panel-layout\" ><div id=\"pg-gb2869-69e25f26453af-0\"  class=\"panel-grid panel-no-style\" ><div id=\"pgc-gb2869-69e25f26453af-0-0\"  class=\"panel-grid-cell\" ><div id=\"panel-gb2869-69e25f26453af-0-0-0\" class=\"so-panel widget widget_wonderplugin_videoembed_widget panel-first-child\" data-index=\"0\" ><div class=\"wonderplugin-video\" style=\"width:480px;height:360px;position:relative;background-color:#000;overflow:hidden;max-width:100%;margin:0 auto\" data-aspectratio=\"1.3333333333333\" data-embedtype=\"widget\"><iframe loading=\"lazy\" class=\"wpve-iframe\" width=\"100%\" height=\"100%\" src=\"https:\/\/www.youtube.com\/embed\/4vuHot2Frnk?loop=1&amp;playlist=4vuHot2Frnk\" frameborder=\"0\" allowfullscreen><\/iframe><\/div><\/div><div id=\"panel-gb2869-69e25f26453af-0-0-1\" class=\"so-panel widget widget_sow-editor panel-last-child\" data-index=\"1\" ><div\n\t\t\t\n\t\t\tclass=\"so-widget-sow-editor so-widget-sow-editor-base\"\n\t\t\t\n\t\t>\n<div class=\"siteorigin-widget-tinymce textwidget\">\n\t<\/div>\n<\/div><\/div><\/div><\/div><\/div>\n\n\n<p class=\"wp-block-themeisle-blocks-font-awesome-icons\" id=\"wp-block-themeisle-blocks-font-awesome-icons-fbaf1b3c\" style=\"text-align:right\"><span class=\"wp-block-themeisle-blocks-font-awesome-icons-container\" style=\"border-radius:0%;border-style:solid;border-width:0px;display:inline-block;margin:5px\"><a href=\"http:\/\/www.fly-air3.com\/fr\/videos\/\" target=\"_self\" style=\"color:#fcb900\" rel=\"noopener noreferrer\"><i class=\"far fa-arrow-alt-circle-up\" style=\"border-radius:0%;font-size:40px;padding:5px\"><\/i><\/a><\/span><\/p>\n\n\n\n<p><\/p>","protected":false},"excerpt":{"rendered":"<p>Double head articulated arm assemble &amp; disassemble Setup the Smart Multi-Base<\/p>","protected":false},"author":1,"featured_media":0,"parent":3538,"menu_order":0,"comment_status":"closed","ping_status":"closed","template":"template-fullwidth.php","meta":{"footnotes":""},"class_list":["post-2869","page","type-page","status-publish","hentry"],"yoast_head":"<!-- This site is optimized with the Yoast SEO plugin v27.4 - https:\/\/yoast.com\/product\/yoast-seo-wordpress\/ -->\n<title>Base videos - Smart Multi-Base - AIR\u00b3<\/title>\n<meta name=\"robots\" content=\"index, follow, max-snippet:-1, max-image-preview:large, max-video-preview:-1\" \/>\n<link rel=\"canonical\" href=\"https:\/\/www.fly-air3.com\/fr\/support\/videos\/base-videos\/base-videos-smart-multi-base\/\" \/>\n<meta property=\"og:locale\" content=\"fr_FR\" \/>\n<meta property=\"og:type\" content=\"article\" \/>\n<meta property=\"og:title\" content=\"Base videos - Smart Multi-Base - AIR\u00b3\" \/>\n<meta property=\"og:description\" content=\"Double head articulated arm assemble &amp; disassemble Setup the Smart Multi-Base\" \/>\n<meta property=\"og:url\" content=\"https:\/\/www.fly-air3.com\/fr\/support\/videos\/base-videos\/base-videos-smart-multi-base\/\" \/>\n<meta property=\"og:site_name\" content=\"AIR\u00b3\" \/>\n<meta property=\"article:publisher\" content=\"https:\/\/www.facebook.com\/FLYAIRCUBE\/\" \/>\n<meta property=\"article:modified_time\" content=\"2020-04-06T17:23:56+00:00\" \/>\n<meta name=\"twitter:card\" content=\"summary_large_image\" \/>\n<script type=\"application\/ld+json\" class=\"yoast-schema-graph\">{\"@context\":\"https:\\\/\\\/schema.org\",\"@graph\":[{\"@type\":\"WebPage\",\"@id\":\"https:\\\/\\\/www.fly-air3.com\\\/support\\\/videos\\\/base-videos\\\/base-videos-smart-multi-base\\\/\",\"url\":\"https:\\\/\\\/www.fly-air3.com\\\/support\\\/videos\\\/base-videos\\\/base-videos-smart-multi-base\\\/\",\"name\":\"Base videos - Smart Multi-Base - AIR\u00b3\",\"isPartOf\":{\"@id\":\"https:\\\/\\\/www.fly-air3.com\\\/en\\\/#website\"},\"datePublished\":\"2019-12-17T17:50:19+00:00\",\"dateModified\":\"2020-04-06T17:23:56+00:00\",\"breadcrumb\":{\"@id\":\"https:\\\/\\\/www.fly-air3.com\\\/support\\\/videos\\\/base-videos\\\/base-videos-smart-multi-base\\\/#breadcrumb\"},\"inLanguage\":\"fr-FR\",\"potentialAction\":[{\"@type\":\"ReadAction\",\"target\":[\"https:\\\/\\\/www.fly-air3.com\\\/support\\\/videos\\\/base-videos\\\/base-videos-smart-multi-base\\\/\"]}]},{\"@type\":\"BreadcrumbList\",\"@id\":\"https:\\\/\\\/www.fly-air3.com\\\/support\\\/videos\\\/base-videos\\\/base-videos-smart-multi-base\\\/#breadcrumb\",\"itemListElement\":[{\"@type\":\"ListItem\",\"position\":1,\"name\":\"Home\",\"item\":\"https:\\\/\\\/www.fly-air3.com\\\/\"},{\"@type\":\"ListItem\",\"position\":2,\"name\":\"Support\",\"item\":\"https:\\\/\\\/www.fly-air3.com\\\/support\\\/\"},{\"@type\":\"ListItem\",\"position\":3,\"name\":\"Videos\",\"item\":\"https:\\\/\\\/www.fly-air3.com\\\/support\\\/videos\\\/\"},{\"@type\":\"ListItem\",\"position\":4,\"name\":\"Base Videos\",\"item\":\"https:\\\/\\\/www.fly-air3.com\\\/support\\\/videos\\\/base-videos\\\/\"},{\"@type\":\"ListItem\",\"position\":5,\"name\":\"Base videos &#8211; Smart Multi-Base\"}]},{\"@type\":\"WebSite\",\"@id\":\"https:\\\/\\\/www.fly-air3.com\\\/en\\\/#website\",\"url\":\"https:\\\/\\\/www.fly-air3.com\\\/en\\\/\",\"name\":\"AIR\u00b3\",\"description\":\"All in one Rugged 7&quot; Android New generation paragliding flight instrument. Vario GPS Livetracking\",\"publisher\":{\"@id\":\"https:\\\/\\\/www.fly-air3.com\\\/en\\\/#organization\"},\"potentialAction\":[{\"@type\":\"SearchAction\",\"target\":{\"@type\":\"EntryPoint\",\"urlTemplate\":\"https:\\\/\\\/www.fly-air3.com\\\/en\\\/?s={search_term_string}\"},\"query-input\":{\"@type\":\"PropertyValueSpecification\",\"valueRequired\":true,\"valueName\":\"search_term_string\"}}],\"inLanguage\":\"fr-FR\"},{\"@type\":\"Organization\",\"@id\":\"https:\\\/\\\/www.fly-air3.com\\\/en\\\/#organization\",\"name\":\"Berfon SPRL\",\"url\":\"https:\\\/\\\/www.fly-air3.com\\\/en\\\/\",\"logo\":{\"@type\":\"ImageObject\",\"inLanguage\":\"fr-FR\",\"@id\":\"https:\\\/\\\/www.fly-air3.com\\\/en\\\/#\\\/schema\\\/logo\\\/image\\\/\",\"url\":\"http:\\\/\\\/www.fly-air3.com\\\/wp-content\\\/uploads\\\/sites\\\/15\\\/2019\\\/04\\\/AIR\u00b3-CARRE_Logo.png\",\"contentUrl\":\"http:\\\/\\\/www.fly-air3.com\\\/wp-content\\\/uploads\\\/sites\\\/15\\\/2019\\\/04\\\/AIR\u00b3-CARRE_Logo.png\",\"width\":600,\"height\":600,\"caption\":\"Berfon SPRL\"},\"image\":{\"@id\":\"https:\\\/\\\/www.fly-air3.com\\\/en\\\/#\\\/schema\\\/logo\\\/image\\\/\"},\"sameAs\":[\"https:\\\/\\\/www.facebook.com\\\/FLYAIRCUBE\\\/\"]}]}<\/script>\n<!-- \/ Yoast SEO plugin. -->","yoast_head_json":{"title":"Base videos - Smart Multi-Base - AIR\u00b3","robots":{"index":"index","follow":"follow","max-snippet":"max-snippet:-1","max-image-preview":"max-image-preview:large","max-video-preview":"max-video-preview:-1"},"canonical":"https:\/\/www.fly-air3.com\/fr\/support\/videos\/base-videos\/base-videos-smart-multi-base\/","og_locale":"fr_FR","og_type":"article","og_title":"Base videos - Smart Multi-Base - AIR\u00b3","og_description":"Double head articulated arm assemble &amp; disassemble Setup the Smart Multi-Base","og_url":"https:\/\/www.fly-air3.com\/fr\/support\/videos\/base-videos\/base-videos-smart-multi-base\/","og_site_name":"AIR\u00b3","article_publisher":"https:\/\/www.facebook.com\/FLYAIRCUBE\/","article_modified_time":"2020-04-06T17:23:56+00:00","twitter_card":"summary_large_image","schema":{"@context":"https:\/\/schema.org","@graph":[{"@type":"WebPage","@id":"https:\/\/www.fly-air3.com\/support\/videos\/base-videos\/base-videos-smart-multi-base\/","url":"https:\/\/www.fly-air3.com\/support\/videos\/base-videos\/base-videos-smart-multi-base\/","name":"Base videos - Smart Multi-Base - AIR\u00b3","isPartOf":{"@id":"https:\/\/www.fly-air3.com\/en\/#website"},"datePublished":"2019-12-17T17:50:19+00:00","dateModified":"2020-04-06T17:23:56+00:00","breadcrumb":{"@id":"https:\/\/www.fly-air3.com\/support\/videos\/base-videos\/base-videos-smart-multi-base\/#breadcrumb"},"inLanguage":"fr-FR","potentialAction":[{"@type":"ReadAction","target":["https:\/\/www.fly-air3.com\/support\/videos\/base-videos\/base-videos-smart-multi-base\/"]}]},{"@type":"BreadcrumbList","@id":"https:\/\/www.fly-air3.com\/support\/videos\/base-videos\/base-videos-smart-multi-base\/#breadcrumb","itemListElement":[{"@type":"ListItem","position":1,"name":"Home","item":"https:\/\/www.fly-air3.com\/"},{"@type":"ListItem","position":2,"name":"Support","item":"https:\/\/www.fly-air3.com\/support\/"},{"@type":"ListItem","position":3,"name":"Videos","item":"https:\/\/www.fly-air3.com\/support\/videos\/"},{"@type":"ListItem","position":4,"name":"Base Videos","item":"https:\/\/www.fly-air3.com\/support\/videos\/base-videos\/"},{"@type":"ListItem","position":5,"name":"Base videos &#8211; Smart Multi-Base"}]},{"@type":"WebSite","@id":"https:\/\/www.fly-air3.com\/en\/#website","url":"https:\/\/www.fly-air3.com\/en\/","name":"AIR\u00b3","description":"All in one Rugged 7&quot; Android New generation paragliding flight instrument. Vario GPS Livetracking","publisher":{"@id":"https:\/\/www.fly-air3.com\/en\/#organization"},"potentialAction":[{"@type":"SearchAction","target":{"@type":"EntryPoint","urlTemplate":"https:\/\/www.fly-air3.com\/en\/?s={search_term_string}"},"query-input":{"@type":"PropertyValueSpecification","valueRequired":true,"valueName":"search_term_string"}}],"inLanguage":"fr-FR"},{"@type":"Organization","@id":"https:\/\/www.fly-air3.com\/en\/#organization","name":"Berfon SPRL","url":"https:\/\/www.fly-air3.com\/en\/","logo":{"@type":"ImageObject","inLanguage":"fr-FR","@id":"https:\/\/www.fly-air3.com\/en\/#\/schema\/logo\/image\/","url":"http:\/\/www.fly-air3.com\/wp-content\/uploads\/sites\/15\/2019\/04\/AIR\u00b3-CARRE_Logo.png","contentUrl":"http:\/\/www.fly-air3.com\/wp-content\/uploads\/sites\/15\/2019\/04\/AIR\u00b3-CARRE_Logo.png","width":600,"height":600,"caption":"Berfon SPRL"},"image":{"@id":"https:\/\/www.fly-air3.com\/en\/#\/schema\/logo\/image\/"},"sameAs":["https:\/\/www.facebook.com\/FLYAIRCUBE\/"]}]}},"_links":{"self":[{"href":"https:\/\/www.fly-air3.com\/fr\/wp-json\/wp\/v2\/pages\/2869","targetHints":{"allow":["GET"]}}],"collection":[{"href":"https:\/\/www.fly-air3.com\/fr\/wp-json\/wp\/v2\/pages"}],"about":[{"href":"https:\/\/www.fly-air3.com\/fr\/wp-json\/wp\/v2\/types\/page"}],"author":[{"embeddable":true,"href":"https:\/\/www.fly-air3.com\/fr\/wp-json\/wp\/v2\/users\/1"}],"replies":[{"embeddable":true,"href":"https:\/\/www.fly-air3.com\/fr\/wp-json\/wp\/v2\/comments?post=2869"}],"version-history":[{"count":3,"href":"https:\/\/www.fly-air3.com\/fr\/wp-json\/wp\/v2\/pages\/2869\/revisions"}],"predecessor-version":[{"id":2894,"href":"https:\/\/www.fly-air3.com\/fr\/wp-json\/wp\/v2\/pages\/2869\/revisions\/2894"}],"up":[{"embeddable":true,"href":"https:\/\/www.fly-air3.com\/fr\/wp-json\/wp\/v2\/pages\/3538"}],"wp:attachment":[{"href":"https:\/\/www.fly-air3.com\/fr\/wp-json\/wp\/v2\/media?parent=2869"}],"curies":[{"name":"wp","href":"https:\/\/api.w.org\/{rel}","templated":true}]}}