{"id":2969,"date":"2020-01-07T11:02:21","date_gmt":"2020-01-07T09:02:21","guid":{"rendered":"http:\/\/www.fly-air3.com\/?page_id=2969"},"modified":"2021-11-25T15:20:42","modified_gmt":"2021-11-25T13:20:42","slug":"readability-2","status":"publish","type":"page","link":"https:\/\/www.fly-air3.com\/fr\/support\/miscellaneous\/readability-2\/","title":{"rendered":"Question lisibilit\u00e9"},"content":{"rendered":"<p>La lisibilit\u00e9 est cl\u00e9 pour un instrument de vol. La plupart du temps, les pilotes pensent qu'il n'y a que 2 fa\u00e7ons d'obtenir une bonne lisibilit\u00e9: utiliser un \u00e9cran noir et blanc, et donc perdre toutes les informations de couleur ou utiliser un \u00e9cran plus lumineux.<\/p>\n<p>Nous pensons que le facteur le plus important pour augmenter la lisibilit\u00e9 est d'obtenir un \u00e9cran perpendiculaire \u00e0 l'\u0153il.<\/p>\n<p>Look at these 2 screens: one with 400 nits (AIR\u00b3 7.1) and the second with 1000 nits (AIR\u00b3 7.2). When tilted, both are very readable with\u00a0 small advantage for the 1000 nits screen:<\/p>\n\n<div id=\"pl-gb2969-69e27300cb1da\"  class=\"panel-layout\" ><div id=\"pg-gb2969-69e27300cb1da-0\"  class=\"panel-grid panel-no-style\" ><div id=\"pgc-gb2969-69e27300cb1da-0-0\"  class=\"panel-grid-cell\" ><div id=\"panel-gb2969-69e27300cb1da-0-0-0\" class=\"so-panel widget widget_sow-image panel-first-child panel-last-child\" data-index=\"0\" ><div\n\t\t\t\n\t\t\tclass=\"so-widget-sow-image so-widget-sow-image-default-8b5b6f678277-2969\"\n\t\t\t\n\t\t>\n<div class=\"sow-image-container\">\n\t\t<img \n\tsrc=\"https:\/\/www.fly-air3.com\/wp-content\/uploads\/sites\/15\/2020\/01\/Readability_71_tilted.png\" width=\"800\" height=\"533\" srcset=\"https:\/\/www.fly-air3.com\/wp-content\/uploads\/sites\/15\/2020\/01\/Readability_71_tilted.png 800w, https:\/\/www.fly-air3.com\/wp-content\/uploads\/sites\/15\/2020\/01\/Readability_71_tilted-300x200.png 300w, https:\/\/www.fly-air3.com\/wp-content\/uploads\/sites\/15\/2020\/01\/Readability_71_tilted-768x512.png 768w, https:\/\/www.fly-air3.com\/wp-content\/uploads\/sites\/15\/2020\/01\/Readability_71_tilted-750x500.png 750w, https:\/\/www.fly-air3.com\/wp-content\/uploads\/sites\/15\/2020\/01\/Readability_71_tilted-272x182.png 272w\" sizes=\"(max-width: 800px) 100vw, 800px\" alt=\"AIR3-71-tilted\" \t\tclass=\"so-widget-image\"\/>\n\t<\/div>\n\n<\/div><\/div><\/div><div id=\"pgc-gb2969-69e27300cb1da-0-1\"  class=\"panel-grid-cell\" ><div id=\"panel-gb2969-69e27300cb1da-0-1-0\" class=\"so-panel widget widget_sow-image panel-first-child panel-last-child\" data-index=\"1\" ><div\n\t\t\t\n\t\t\tclass=\"so-widget-sow-image so-widget-sow-image-default-8b5b6f678277-2969\"\n\t\t\t\n\t\t>\n<div class=\"sow-image-container\">\n\t\t<img \n\tsrc=\"https:\/\/www.fly-air3.com\/wp-content\/uploads\/sites\/15\/2020\/01\/Readability_72_tilted.png\" width=\"800\" height=\"533\" srcset=\"https:\/\/www.fly-air3.com\/wp-content\/uploads\/sites\/15\/2020\/01\/Readability_72_tilted.png 800w, https:\/\/www.fly-air3.com\/wp-content\/uploads\/sites\/15\/2020\/01\/Readability_72_tilted-300x200.png 300w, https:\/\/www.fly-air3.com\/wp-content\/uploads\/sites\/15\/2020\/01\/Readability_72_tilted-768x512.png 768w, https:\/\/www.fly-air3.com\/wp-content\/uploads\/sites\/15\/2020\/01\/Readability_72_tilted-750x500.png 750w, https:\/\/www.fly-air3.com\/wp-content\/uploads\/sites\/15\/2020\/01\/Readability_72_tilted-272x182.png 272w\" sizes=\"(max-width: 800px) 100vw, 800px\" alt=\"\" \t\tclass=\"so-widget-image\"\/>\n\t<\/div>\n\n<\/div><\/div><\/div><\/div><\/div>\n\n\n<hr class=\"wp-block-separator\"\/>\n\n\n\n<p>Lorsqu'ils ne sont pas inclin\u00e9s, l'\u00e9cran de 1000 nits est plus lisible.<\/p>\n\n\n<div id=\"pl-gb2969-69e27300cc412\"  class=\"panel-layout\" ><div id=\"pg-gb2969-69e27300cc412-0\"  class=\"panel-grid panel-no-style\" ><div id=\"pgc-gb2969-69e27300cc412-0-0\"  class=\"panel-grid-cell\" ><div id=\"panel-gb2969-69e27300cc412-0-0-0\" class=\"so-panel widget widget_sow-image panel-first-child panel-last-child\" data-index=\"0\" ><div\n\t\t\t\n\t\t\tclass=\"so-widget-sow-image so-widget-sow-image-default-8b5b6f678277-2969\"\n\t\t\t\n\t\t>\n<div class=\"sow-image-container\">\n\t\t<img \n\tsrc=\"https:\/\/www.fly-air3.com\/wp-content\/uploads\/sites\/15\/2020\/01\/Readability_71_Not-tilted.png\" width=\"800\" height=\"533\" srcset=\"https:\/\/www.fly-air3.com\/wp-content\/uploads\/sites\/15\/2020\/01\/Readability_71_Not-tilted.png 800w, https:\/\/www.fly-air3.com\/wp-content\/uploads\/sites\/15\/2020\/01\/Readability_71_Not-tilted-300x200.png 300w, https:\/\/www.fly-air3.com\/wp-content\/uploads\/sites\/15\/2020\/01\/Readability_71_Not-tilted-768x512.png 768w, https:\/\/www.fly-air3.com\/wp-content\/uploads\/sites\/15\/2020\/01\/Readability_71_Not-tilted-750x500.png 750w, https:\/\/www.fly-air3.com\/wp-content\/uploads\/sites\/15\/2020\/01\/Readability_71_Not-tilted-272x182.png 272w\" sizes=\"(max-width: 800px) 100vw, 800px\" alt=\"\" \t\tclass=\"so-widget-image\"\/>\n\t<\/div>\n\n<\/div><\/div><\/div><div id=\"pgc-gb2969-69e27300cc412-0-1\"  class=\"panel-grid-cell\" ><div id=\"panel-gb2969-69e27300cc412-0-1-0\" class=\"so-panel widget widget_sow-image panel-first-child panel-last-child\" data-index=\"1\" ><div\n\t\t\t\n\t\t\tclass=\"so-widget-sow-image so-widget-sow-image-default-8b5b6f678277-2969\"\n\t\t\t\n\t\t>\n<div class=\"sow-image-container\">\n\t\t<img \n\tsrc=\"https:\/\/www.fly-air3.com\/wp-content\/uploads\/sites\/15\/2020\/01\/Readability_72_Not-tilted.png\" width=\"800\" height=\"533\" srcset=\"https:\/\/www.fly-air3.com\/wp-content\/uploads\/sites\/15\/2020\/01\/Readability_72_Not-tilted.png 800w, https:\/\/www.fly-air3.com\/wp-content\/uploads\/sites\/15\/2020\/01\/Readability_72_Not-tilted-300x200.png 300w, https:\/\/www.fly-air3.com\/wp-content\/uploads\/sites\/15\/2020\/01\/Readability_72_Not-tilted-768x512.png 768w, https:\/\/www.fly-air3.com\/wp-content\/uploads\/sites\/15\/2020\/01\/Readability_72_Not-tilted-750x500.png 750w, https:\/\/www.fly-air3.com\/wp-content\/uploads\/sites\/15\/2020\/01\/Readability_72_Not-tilted-272x182.png 272w\" sizes=\"(max-width: 800px) 100vw, 800px\" alt=\"\" \t\tclass=\"so-widget-image\"\/>\n\t<\/div>\n\n<\/div><\/div><\/div><\/div><\/div>\n\n\n<hr class=\"wp-block-separator\"\/>\n\n\n\n<p>Si vous comparez un \u00e9cran 400 nits inclin\u00e9 avec un \u00e9cran 1000 nits non inclin\u00e9, l'\u00e9cran 400 nits est plus lisible<\/p>\n\n\n<div id=\"pl-gb2969-69e27300cd05a\"  class=\"panel-layout\" ><div id=\"pg-gb2969-69e27300cd05a-0\"  class=\"panel-grid panel-no-style\" ><div id=\"pgc-gb2969-69e27300cd05a-0-0\"  class=\"panel-grid-cell\" ><div id=\"panel-gb2969-69e27300cd05a-0-0-0\" class=\"so-panel widget widget_sow-image panel-first-child panel-last-child\" data-index=\"0\" ><div\n\t\t\t\n\t\t\tclass=\"so-widget-sow-image so-widget-sow-image-default-8b5b6f678277-2969\"\n\t\t\t\n\t\t>\n<div class=\"sow-image-container\">\n\t\t<img \n\tsrc=\"https:\/\/www.fly-air3.com\/wp-content\/uploads\/sites\/15\/2020\/01\/Readability_71_tilted.png\" width=\"800\" height=\"533\" srcset=\"https:\/\/www.fly-air3.com\/wp-content\/uploads\/sites\/15\/2020\/01\/Readability_71_tilted.png 800w, https:\/\/www.fly-air3.com\/wp-content\/uploads\/sites\/15\/2020\/01\/Readability_71_tilted-300x200.png 300w, https:\/\/www.fly-air3.com\/wp-content\/uploads\/sites\/15\/2020\/01\/Readability_71_tilted-768x512.png 768w, https:\/\/www.fly-air3.com\/wp-content\/uploads\/sites\/15\/2020\/01\/Readability_71_tilted-750x500.png 750w, https:\/\/www.fly-air3.com\/wp-content\/uploads\/sites\/15\/2020\/01\/Readability_71_tilted-272x182.png 272w\" sizes=\"(max-width: 800px) 100vw, 800px\" alt=\"AIR3-71-tilted\" \t\tclass=\"so-widget-image\"\/>\n\t<\/div>\n\n<\/div><\/div><\/div><div id=\"pgc-gb2969-69e27300cd05a-0-1\"  class=\"panel-grid-cell\" ><div id=\"panel-gb2969-69e27300cd05a-0-1-0\" class=\"so-panel widget widget_sow-image panel-first-child panel-last-child\" data-index=\"1\" ><div\n\t\t\t\n\t\t\tclass=\"so-widget-sow-image so-widget-sow-image-default-8b5b6f678277-2969\"\n\t\t\t\n\t\t>\n<div class=\"sow-image-container\">\n\t\t<img \n\tsrc=\"https:\/\/www.fly-air3.com\/wp-content\/uploads\/sites\/15\/2020\/01\/Readability_72_Not-tilted.png\" width=\"800\" height=\"533\" srcset=\"https:\/\/www.fly-air3.com\/wp-content\/uploads\/sites\/15\/2020\/01\/Readability_72_Not-tilted.png 800w, https:\/\/www.fly-air3.com\/wp-content\/uploads\/sites\/15\/2020\/01\/Readability_72_Not-tilted-300x200.png 300w, https:\/\/www.fly-air3.com\/wp-content\/uploads\/sites\/15\/2020\/01\/Readability_72_Not-tilted-768x512.png 768w, https:\/\/www.fly-air3.com\/wp-content\/uploads\/sites\/15\/2020\/01\/Readability_72_Not-tilted-750x500.png 750w, https:\/\/www.fly-air3.com\/wp-content\/uploads\/sites\/15\/2020\/01\/Readability_72_Not-tilted-272x182.png 272w\" sizes=\"(max-width: 800px) 100vw, 800px\" alt=\"\" \t\tclass=\"so-widget-image\"\/>\n\t<\/div>\n\n<\/div><\/div><\/div><\/div><div id=\"pg-gb2969-69e27300cd05a-1\"  class=\"panel-grid panel-no-style\" ><div id=\"pgc-gb2969-69e27300cd05a-1-0\"  class=\"panel-grid-cell\" ><div id=\"panel-gb2969-69e27300cd05a-1-0-0\" class=\"so-panel widget widget_sow-editor panel-first-child panel-last-child\" data-index=\"2\" ><div\n\t\t\t\n\t\t\tclass=\"so-widget-sow-editor so-widget-sow-editor-base\"\n\t\t\t\n\t\t>\n<div class=\"siteorigin-widget-tinymce textwidget\">\n\t<\/div>\n<\/div><\/div><\/div><\/div><\/div>\n\n\n<p>Conclusion: if your cockpit is not tilted, we strongly recommend using an <a href=\"https:\/\/www.fly-air3.com\/fr\/products\/accessories\/base\/\">Base AIR\u00b3<\/a>, designed to let pilots tilt the screen on their cockpit.<\/p>\n\n\n\n<p>Once the tilt has been optimised, the readability will exclusively be determined by the brightness.<\/p>\n\n\n\n<p><a href=\"https:\/\/www.fly-air3.com\/fr\/ufaqs\/best-brightness-level-with-air3\/\">Read this FAQ regarding brightness to know how to set the brightness<\/a>.<\/p>\n\n\n\n<p><strong>Comparaison de la lisibilit\u00e9 avec d'autres instruments de vol<\/strong><\/p>\n\n\n<div id=\"pl-gb2969-69e27300cd93c\"  class=\"panel-layout\" ><div id=\"pg-gb2969-69e27300cd93c-0\"  class=\"panel-grid panel-no-style\" ><div id=\"pgc-gb2969-69e27300cd93c-0-0\"  class=\"panel-grid-cell\" ><div id=\"panel-gb2969-69e27300cd93c-0-0-0\" class=\"so-panel widget widget_sow-image panel-first-child panel-last-child\" data-index=\"0\" ><div\n\t\t\t\n\t\t\tclass=\"so-widget-sow-image so-widget-sow-image-default-8b5b6f678277-2969\"\n\t\t\t\n\t\t>\n<div class=\"sow-image-container\">\n\t\t<img \n\tsrc=\"https:\/\/www.fly-air3.com\/wp-content\/uploads\/sites\/15\/2020\/05\/AIR\u00b3-r\u00e9union.jpg\" width=\"960\" height=\"720\" srcset=\"https:\/\/www.fly-air3.com\/wp-content\/uploads\/sites\/15\/2020\/05\/AIR\u00b3-r\u00e9union.jpg 960w, https:\/\/www.fly-air3.com\/wp-content\/uploads\/sites\/15\/2020\/05\/AIR\u00b3-r\u00e9union-300x225.jpg 300w, https:\/\/www.fly-air3.com\/wp-content\/uploads\/sites\/15\/2020\/05\/AIR\u00b3-r\u00e9union-768x576.jpg 768w, https:\/\/www.fly-air3.com\/wp-content\/uploads\/sites\/15\/2020\/05\/AIR\u00b3-r\u00e9union-285x214.jpg 285w\" sizes=\"(max-width: 960px) 100vw, 960px\" title=\"AIR\u00b3 r\u00e9union\" alt=\"\" \t\tclass=\"so-widget-image\"\/>\n\t<\/div>\n\n<\/div><\/div><\/div><div id=\"pgc-gb2969-69e27300cd93c-0-1\"  class=\"panel-grid-cell\" ><div id=\"panel-gb2969-69e27300cd93c-0-1-0\" class=\"so-panel widget widget_sow-image panel-first-child panel-last-child\" data-index=\"1\" ><div\n\t\t\t\n\t\t\tclass=\"so-widget-sow-image so-widget-sow-image-default-8b5b6f678277-2969\"\n\t\t\t\n\t\t>\n<div class=\"sow-image-container\">\n\t\t\t<a href=\"https:\/\/youtu.be\/0le8Yei1ZiU\"\n\t\t\t\t\t>\n\t\t\t<img \n\tsrc=\"https:\/\/www.fly-air3.com\/wp-content\/uploads\/sites\/15\/2020\/05\/AIR\u00b3-and-Compass-2.png\" width=\"1326\" height=\"798\" srcset=\"https:\/\/www.fly-air3.com\/wp-content\/uploads\/sites\/15\/2020\/05\/AIR\u00b3-and-Compass-2.png 1326w, https:\/\/www.fly-air3.com\/wp-content\/uploads\/sites\/15\/2020\/05\/AIR\u00b3-and-Compass-2-300x181.png 300w, https:\/\/www.fly-air3.com\/wp-content\/uploads\/sites\/15\/2020\/05\/AIR\u00b3-and-Compass-2-1024x616.png 1024w, https:\/\/www.fly-air3.com\/wp-content\/uploads\/sites\/15\/2020\/05\/AIR\u00b3-and-Compass-2-768x462.png 768w\" sizes=\"(max-width: 1326px) 100vw, 1326px\" title=\"AIR\u00b3 and Compass 2\" alt=\"\" \t\tclass=\"so-widget-image\"\/>\n\t\t\t<\/a><\/div>\n\n<\/div><\/div><\/div><\/div><div id=\"pg-gb2969-69e27300cd93c-1\"  class=\"panel-grid panel-no-style\" ><div id=\"pgc-gb2969-69e27300cd93c-1-0\"  class=\"panel-grid-cell\" ><div id=\"panel-gb2969-69e27300cd93c-1-0-0\" class=\"so-panel widget widget_sow-editor panel-first-child panel-last-child\" data-index=\"2\" ><div\n\t\t\t\n\t\t\tclass=\"so-widget-sow-editor so-widget-sow-editor-base\"\n\t\t\t\n\t\t>\n<div class=\"siteorigin-widget-tinymce textwidget\">\n\t<\/div>\n<\/div><\/div><\/div><\/div><\/div>\n\n\n<p><\/p>","protected":false},"excerpt":{"rendered":"<p>Readability is key to a flight instrument. Most of the time, pilots think that there are only 2 ways to get good readability: use a black and white screen, losing all the color information, or use a brighter screen. We believe that the most important factor in increasing readability is to obtain a screen perpendicular <a href=\"https:\/\/www.fly-air3.com\/fr\/support\/miscellaneous\/readability-2\/\" rel=\"nofollow\"><span class=\"sr-only\">En savoir plus surReadability matters<\/span>[&hellip;]<\/a><\/p>\n","protected":false},"author":1,"featured_media":2973,"parent":3525,"menu_order":0,"comment_status":"closed","ping_status":"closed","template":"template-fullwidth.php","meta":{"footnotes":""},"class_list":["post-2969","page","type-page","status-publish","has-post-thumbnail","hentry"],"yoast_head":"<!-- This site is optimized with the Yoast SEO plugin v27.4 - https:\/\/yoast.com\/product\/yoast-seo-wordpress\/ -->\n<title>Readability matters - AIR\u00b3<\/title>\n<meta name=\"robots\" content=\"index, follow, max-snippet:-1, max-image-preview:large, max-video-preview:-1\" \/>\n<link rel=\"canonical\" href=\"https:\/\/www.fly-air3.com\/fr\/support\/miscellaneous\/readability-2\/\" \/>\n<meta property=\"og:locale\" content=\"fr_FR\" \/>\n<meta property=\"og:type\" content=\"article\" \/>\n<meta property=\"og:title\" content=\"Readability matters - AIR\u00b3\" \/>\n<meta property=\"og:description\" content=\"Readability is key to a flight instrument. Most of the time, pilots think that there are only 2 ways to get good readability: use a black and white screen, losing all the color information, or use a brighter screen. We believe that the most important factor in increasing readability is to obtain a screen perpendicular En savoir plus surReadability matters[&hellip;]\" \/>\n<meta property=\"og:url\" content=\"https:\/\/www.fly-air3.com\/fr\/support\/miscellaneous\/readability-2\/\" \/>\n<meta property=\"og:site_name\" content=\"AIR\u00b3\" \/>\n<meta property=\"article:publisher\" content=\"https:\/\/www.facebook.com\/FLYAIRCUBE\/\" \/>\n<meta property=\"article:modified_time\" content=\"2021-11-25T13:20:42+00:00\" \/>\n<meta property=\"og:image\" content=\"https:\/\/www.fly-air3.com\/wp-content\/uploads\/sites\/15\/2020\/01\/Readability_72_tilted.png\" \/>\n\t<meta property=\"og:image:width\" content=\"800\" \/>\n\t<meta property=\"og:image:height\" content=\"533\" \/>\n\t<meta property=\"og:image:type\" content=\"image\/png\" \/>\n<meta name=\"twitter:card\" content=\"summary_large_image\" \/>\n<meta name=\"twitter:label1\" content=\"Dur\u00e9e de lecture estim\u00e9e\" \/>\n\t<meta name=\"twitter:data1\" content=\"1 minute\" \/>\n<script type=\"application\/ld+json\" class=\"yoast-schema-graph\">{\"@context\":\"https:\\\/\\\/schema.org\",\"@graph\":[{\"@type\":\"WebPage\",\"@id\":\"https:\\\/\\\/www.fly-air3.com\\\/support\\\/miscellaneous\\\/readability-2\\\/\",\"url\":\"https:\\\/\\\/www.fly-air3.com\\\/support\\\/miscellaneous\\\/readability-2\\\/\",\"name\":\"Readability matters - AIR\u00b3\",\"isPartOf\":{\"@id\":\"https:\\\/\\\/www.fly-air3.com\\\/en\\\/#website\"},\"primaryImageOfPage\":{\"@id\":\"https:\\\/\\\/www.fly-air3.com\\\/support\\\/miscellaneous\\\/readability-2\\\/#primaryimage\"},\"image\":{\"@id\":\"https:\\\/\\\/www.fly-air3.com\\\/support\\\/miscellaneous\\\/readability-2\\\/#primaryimage\"},\"thumbnailUrl\":\"https:\\\/\\\/www.fly-air3.com\\\/wp-content\\\/uploads\\\/sites\\\/15\\\/2020\\\/01\\\/Readability_72_tilted.png\",\"datePublished\":\"2020-01-07T09:02:21+00:00\",\"dateModified\":\"2021-11-25T13:20:42+00:00\",\"breadcrumb\":{\"@id\":\"https:\\\/\\\/www.fly-air3.com\\\/support\\\/miscellaneous\\\/readability-2\\\/#breadcrumb\"},\"inLanguage\":\"fr-FR\",\"potentialAction\":[{\"@type\":\"ReadAction\",\"target\":[\"https:\\\/\\\/www.fly-air3.com\\\/support\\\/miscellaneous\\\/readability-2\\\/\"]}]},{\"@type\":\"ImageObject\",\"inLanguage\":\"fr-FR\",\"@id\":\"https:\\\/\\\/www.fly-air3.com\\\/support\\\/miscellaneous\\\/readability-2\\\/#primaryimage\",\"url\":\"https:\\\/\\\/www.fly-air3.com\\\/wp-content\\\/uploads\\\/sites\\\/15\\\/2020\\\/01\\\/Readability_72_tilted.png\",\"contentUrl\":\"https:\\\/\\\/www.fly-air3.com\\\/wp-content\\\/uploads\\\/sites\\\/15\\\/2020\\\/01\\\/Readability_72_tilted.png\",\"width\":800,\"height\":533},{\"@type\":\"BreadcrumbList\",\"@id\":\"https:\\\/\\\/www.fly-air3.com\\\/support\\\/miscellaneous\\\/readability-2\\\/#breadcrumb\",\"itemListElement\":[{\"@type\":\"ListItem\",\"position\":1,\"name\":\"Home\",\"item\":\"https:\\\/\\\/www.fly-air3.com\\\/\"},{\"@type\":\"ListItem\",\"position\":2,\"name\":\"Support\",\"item\":\"https:\\\/\\\/www.fly-air3.com\\\/support\\\/\"},{\"@type\":\"ListItem\",\"position\":3,\"name\":\"Miscellaneous\",\"item\":\"https:\\\/\\\/www.fly-air3.com\\\/support\\\/miscellaneous\\\/\"},{\"@type\":\"ListItem\",\"position\":4,\"name\":\"Readability matters\"}]},{\"@type\":\"WebSite\",\"@id\":\"https:\\\/\\\/www.fly-air3.com\\\/en\\\/#website\",\"url\":\"https:\\\/\\\/www.fly-air3.com\\\/en\\\/\",\"name\":\"AIR\u00b3\",\"description\":\"All in one Rugged 7&quot; Android New generation paragliding flight instrument. Vario GPS Livetracking\",\"publisher\":{\"@id\":\"https:\\\/\\\/www.fly-air3.com\\\/en\\\/#organization\"},\"potentialAction\":[{\"@type\":\"SearchAction\",\"target\":{\"@type\":\"EntryPoint\",\"urlTemplate\":\"https:\\\/\\\/www.fly-air3.com\\\/en\\\/?s={search_term_string}\"},\"query-input\":{\"@type\":\"PropertyValueSpecification\",\"valueRequired\":true,\"valueName\":\"search_term_string\"}}],\"inLanguage\":\"fr-FR\"},{\"@type\":\"Organization\",\"@id\":\"https:\\\/\\\/www.fly-air3.com\\\/en\\\/#organization\",\"name\":\"Berfon SPRL\",\"url\":\"https:\\\/\\\/www.fly-air3.com\\\/en\\\/\",\"logo\":{\"@type\":\"ImageObject\",\"inLanguage\":\"fr-FR\",\"@id\":\"https:\\\/\\\/www.fly-air3.com\\\/en\\\/#\\\/schema\\\/logo\\\/image\\\/\",\"url\":\"http:\\\/\\\/www.fly-air3.com\\\/wp-content\\\/uploads\\\/sites\\\/15\\\/2019\\\/04\\\/AIR\u00b3-CARRE_Logo.png\",\"contentUrl\":\"http:\\\/\\\/www.fly-air3.com\\\/wp-content\\\/uploads\\\/sites\\\/15\\\/2019\\\/04\\\/AIR\u00b3-CARRE_Logo.png\",\"width\":600,\"height\":600,\"caption\":\"Berfon SPRL\"},\"image\":{\"@id\":\"https:\\\/\\\/www.fly-air3.com\\\/en\\\/#\\\/schema\\\/logo\\\/image\\\/\"},\"sameAs\":[\"https:\\\/\\\/www.facebook.com\\\/FLYAIRCUBE\\\/\"]}]}<\/script>\n<!-- \/ Yoast SEO plugin. -->","yoast_head_json":{"title":"Readability matters - AIR\u00b3","robots":{"index":"index","follow":"follow","max-snippet":"max-snippet:-1","max-image-preview":"max-image-preview:large","max-video-preview":"max-video-preview:-1"},"canonical":"https:\/\/www.fly-air3.com\/fr\/support\/miscellaneous\/readability-2\/","og_locale":"fr_FR","og_type":"article","og_title":"Readability matters - AIR\u00b3","og_description":"Readability is key to a flight instrument. Most of the time, pilots think that there are only 2 ways to get good readability: use a black and white screen, losing all the color information, or use a brighter screen. We believe that the most important factor in increasing readability is to obtain a screen perpendicular En savoir plus surReadability matters[&hellip;]","og_url":"https:\/\/www.fly-air3.com\/fr\/support\/miscellaneous\/readability-2\/","og_site_name":"AIR\u00b3","article_publisher":"https:\/\/www.facebook.com\/FLYAIRCUBE\/","article_modified_time":"2021-11-25T13:20:42+00:00","og_image":[{"width":800,"height":533,"url":"https:\/\/www.fly-air3.com\/wp-content\/uploads\/sites\/15\/2020\/01\/Readability_72_tilted.png","type":"image\/png"}],"twitter_card":"summary_large_image","twitter_misc":{"Dur\u00e9e de lecture estim\u00e9e":"1 minute"},"schema":{"@context":"https:\/\/schema.org","@graph":[{"@type":"WebPage","@id":"https:\/\/www.fly-air3.com\/support\/miscellaneous\/readability-2\/","url":"https:\/\/www.fly-air3.com\/support\/miscellaneous\/readability-2\/","name":"Readability matters - AIR\u00b3","isPartOf":{"@id":"https:\/\/www.fly-air3.com\/en\/#website"},"primaryImageOfPage":{"@id":"https:\/\/www.fly-air3.com\/support\/miscellaneous\/readability-2\/#primaryimage"},"image":{"@id":"https:\/\/www.fly-air3.com\/support\/miscellaneous\/readability-2\/#primaryimage"},"thumbnailUrl":"https:\/\/www.fly-air3.com\/wp-content\/uploads\/sites\/15\/2020\/01\/Readability_72_tilted.png","datePublished":"2020-01-07T09:02:21+00:00","dateModified":"2021-11-25T13:20:42+00:00","breadcrumb":{"@id":"https:\/\/www.fly-air3.com\/support\/miscellaneous\/readability-2\/#breadcrumb"},"inLanguage":"fr-FR","potentialAction":[{"@type":"ReadAction","target":["https:\/\/www.fly-air3.com\/support\/miscellaneous\/readability-2\/"]}]},{"@type":"ImageObject","inLanguage":"fr-FR","@id":"https:\/\/www.fly-air3.com\/support\/miscellaneous\/readability-2\/#primaryimage","url":"https:\/\/www.fly-air3.com\/wp-content\/uploads\/sites\/15\/2020\/01\/Readability_72_tilted.png","contentUrl":"https:\/\/www.fly-air3.com\/wp-content\/uploads\/sites\/15\/2020\/01\/Readability_72_tilted.png","width":800,"height":533},{"@type":"BreadcrumbList","@id":"https:\/\/www.fly-air3.com\/support\/miscellaneous\/readability-2\/#breadcrumb","itemListElement":[{"@type":"ListItem","position":1,"name":"Home","item":"https:\/\/www.fly-air3.com\/"},{"@type":"ListItem","position":2,"name":"Support","item":"https:\/\/www.fly-air3.com\/support\/"},{"@type":"ListItem","position":3,"name":"Miscellaneous","item":"https:\/\/www.fly-air3.com\/support\/miscellaneous\/"},{"@type":"ListItem","position":4,"name":"Readability matters"}]},{"@type":"WebSite","@id":"https:\/\/www.fly-air3.com\/en\/#website","url":"https:\/\/www.fly-air3.com\/en\/","name":"AIR\u00b3","description":"All in one Rugged 7&quot; Android New generation paragliding flight instrument. Vario GPS Livetracking","publisher":{"@id":"https:\/\/www.fly-air3.com\/en\/#organization"},"potentialAction":[{"@type":"SearchAction","target":{"@type":"EntryPoint","urlTemplate":"https:\/\/www.fly-air3.com\/en\/?s={search_term_string}"},"query-input":{"@type":"PropertyValueSpecification","valueRequired":true,"valueName":"search_term_string"}}],"inLanguage":"fr-FR"},{"@type":"Organization","@id":"https:\/\/www.fly-air3.com\/en\/#organization","name":"Berfon SPRL","url":"https:\/\/www.fly-air3.com\/en\/","logo":{"@type":"ImageObject","inLanguage":"fr-FR","@id":"https:\/\/www.fly-air3.com\/en\/#\/schema\/logo\/image\/","url":"http:\/\/www.fly-air3.com\/wp-content\/uploads\/sites\/15\/2019\/04\/AIR\u00b3-CARRE_Logo.png","contentUrl":"http:\/\/www.fly-air3.com\/wp-content\/uploads\/sites\/15\/2019\/04\/AIR\u00b3-CARRE_Logo.png","width":600,"height":600,"caption":"Berfon SPRL"},"image":{"@id":"https:\/\/www.fly-air3.com\/en\/#\/schema\/logo\/image\/"},"sameAs":["https:\/\/www.facebook.com\/FLYAIRCUBE\/"]}]}},"_links":{"self":[{"href":"https:\/\/www.fly-air3.com\/fr\/wp-json\/wp\/v2\/pages\/2969","targetHints":{"allow":["GET"]}}],"collection":[{"href":"https:\/\/www.fly-air3.com\/fr\/wp-json\/wp\/v2\/pages"}],"about":[{"href":"https:\/\/www.fly-air3.com\/fr\/wp-json\/wp\/v2\/types\/page"}],"author":[{"embeddable":true,"href":"https:\/\/www.fly-air3.com\/fr\/wp-json\/wp\/v2\/users\/1"}],"replies":[{"embeddable":true,"href":"https:\/\/www.fly-air3.com\/fr\/wp-json\/wp\/v2\/comments?post=2969"}],"version-history":[{"count":11,"href":"https:\/\/www.fly-air3.com\/fr\/wp-json\/wp\/v2\/pages\/2969\/revisions"}],"predecessor-version":[{"id":6721,"href":"https:\/\/www.fly-air3.com\/fr\/wp-json\/wp\/v2\/pages\/2969\/revisions\/6721"}],"up":[{"embeddable":true,"href":"https:\/\/www.fly-air3.com\/fr\/wp-json\/wp\/v2\/pages\/3525"}],"wp:featuredmedia":[{"embeddable":true,"href":"https:\/\/www.fly-air3.com\/fr\/wp-json\/wp\/v2\/media\/2973"}],"wp:attachment":[{"href":"https:\/\/www.fly-air3.com\/fr\/wp-json\/wp\/v2\/media?parent=2969"}],"curies":[{"name":"wp","href":"https:\/\/api.w.org\/{rel}","templated":true}]}}