{"id":3149,"date":"2020-01-19T10:42:03","date_gmt":"2020-01-19T08:42:03","guid":{"rendered":"http:\/\/www.fly-air3.com\/?page_id=3149"},"modified":"2025-02-28T17:42:54","modified_gmt":"2025-02-28T15:42:54","slug":"software-upgrade-instructions","status":"publish","type":"page","link":"https:\/\/www.fly-air3.com\/fr\/support\/miscellaneous\/software-upgrade-instructions\/","title":{"rendered":"Instructions de mise \u00e0 niveau du logiciel"},"content":{"rendered":"<p><\/p>\n\n\n\n<h3 class=\"wp-block-heading has-text-align-center\">Vous pouvez trouver les derni\u00e8res versions du logiciel pour AIR\u00b3 ici:<\/h3>\n\n\n\n<p><\/p>\n\n\n\n<p><\/p>\n\n\n\n<div class=\"wp-block-buttons is-layout-flex wp-block-buttons-is-layout-flex\">\n<div class=\"wp-block-button\"><a class=\"wp-block-button__link has-pale-cyan-blue-color has-very-dark-gray-background-color has-text-color has-background wp-element-button\" href=\"http:\/\/www.fly-air3.com\/fr\/latest-versions\/\">http:\/\/www.fly-air3.com\/latest-versions\/<\/a><\/div>\n<\/div>\n\n\n\n<hr class=\"wp-block-separator has-css-opacity\"\/>\n\n\n\n<p>La mani\u00e8re la plus simple de mettre \u00e0 jour vos applications est d'utiliser AIR\u00b3 Upgrader.<\/p>\n\n\n\n<p><\/p>\n\n\n\n<div class=\"wp-block-buttons is-content-justification-center is-layout-flex wp-container-core-buttons-is-layout-16018d1d wp-block-buttons-is-layout-flex\">\n<div class=\"wp-block-button\"><a class=\"wp-block-button__link wp-element-button\" href=\"https:\/\/www.fly-air3.com\/fr\/software\/air3_upgrader\/\" target=\"_blank\" rel=\"noreferrer noopener\">Consultez tous les d\u00e9tails concernant Air\u00b3 Upgrader ici.<\/a><\/div>\n<\/div>\n\n\n\n<p><\/p>\n\n\n\n<p><\/p>\n\n\n\n<hr class=\"wp-block-separator has-css-opacity\"\/>\n\n\n\n<h4 class=\"wp-block-heading\">Autre moyen de mettre \u00e0 niveau XCTrack:<\/h4>\n\n\n<div class=\"su-accordion su-u-trim\"><div class=\"su-spoiler su-spoiler-style-default su-spoiler-icon-plus su-spoiler-closed\" data-scroll-offset=\"0\" data-anchor-in-url=\"no\"><div class=\"su-spoiler-title\" tabindex=\"0\" role=\"button\"><span class=\"su-spoiler-icon\"><\/span>Mise \u00e0 niveau de XCTrack via Play Store<\/div><div class=\"su-spoiler-content su-u-clearfix su-u-trim\">\n\n\n\n<p>XCTrack can be upgraded through Play Store. Note that the version of XCTrack may not be the latest version while upgrading through Play Store.<\/p>\n\n\n\n<p>La mise \u00e0 niveau via Play Store n\u00e9cessite que vous soyez <strong>inscrit au programme beta de XCTrack<\/strong> pour vous permettre d'acc\u00e9der \u00e0 la derni\u00e8re version disponible (<a href=\"https:\/\/www.xcontest.org\/beta\/register\/\">Une fois connect\u00e9, cliquez ici<\/a>). <\/p>\n\n\n\n<p>N'oubliez pas d'activer \u00e9galement votre inscription au programme B\u00eata de Play Store en <strong><a href=\"https:\/\/play.google.com\/apps\/testing\/org.xcontest.XCTrack\">rejoignant le beta<\/a><\/strong>.<\/p>\n\n\n\n<\/div><\/div><\/div>\n\n\n\n<hr class=\"wp-block-separator has-css-opacity\"\/>\n\n\n\n<p><\/p>\n\n\n\n<h4 class=\"wp-block-heading\">Instructions sp\u00e9cifiques:<\/h4>\n\n\n<div class=\"su-accordion su-u-trim\"><div class=\"su-spoiler su-spoiler-style-default su-spoiler-icon-plus su-spoiler-closed\" data-scroll-offset=\"0\" data-anchor-in-url=\"no\"><div class=\"su-spoiler-title\" tabindex=\"0\" role=\"button\"><span class=\"su-spoiler-icon\"><\/span>AIR\u00b3 Manager<\/div><div class=\"su-spoiler-content su-u-clearfix su-u-trim\">\n\n\n\n<p>Afin de prendre en compte les nouveaux param\u00e8tres pour XCTrack fournis par AIR\u00b3 Manager, une fois les deux applications mises \u00e0 niveau, acc\u00e9dez au menu d'AIR\u00b3 Manager et s\u00e9lectionnez Interface XCTrack. Cliquez sur le bouton \u00abr\u00e9initialiser\u00bb (notez que toutes vos personnalisations personnelles de XCTrack seront perdues). Les nouveaux param\u00e8tres seront pris en compte apr\u00e8s le red\u00e9marrage de XCTrack.<\/p>\n\n\n\n<p>La \u00abr\u00e9initialisation\u00bb convertit l'interface XCTrack en profil Expert. Si vous souhaitez utiliser un profil diff\u00e9rent, modifiez le profil selon vos pr\u00e9f\u00e9rences dans le menu AIR\u00b3 Manager \/ Interface XCTrack apr\u00e8s la r\u00e9initialisation.<\/p>\n\n\n\n<\/div><\/div><\/div>\n\n\n<div class=\"su-accordion su-u-trim\"><div class=\"su-spoiler su-spoiler-style-default su-spoiler-icon-plus su-spoiler-closed\" data-scroll-offset=\"0\" data-anchor-in-url=\"no\"><div class=\"su-spoiler-title\" tabindex=\"0\" role=\"button\"><span class=\"su-spoiler-icon\"><\/span>XCTrack Pro<\/div><div class=\"su-spoiler-content su-u-clearfix su-u-trim\">\n\n\n\n<p>AIR\u00b3 est fourni avec une licence perp\u00e9tuelle de XCTrack Pro. Cette licence est fournie via un fichier situ\u00e9 dans le dossier Bootstrap. Ce fichier d'amor\u00e7age est unique et directement li\u00e9 au num\u00e9ro AIR\u00b3.<br>Si vous d\u00e9sinstallez XCTrack Pro avant d'installer la nouvelle version, le fichier Bootstrap (.xcbs) peut \u00eatre supprim\u00e9. Enregistrez d'abord ce fichier avant de le d\u00e9sinstaller.<\/p>\n\n\n\n<p><a href=\"https:\/\/xctrack.org\/Change_Log.html\" target=\"_blank\" rel=\"noreferrer noopener\">Pour en savoir plus sur les nouvelles fonctionnalit\u00e9s de XCTrack par rapport \u00e0 la version que vous utilisiez, lisez plus de d\u00e9tails ici<\/a><\/p>\n\n\n\n<\/div><\/div><\/div>\n\n\n<div class=\"su-accordion su-u-trim\"><div class=\"su-spoiler su-spoiler-style-default su-spoiler-icon-plus su-spoiler-closed\" data-scroll-offset=\"0\" data-anchor-in-url=\"no\"><div class=\"su-spoiler-title\" tabindex=\"0\" role=\"button\"><span class=\"su-spoiler-icon\"><\/span>Mise \u00e0 niveau manuelle<\/div><div class=\"su-spoiler-content su-u-clearfix su-u-trim\">\n\n\n<div id=\"pl-gb3149-69e13b6f5d4cf\"  class=\"panel-layout wp-block-siteorigin-panels-layout-block\" ><div id=\"pg-gb3149-69e13b6f5d4cf-0\"  class=\"panel-grid panel-no-style\" ><div id=\"pgc-gb3149-69e13b6f5d4cf-0-0\"  class=\"panel-grid-cell\" ><div id=\"panel-gb3149-69e13b6f5d4cf-0-0-0\" class=\"so-panel widget widget_sow-editor panel-first-child\" data-index=\"0\" ><div\n\t\t\t\n\t\t\tclass=\"so-widget-sow-editor so-widget-sow-editor-base\"\n\t\t\t\n\t\t>\n<div class=\"siteorigin-widget-tinymce textwidget\">\n\t<p style=\"text-align: center;\"><strong>7.2<\/strong><\/p>\n<\/div>\n<\/div><\/div><div id=\"panel-gb3149-69e13b6f5d4cf-0-0-1\" class=\"so-panel widget widget_wonderplugin_videoembed_widget panel-last-child\" data-index=\"1\" ><div class=\"wonderplugin-video\" style=\"width:600px;height:400px;position:relative;background-color:#000;overflow:hidden;max-width:100%;margin:0 auto\" data-aspectratio=\"1.5\" data-embedtype=\"widget\"><iframe loading=\"lazy\" class=\"wpve-iframe\" width=\"100%\" height=\"100%\" src=\"https:\/\/www.youtube.com\/embed\/kF0bXTBCKxs?loop=1&amp;playlist=kF0bXTBCKxs\" frameborder=\"0\" allowfullscreen><\/iframe><\/div><\/div><\/div><div id=\"pgc-gb3149-69e13b6f5d4cf-0-1\"  class=\"panel-grid-cell panel-grid-cell-empty\" ><\/div><div id=\"pgc-gb3149-69e13b6f5d4cf-0-2\"  class=\"panel-grid-cell\" ><div id=\"panel-gb3149-69e13b6f5d4cf-0-2-0\" class=\"so-panel widget widget_sow-editor panel-first-child\" data-index=\"2\" ><div\n\t\t\t\n\t\t\tclass=\"so-widget-sow-editor so-widget-sow-editor-base\"\n\t\t\t\n\t\t>\n<div class=\"siteorigin-widget-tinymce textwidget\">\n\t<p style=\"text-align: center;\"><strong>7.3<\/strong><\/p>\n<\/div>\n<\/div><\/div><div id=\"panel-gb3149-69e13b6f5d4cf-0-2-1\" class=\"so-panel widget widget_wonderplugin_videoembed_widget panel-last-child\" data-index=\"3\" ><div class=\"wonderplugin-video\" style=\"width:600px;height:400px;position:relative;background-color:#000;overflow:hidden;max-width:100%;margin:0 auto\" data-aspectratio=\"1.5\" data-embedtype=\"widget\"><iframe loading=\"lazy\" class=\"wpve-iframe\" width=\"100%\" height=\"100%\" src=\"https:\/\/www.youtube.com\/embed\/vL_P5OWPPJg?loop=1&amp;playlist=vL_P5OWPPJg\" frameborder=\"0\" allowfullscreen><\/iframe><\/div><\/div><\/div><\/div><\/div>\n\n\n<\/div><\/div><\/div>","protected":false},"excerpt":{"rendered":"<p>You can find the latest software versions for AIR\u00b3 here: The easiest way to upgrade your apps is to use AIR\u00b3 Upgrader. Alternative way to upgrade XCTrack: Specific instructions:<\/p>","protected":false},"author":1,"featured_media":0,"parent":3525,"menu_order":0,"comment_status":"closed","ping_status":"closed","template":"template-fullwidth.php","meta":{"footnotes":""},"class_list":["post-3149","page","type-page","status-publish","hentry"],"yoast_head":"<!-- This site is optimized with the Yoast SEO plugin v27.4 - https:\/\/yoast.com\/product\/yoast-seo-wordpress\/ -->\n<title>Software Upgrade instructions - AIR\u00b3<\/title>\n<meta name=\"robots\" content=\"index, follow, max-snippet:-1, max-image-preview:large, max-video-preview:-1\" \/>\n<link rel=\"canonical\" href=\"https:\/\/www.fly-air3.com\/fr\/support\/miscellaneous\/software-upgrade-instructions\/\" \/>\n<meta property=\"og:locale\" content=\"fr_FR\" \/>\n<meta property=\"og:type\" content=\"article\" \/>\n<meta property=\"og:title\" content=\"Software Upgrade instructions - AIR\u00b3\" \/>\n<meta property=\"og:description\" content=\"You can find the latest software versions for AIR\u00b3 here: The easiest way to upgrade your apps is to use AIR\u00b3 Upgrader. Alternative way to upgrade XCTrack: Specific instructions:\" \/>\n<meta property=\"og:url\" content=\"https:\/\/www.fly-air3.com\/fr\/support\/miscellaneous\/software-upgrade-instructions\/\" \/>\n<meta property=\"og:site_name\" content=\"AIR\u00b3\" \/>\n<meta property=\"article:publisher\" content=\"https:\/\/www.facebook.com\/FLYAIRCUBE\/\" \/>\n<meta property=\"article:modified_time\" content=\"2025-02-28T15:42:54+00:00\" \/>\n<meta name=\"twitter:card\" content=\"summary_large_image\" \/>\n<meta name=\"twitter:label1\" content=\"Dur\u00e9e de lecture estim\u00e9e\" \/>\n\t<meta name=\"twitter:data1\" content=\"2 minutes\" \/>\n<script type=\"application\/ld+json\" class=\"yoast-schema-graph\">{\"@context\":\"https:\\\/\\\/schema.org\",\"@graph\":[{\"@type\":\"WebPage\",\"@id\":\"https:\\\/\\\/www.fly-air3.com\\\/support\\\/miscellaneous\\\/software-upgrade-instructions\\\/\",\"url\":\"https:\\\/\\\/www.fly-air3.com\\\/support\\\/miscellaneous\\\/software-upgrade-instructions\\\/\",\"name\":\"Software Upgrade instructions - AIR\u00b3\",\"isPartOf\":{\"@id\":\"https:\\\/\\\/www.fly-air3.com\\\/en\\\/#website\"},\"datePublished\":\"2020-01-19T08:42:03+00:00\",\"dateModified\":\"2025-02-28T15:42:54+00:00\",\"breadcrumb\":{\"@id\":\"https:\\\/\\\/www.fly-air3.com\\\/support\\\/miscellaneous\\\/software-upgrade-instructions\\\/#breadcrumb\"},\"inLanguage\":\"fr-FR\",\"potentialAction\":[{\"@type\":\"ReadAction\",\"target\":[\"https:\\\/\\\/www.fly-air3.com\\\/support\\\/miscellaneous\\\/software-upgrade-instructions\\\/\"]}]},{\"@type\":\"BreadcrumbList\",\"@id\":\"https:\\\/\\\/www.fly-air3.com\\\/support\\\/miscellaneous\\\/software-upgrade-instructions\\\/#breadcrumb\",\"itemListElement\":[{\"@type\":\"ListItem\",\"position\":1,\"name\":\"Home\",\"item\":\"https:\\\/\\\/www.fly-air3.com\\\/\"},{\"@type\":\"ListItem\",\"position\":2,\"name\":\"Support\",\"item\":\"https:\\\/\\\/www.fly-air3.com\\\/support\\\/\"},{\"@type\":\"ListItem\",\"position\":3,\"name\":\"Miscellaneous\",\"item\":\"https:\\\/\\\/www.fly-air3.com\\\/support\\\/miscellaneous\\\/\"},{\"@type\":\"ListItem\",\"position\":4,\"name\":\"Software Upgrade instructions\"}]},{\"@type\":\"WebSite\",\"@id\":\"https:\\\/\\\/www.fly-air3.com\\\/en\\\/#website\",\"url\":\"https:\\\/\\\/www.fly-air3.com\\\/en\\\/\",\"name\":\"AIR\u00b3\",\"description\":\"All in one Rugged 7&quot; Android New generation paragliding flight instrument. Vario GPS Livetracking\",\"publisher\":{\"@id\":\"https:\\\/\\\/www.fly-air3.com\\\/en\\\/#organization\"},\"potentialAction\":[{\"@type\":\"SearchAction\",\"target\":{\"@type\":\"EntryPoint\",\"urlTemplate\":\"https:\\\/\\\/www.fly-air3.com\\\/en\\\/?s={search_term_string}\"},\"query-input\":{\"@type\":\"PropertyValueSpecification\",\"valueRequired\":true,\"valueName\":\"search_term_string\"}}],\"inLanguage\":\"fr-FR\"},{\"@type\":\"Organization\",\"@id\":\"https:\\\/\\\/www.fly-air3.com\\\/en\\\/#organization\",\"name\":\"Berfon SPRL\",\"url\":\"https:\\\/\\\/www.fly-air3.com\\\/en\\\/\",\"logo\":{\"@type\":\"ImageObject\",\"inLanguage\":\"fr-FR\",\"@id\":\"https:\\\/\\\/www.fly-air3.com\\\/en\\\/#\\\/schema\\\/logo\\\/image\\\/\",\"url\":\"http:\\\/\\\/www.fly-air3.com\\\/wp-content\\\/uploads\\\/sites\\\/15\\\/2019\\\/04\\\/AIR\u00b3-CARRE_Logo.png\",\"contentUrl\":\"http:\\\/\\\/www.fly-air3.com\\\/wp-content\\\/uploads\\\/sites\\\/15\\\/2019\\\/04\\\/AIR\u00b3-CARRE_Logo.png\",\"width\":600,\"height\":600,\"caption\":\"Berfon SPRL\"},\"image\":{\"@id\":\"https:\\\/\\\/www.fly-air3.com\\\/en\\\/#\\\/schema\\\/logo\\\/image\\\/\"},\"sameAs\":[\"https:\\\/\\\/www.facebook.com\\\/FLYAIRCUBE\\\/\"]}]}<\/script>\n<!-- \/ Yoast SEO plugin. -->","yoast_head_json":{"title":"Software Upgrade instructions - AIR\u00b3","robots":{"index":"index","follow":"follow","max-snippet":"max-snippet:-1","max-image-preview":"max-image-preview:large","max-video-preview":"max-video-preview:-1"},"canonical":"https:\/\/www.fly-air3.com\/fr\/support\/miscellaneous\/software-upgrade-instructions\/","og_locale":"fr_FR","og_type":"article","og_title":"Software Upgrade instructions - AIR\u00b3","og_description":"You can find the latest software versions for AIR\u00b3 here: The easiest way to upgrade your apps is to use AIR\u00b3 Upgrader. Alternative way to upgrade XCTrack: Specific instructions:","og_url":"https:\/\/www.fly-air3.com\/fr\/support\/miscellaneous\/software-upgrade-instructions\/","og_site_name":"AIR\u00b3","article_publisher":"https:\/\/www.facebook.com\/FLYAIRCUBE\/","article_modified_time":"2025-02-28T15:42:54+00:00","twitter_card":"summary_large_image","twitter_misc":{"Dur\u00e9e de lecture estim\u00e9e":"2 minutes"},"schema":{"@context":"https:\/\/schema.org","@graph":[{"@type":"WebPage","@id":"https:\/\/www.fly-air3.com\/support\/miscellaneous\/software-upgrade-instructions\/","url":"https:\/\/www.fly-air3.com\/support\/miscellaneous\/software-upgrade-instructions\/","name":"Software Upgrade instructions - AIR\u00b3","isPartOf":{"@id":"https:\/\/www.fly-air3.com\/en\/#website"},"datePublished":"2020-01-19T08:42:03+00:00","dateModified":"2025-02-28T15:42:54+00:00","breadcrumb":{"@id":"https:\/\/www.fly-air3.com\/support\/miscellaneous\/software-upgrade-instructions\/#breadcrumb"},"inLanguage":"fr-FR","potentialAction":[{"@type":"ReadAction","target":["https:\/\/www.fly-air3.com\/support\/miscellaneous\/software-upgrade-instructions\/"]}]},{"@type":"BreadcrumbList","@id":"https:\/\/www.fly-air3.com\/support\/miscellaneous\/software-upgrade-instructions\/#breadcrumb","itemListElement":[{"@type":"ListItem","position":1,"name":"Home","item":"https:\/\/www.fly-air3.com\/"},{"@type":"ListItem","position":2,"name":"Support","item":"https:\/\/www.fly-air3.com\/support\/"},{"@type":"ListItem","position":3,"name":"Miscellaneous","item":"https:\/\/www.fly-air3.com\/support\/miscellaneous\/"},{"@type":"ListItem","position":4,"name":"Software Upgrade instructions"}]},{"@type":"WebSite","@id":"https:\/\/www.fly-air3.com\/en\/#website","url":"https:\/\/www.fly-air3.com\/en\/","name":"AIR\u00b3","description":"All in one Rugged 7&quot; Android New generation paragliding flight instrument. Vario GPS Livetracking","publisher":{"@id":"https:\/\/www.fly-air3.com\/en\/#organization"},"potentialAction":[{"@type":"SearchAction","target":{"@type":"EntryPoint","urlTemplate":"https:\/\/www.fly-air3.com\/en\/?s={search_term_string}"},"query-input":{"@type":"PropertyValueSpecification","valueRequired":true,"valueName":"search_term_string"}}],"inLanguage":"fr-FR"},{"@type":"Organization","@id":"https:\/\/www.fly-air3.com\/en\/#organization","name":"Berfon SPRL","url":"https:\/\/www.fly-air3.com\/en\/","logo":{"@type":"ImageObject","inLanguage":"fr-FR","@id":"https:\/\/www.fly-air3.com\/en\/#\/schema\/logo\/image\/","url":"http:\/\/www.fly-air3.com\/wp-content\/uploads\/sites\/15\/2019\/04\/AIR\u00b3-CARRE_Logo.png","contentUrl":"http:\/\/www.fly-air3.com\/wp-content\/uploads\/sites\/15\/2019\/04\/AIR\u00b3-CARRE_Logo.png","width":600,"height":600,"caption":"Berfon SPRL"},"image":{"@id":"https:\/\/www.fly-air3.com\/en\/#\/schema\/logo\/image\/"},"sameAs":["https:\/\/www.facebook.com\/FLYAIRCUBE\/"]}]}},"_links":{"self":[{"href":"https:\/\/www.fly-air3.com\/fr\/wp-json\/wp\/v2\/pages\/3149","targetHints":{"allow":["GET"]}}],"collection":[{"href":"https:\/\/www.fly-air3.com\/fr\/wp-json\/wp\/v2\/pages"}],"about":[{"href":"https:\/\/www.fly-air3.com\/fr\/wp-json\/wp\/v2\/types\/page"}],"author":[{"embeddable":true,"href":"https:\/\/www.fly-air3.com\/fr\/wp-json\/wp\/v2\/users\/1"}],"replies":[{"embeddable":true,"href":"https:\/\/www.fly-air3.com\/fr\/wp-json\/wp\/v2\/comments?post=3149"}],"version-history":[{"count":73,"href":"https:\/\/www.fly-air3.com\/fr\/wp-json\/wp\/v2\/pages\/3149\/revisions"}],"predecessor-version":[{"id":9536,"href":"https:\/\/www.fly-air3.com\/fr\/wp-json\/wp\/v2\/pages\/3149\/revisions\/9536"}],"up":[{"embeddable":true,"href":"https:\/\/www.fly-air3.com\/fr\/wp-json\/wp\/v2\/pages\/3525"}],"wp:attachment":[{"href":"https:\/\/www.fly-air3.com\/fr\/wp-json\/wp\/v2\/media?parent=3149"}],"curies":[{"name":"wp","href":"https:\/\/api.w.org\/{rel}","templated":true}]}}