{"id":3282,"date":"2020-03-05T14:56:28","date_gmt":"2020-03-05T12:56:28","guid":{"rendered":"http:\/\/www.fly-air3.com\/?page_id=3282"},"modified":"2024-01-22T15:26:04","modified_gmt":"2024-01-22T13:26:04","slug":"openair2air3","status":"publish","type":"page","link":"https:\/\/www.fly-air3.com\/fr\/support\/miscellaneous\/openair2air3\/","title":{"rendered":"Openair2AIR3"},"content":{"rendered":"<p>   <\/p>\n\n\n\n<p>  <\/p>\n\n\n<div id=\"pl-gb3282-69d65bad6f70f\"  class=\"panel-layout\" ><div id=\"pg-gb3282-69d65bad6f70f-0\"  class=\"panel-grid panel-no-style\" ><div id=\"pgc-gb3282-69d65bad6f70f-0-0\"  class=\"panel-grid-cell panel-grid-cell-empty\" ><\/div><div id=\"pgc-gb3282-69d65bad6f70f-0-1\"  class=\"panel-grid-cell panel-grid-cell-mobile-last\" ><div id=\"panel-gb3282-69d65bad6f70f-0-1-0\" class=\"so-panel widget widget_sow-editor panel-first-child panel-last-child\" data-index=\"0\" ><div\n\t\t\t\n\t\t\tclass=\"so-widget-sow-editor so-widget-sow-editor-base\"\n\t\t\t\n\t\t>\n<div class=\"siteorigin-widget-tinymce textwidget\">\n\t<h4 class=\"rich-text editor-rich-text__editable block-editor-rich-text__editable is-selected\" style=\"text-align: center;\" role=\"textbox\" contenteditable=\"true\" aria-multiline=\"true\" aria-label=\"Write heading\u2026\">Si vous avez atteint cette page, c'est soit parce que vous avez parcouru les pages support, soit parce que vous avez essay\u00e9 d'utiliser le bouton Openair2AIR\u00b3 sans la bonne configuration. Voici des informations pour mieux comprendre cette fonctionnalit\u00e9!<\/h4>\n<\/div>\n<\/div><\/div><\/div><div id=\"pgc-gb3282-69d65bad6f70f-0-2\"  class=\"panel-grid-cell panel-grid-cell-empty\" ><\/div><\/div><div id=\"pg-gb3282-69d65bad6f70f-1\"  class=\"panel-grid panel-no-style\" ><div id=\"pgc-gb3282-69d65bad6f70f-1-0\"  class=\"panel-grid-cell panel-grid-cell-empty\" ><\/div><div id=\"pgc-gb3282-69d65bad6f70f-1-1\"  class=\"panel-grid-cell panel-grid-cell-mobile-last\" ><div id=\"panel-gb3282-69d65bad6f70f-1-1-0\" class=\"so-panel widget widget_sow-editor panel-first-child panel-last-child\" data-index=\"1\" ><div\n\t\t\t\n\t\t\tclass=\"so-widget-sow-editor so-widget-sow-editor-base\"\n\t\t\t\n\t\t>\n<div class=\"siteorigin-widget-tinymce textwidget\">\n\t<p>Openair2AIR\u00b3: obtenez facilement un fichier Openair valid\u00e9 partag\u00e9 avec vous sur Google Drive<\/p>\n<p style=\"text-align: left;\">Si vous n'avez pas configur\u00e9 votre instrument avec le bon acc\u00e8s Google Drive et que vous essayez d'utiliser l'une des fonctionnalit\u00e9s d'Air\u00b3 Manager qui tente de se connecter \u00e0 ce Google Drive (Liste de fichiers, T\u00e9l\u00e9charger le fichier Openair ou \"T\u00e9l\u00e9charger le fichier Openair au d\u00e9marrage\" dans les param\u00e8tres ), vous recevrez un message \"Cette application est bloqu\u00e9e\".<\/p>\n<\/div>\n<\/div><\/div><\/div><div id=\"pgc-gb3282-69d65bad6f70f-1-2\"  class=\"panel-grid-cell panel-grid-cell-empty\" ><\/div><\/div><div id=\"pg-gb3282-69d65bad6f70f-2\"  class=\"panel-grid panel-no-style\" ><div id=\"pgc-gb3282-69d65bad6f70f-2-0\"  class=\"panel-grid-cell panel-grid-cell-empty\" ><\/div><div id=\"pgc-gb3282-69d65bad6f70f-2-1\"  class=\"panel-grid-cell\" ><div id=\"panel-gb3282-69d65bad6f70f-2-1-0\" class=\"so-panel widget widget_sow-image panel-first-child panel-last-child\" data-index=\"2\" ><div\n\t\t\t\n\t\t\tclass=\"so-widget-sow-image so-widget-sow-image-default-8b5b6f678277-3282\"\n\t\t\t\n\t\t>\n<div class=\"sow-image-container\">\n\t\t<img \n\tsrc=\"https:\/\/www.fly-air3.com\/wp-content\/uploads\/sites\/15\/2019\/04\/Openair2AIR\u00b3.png\" width=\"567\" height=\"567\" srcset=\"https:\/\/www.fly-air3.com\/wp-content\/uploads\/sites\/15\/2019\/04\/Openair2AIR\u00b3.png 567w, https:\/\/www.fly-air3.com\/wp-content\/uploads\/sites\/15\/2019\/04\/Openair2AIR\u00b3-150x150.png 150w, https:\/\/www.fly-air3.com\/wp-content\/uploads\/sites\/15\/2019\/04\/Openair2AIR\u00b3-300x300.png 300w, https:\/\/www.fly-air3.com\/wp-content\/uploads\/sites\/15\/2019\/04\/Openair2AIR\u00b3-250x250.png 250w, https:\/\/www.fly-air3.com\/wp-content\/uploads\/sites\/15\/2019\/04\/Openair2AIR\u00b3-174x174.png 174w\" sizes=\"(max-width: 567px) 100vw, 567px\" title=\"Automatic Download Openair file\" alt=\"\" \t\tclass=\"so-widget-image\"\/>\n\t<\/div>\n\n<\/div><\/div><\/div><div id=\"pgc-gb3282-69d65bad6f70f-2-2\"  class=\"panel-grid-cell panel-grid-cell-empty\" ><\/div><div id=\"pgc-gb3282-69d65bad6f70f-2-3\"  class=\"panel-grid-cell\" ><div id=\"panel-gb3282-69d65bad6f70f-2-3-0\" class=\"so-panel widget widget_sow-image panel-first-child panel-last-child\" data-index=\"3\" ><div\n\t\t\t\n\t\t\tclass=\"so-widget-sow-image so-widget-sow-image-default-8b5b6f678277-3282\"\n\t\t\t\n\t\t>\n<div class=\"sow-image-container\">\n\t\t<img \n\tsrc=\"https:\/\/www.fly-air3.com\/wp-content\/uploads\/sites\/15\/2022\/10\/AIR\u00b3-Manager-menu-only-openair.png\" width=\"590\" height=\"684\" srcset=\"https:\/\/www.fly-air3.com\/wp-content\/uploads\/sites\/15\/2022\/10\/AIR\u00b3-Manager-menu-only-openair.png 590w, https:\/\/www.fly-air3.com\/wp-content\/uploads\/sites\/15\/2022\/10\/AIR\u00b3-Manager-menu-only-openair-259x300.png 259w, https:\/\/www.fly-air3.com\/wp-content\/uploads\/sites\/15\/2022\/10\/AIR\u00b3-Manager-menu-only-openair-10x12.png 10w\" sizes=\"(max-width: 590px) 100vw, 590px\" title=\"AIR\u00b3 Manager menu only-openair\" alt=\"\" \t\tclass=\"so-widget-image\"\/>\n\t<\/div>\n\n<\/div><\/div><\/div><div id=\"pgc-gb3282-69d65bad6f70f-2-4\"  class=\"panel-grid-cell panel-grid-cell-empty\" ><\/div><div id=\"pgc-gb3282-69d65bad6f70f-2-5\"  class=\"panel-grid-cell panel-grid-cell-mobile-last\" ><div id=\"panel-gb3282-69d65bad6f70f-2-5-0\" class=\"so-panel widget widget_sow-image panel-first-child panel-last-child\" data-index=\"4\" ><div\n\t\t\t\n\t\t\tclass=\"so-widget-sow-image so-widget-sow-image-default-8b5b6f678277-3282\"\n\t\t\t\n\t\t>\n<div class=\"sow-image-container\">\n\t\t<img \n\tsrc=\"https:\/\/www.fly-air3.com\/wp-content\/uploads\/sites\/15\/2022\/10\/AIR\u00b3-manager-settings-only-openair.png\" width=\"662\" height=\"280\" srcset=\"https:\/\/www.fly-air3.com\/wp-content\/uploads\/sites\/15\/2022\/10\/AIR\u00b3-manager-settings-only-openair.png 662w, https:\/\/www.fly-air3.com\/wp-content\/uploads\/sites\/15\/2022\/10\/AIR\u00b3-manager-settings-only-openair-300x127.png 300w, https:\/\/www.fly-air3.com\/wp-content\/uploads\/sites\/15\/2022\/10\/AIR\u00b3-manager-settings-only-openair-18x8.png 18w\" sizes=\"(max-width: 662px) 100vw, 662px\" title=\"AIR\u00b3 manager settings-only-openair\" alt=\"\" \t\tclass=\"so-widget-image\"\/>\n\t<\/div>\n\n<\/div><\/div><\/div><div id=\"pgc-gb3282-69d65bad6f70f-2-6\"  class=\"panel-grid-cell panel-grid-cell-empty\" ><\/div><\/div><div id=\"pg-gb3282-69d65bad6f70f-3\"  class=\"panel-grid panel-no-style\" ><div id=\"pgc-gb3282-69d65bad6f70f-3-0\"  class=\"panel-grid-cell panel-grid-cell-empty\" ><\/div><div id=\"pgc-gb3282-69d65bad6f70f-3-1\"  class=\"panel-grid-cell panel-grid-cell-mobile-last\" ><div id=\"panel-gb3282-69d65bad6f70f-3-1-0\" class=\"so-panel widget widget_sow-editor panel-first-child panel-last-child\" data-index=\"5\" ><div\n\t\t\t\n\t\t\tclass=\"so-widget-sow-editor so-widget-sow-editor-base\"\n\t\t\t\n\t\t>\n<div class=\"siteorigin-widget-tinymce textwidget\">\n\t<p style=\"text-align: left;\">Pour \u00e9viter toute confusion, nous avons modifi\u00e9 le menu d'AIR\u00b3 Manager \u00e0 partir de la version 2.10. Nous recommandons FORTEMENT de mettre \u00e0 jour AIR\u00b3 Manager pour \u00e9viter une telle confusion possible. <a href=\"https:\/\/www.fly-air3.com\/fr\/support\/miscellaneous\/software-upgrade-instructions\/\" target=\"_blank\" rel=\"noopener\">Consultez la page des instructions de mise \u00e0 niveau du logiciel<\/a>.<\/p>\n<p>Avec la version 2.10 ou sup\u00e9rieure, vous n'acc\u00e9derez \u00e0 ces fonctionnalit\u00e9s que si vous activez \u00ab T\u00e9l\u00e9charger le fichier Openair \u00bb dans les param\u00e8tres d'AIR\u00b3 Manager.<\/p>\n<\/div>\n<\/div><\/div><\/div><div id=\"pgc-gb3282-69d65bad6f70f-3-2\"  class=\"panel-grid-cell panel-grid-cell-empty\" ><\/div><\/div><div id=\"pg-gb3282-69d65bad6f70f-4\"  class=\"panel-grid panel-no-style\" ><div id=\"pgc-gb3282-69d65bad6f70f-4-0\"  class=\"panel-grid-cell panel-grid-cell-empty\" ><\/div><\/div><\/div>\n\n\n<hr class=\"wp-block-separator has-css-opacity\"\/>\n\n\n\n<p>REMARQUE IMPORTANTE\u00a0: NOUS VOUS RECOMMANDONS D'UTILISER LES INFORMATIONS SUR L'ESPACE A\u00c9RIEN DIRECTEMENT \u00c0 PARTIR DE XCTRACK\/XCONTEST. LA FONCTIONNALIT\u00c9 OPENAIR2AIR3 A \u00c9T\u00c9 D\u00c9VELOPP\u00c9E POUR LES R\u00c9GIONS NON COUVERTES CORRECTEMENT OU POUR DES RAISONS LOCALES SP\u00c9CIFIQUES. L'UTILISATION DES INFORMATIONS DE L'ESPACE A\u00c9RIEN DIRECTEMENT \u00c0 PARTIR DE XCTRACK OFFRE DE NOMBREUX AVANTAGES TELS QUE LES ACTIVIT\u00c9S DE ZONE EN TEMPS R\u00c9EL. Pour en savoir plus sur l'activation des espaces a\u00e9riens dans XCTrack, <a href=\"https:\/\/www.fly-air3.com\/fr\/support\/xctrack-manual\/preferences2\/#XCTrack-Preferences-Airspaces-Web\" target=\"_blank\" rel=\"noreferrer noopener\">lire plus d'informations sur l'espace a\u00e9rien dans Menu\/Pr\u00e9f\u00e9rences\/Espaces a\u00e9riens<\/a>.<\/p>\n\n\n\n<p>Les informations sur les espaces a\u00e9riens peuvent \u00eatre fournies \u00e0 l'instrument via un fichier Openair. Les activit\u00e9s des zones de l'espace a\u00e9rien sont en constante \u00e9volution. Cela signifie que les fichiers Openair doivent \u00eatre r\u00e9guli\u00e8rement mis \u00e0 jour en fonction de ces mises \u00e0 jour.<\/p>\n\n\n\n<p>Il existe 2 fa\u00e7ons de permettre \u00e0 XCTrack d'obtenir l'espace a\u00e9rien\u00a0: <\/p>\n\n\n\n<ul class=\"wp-block-list\">\n<li>Fichier Openair via Air\u00b3 Manager avec la fonction Openair2AIR3 ou au d\u00e9marrage de l'appareil.<\/li>\n\n\n\n<li>Automatique dans XCTrack (recommand\u00e9).<\/li>\n<\/ul>\n\n\n\n<p><\/p>\n\n\n\n<hr class=\"wp-block-separator has-css-opacity\"\/>\n\n\n\n<h3 class=\"wp-block-heading\">Obtenir un fichier Openair via AIR\u00b3 Manager (T\u00e9l\u00e9charger le fichier Openair dans le menu AIR\u00b3 Manager ou au d\u00e9marrage si d\u00e9fini de cette mani\u00e8re)\u00a0:<\/h3>\n\n\n\n<p>  <\/p>\n\n\n\n<p>Id\u00e9alement, les fichiers openair devraient \u00eatre produits \u00e0 partir d\u2019une analyse quotidienne des Notam afin de d\u00e9terminer humainement quels espaces a\u00e9riens sont activ\u00e9s ou non.&nbsp;<\/p>\n\n\n\n<p>Un groupe de pilotes se concentrant sur une r\u00e9gion donn\u00e9e peuvent s'organiser pour valider les fichiers Openair correspondant \u00e0 leur r\u00e9gion et les publier sur un dossier Google Drive. En partageant ce dossier avec les pilotes int\u00e9ress\u00e9s, AIR\u00b3 Manager peut t\u00e9l\u00e9charger automatiquement le dernier fichier Openair publi\u00e9 (ou directement via le menu Download Openair file).&nbsp;<\/p>\n\n\n\n<p>Air\u00b3 Manager copiera les fichiers d\u2019espace a\u00e9rien en format openair dans le r\u00e9pertoire Airspaces d'XCTrack sous le nom de \u00ab Most_recent_OA.txt \u00bb et en fera une deuxi\u00e8me copie dans le r\u00e9pertoire. En choisissant ce fichier \"Most_recent_OA.txt\" une fois pour toutes, Air\u00b3 utilisera automatiquement le dernier fichier openair publi\u00e9 sur ce dossier partag\u00e9 sans aucune difficult\u00e9.<\/p>\n\n\n\n<p>Pour que ce m\u00e9canisme fonctionne, vous avez besoin de:<\/p>\n\n\n\n<ul class=\"wp-block-list\">\n<li>une connexion Internet lors de la tentative d'obtention du fichier Openair<\/li>\n\n\n\n<li><strong>un compte Google configur\u00e9 sur l'AIR\u00b3<\/strong><\/li>\n\n\n\n<li><strong>droits de lecture ou d'\u00e9criture sur un Drive partag\u00e9 Google dans lequel le fichier Openair est publi\u00e9<\/strong> et correspondant au compte Google configur\u00e9 sur AIR\u00b3.<\/li>\n\n\n\n<li> Fichiers Openair qui ont la structure conventionnelle correcte (lire plus sur la convention de nommage dans le lien ci-dessous)<\/li>\n<\/ul>\n\n\n\n<p><\/p>\n\n\n\n<p>Si les conditions ne correspondent pas, vous obtiendrez le message suivant\u00a0:<\/p>\n\n\n<div id=\"pl-gb3282-69d65bad721c4\"  class=\"panel-layout\" ><div id=\"pg-gb3282-69d65bad721c4-0\"  class=\"panel-grid panel-no-style\" ><div id=\"pgc-gb3282-69d65bad721c4-0-0\"  class=\"panel-grid-cell panel-grid-cell-empty\" ><\/div><div id=\"pgc-gb3282-69d65bad721c4-0-1\"  class=\"panel-grid-cell panel-grid-cell-mobile-last\" ><div id=\"panel-gb3282-69d65bad721c4-0-1-0\" class=\"so-panel widget widget_sow-image panel-first-child panel-last-child\" data-index=\"0\" ><div\n\t\t\t\n\t\t\tclass=\"so-widget-sow-image so-widget-sow-image-default-8b5b6f678277-3282\"\n\t\t\t\n\t\t>\n<div class=\"sow-image-container\">\n\t\t<img \n\tsrc=\"https:\/\/www.fly-air3.com\/wp-content\/uploads\/sites\/15\/2022\/08\/app-is-blocked.png\" width=\"1920\" height=\"1200\" srcset=\"https:\/\/www.fly-air3.com\/wp-content\/uploads\/sites\/15\/2022\/08\/app-is-blocked.png 1920w, https:\/\/www.fly-air3.com\/wp-content\/uploads\/sites\/15\/2022\/08\/app-is-blocked-300x188.png 300w, https:\/\/www.fly-air3.com\/wp-content\/uploads\/sites\/15\/2022\/08\/app-is-blocked-1024x640.png 1024w, https:\/\/www.fly-air3.com\/wp-content\/uploads\/sites\/15\/2022\/08\/app-is-blocked-768x480.png 768w, https:\/\/www.fly-air3.com\/wp-content\/uploads\/sites\/15\/2022\/08\/app-is-blocked-1536x960.png 1536w, https:\/\/www.fly-air3.com\/wp-content\/uploads\/sites\/15\/2022\/08\/app-is-blocked-18x12.png 18w\" sizes=\"(max-width: 1920px) 100vw, 1920px\" title=\"app is blocked\" alt=\"\" \t\tclass=\"so-widget-image\"\/>\n\t<\/div>\n\n<\/div><\/div><\/div><div id=\"pgc-gb3282-69d65bad721c4-0-2\"  class=\"panel-grid-cell panel-grid-cell-empty\" ><\/div><\/div><div id=\"pg-gb3282-69d65bad721c4-1\"  class=\"panel-grid panel-no-style\" ><div id=\"pgc-gb3282-69d65bad721c4-1-0\"  class=\"panel-grid-cell panel-grid-cell-empty panel-grid-cell-mobile-last\" ><\/div><div id=\"pgc-gb3282-69d65bad721c4-1-1\"  class=\"panel-grid-cell panel-grid-cell-empty\" ><\/div><\/div><\/div>\n\n\n<p>Pour r\u00e9soudre ce probl\u00e8me, il suffit de relire les commentaires pr\u00e9c\u00e9dents concernant les conditions pour que le m\u00e9canisme fonctionne et param\u00e9trer votre appareil et le Google drive en cons\u00e9quence.<\/p>\n\n\n\n<p>Vous pouvez \u00e9galement avoir plus de d\u00e9tails concernant le t\u00e9l\u00e9chargement d'Openair sur AIR\u00b3 <a aria-label=\"here (opens in a new tab)\" href=\"http:\/\/shop.fly-air3.com\/blog\/air3-air3-new-generation-flight-instrument-news-1\/post\/air3-manager-and-openair-manager-12\" target=\"_blank\" rel=\"noreferrer noopener\">ici<\/a><\/p>\n\n\n\n<hr class=\"wp-block-separator has-css-opacity\"\/>\n\n\n\n<h3 class=\"wp-block-heading\">&nbsp;Mise \u00e0 jour automatique de l'espace a\u00e9rien depuis airspace.xctontest.org:<\/h3>\n\n\n\n<p>  <\/p>\n\n\n\n<p>XCTrack peut utiliser les espaces a\u00e9riens \u00e0 partir de http:\/\/airspace.xcontest.org automatiquement.&nbsp;<\/p>\n\n\n\n<p>Choisissez les pays dans Pr\u00e9f\u00e9rences -&gt; espaces a\u00e9riens -&gt; Web Tappez \u2018\u2018Rafraichir\u2019\u2019<\/p>\n\n\n\n<p>Les activations de l'espace a\u00e9rien sont automatiquement v\u00e9rifi\u00e9es au red\u00e9marrage de XCTrack. C'est la m\u00e9thode pr\u00e9f\u00e9r\u00e9e. N'UTILISEZ la premi\u00e8re m\u00e9thode d\u00e9crite (Openair2AIR3) que si vous n'\u00eates pas satisfait de cette deuxi\u00e8me m\u00e9thode.<\/p>\n\n\n\n<hr class=\"wp-block-separator has-css-opacity\"\/>\n\n\n\n<p> <\/p>","protected":false},"excerpt":{"rendered":"<p>IMPORTANT NOTE: WE RECOMMEND USING AIRSPACE INFORMATION DIRECTLY FROM XCTRACK\/XCONTEST. THE OPENAIR2AIR3 FEATURE HAS BEEN DEVELOPPED FOR REGIONS NOT CORRECTLY COVERED OR FOR SPECIFIC LOCAL REASONS. USING AIRSPACE INFORMATION DIRECTLY FROM XCTRACK GIVES MANY ADVANTAGES SUCH AS REAL TIME ZONE ACTIVITIES. To know more how to activate Airspaces within XCTrack, check the Airspace info in <a href=\"https:\/\/www.fly-air3.com\/fr\/support\/miscellaneous\/openair2air3\/\" rel=\"nofollow\"><span class=\"sr-only\">En savoir plus surOpenair2AIR3<\/span>[&hellip;]<\/a><\/p>\n","protected":false},"author":1,"featured_media":0,"parent":3525,"menu_order":0,"comment_status":"closed","ping_status":"closed","template":"template-fullwidth.php","meta":{"footnotes":""},"class_list":["post-3282","page","type-page","status-publish","hentry"],"yoast_head":"<!-- This site is optimized with the Yoast SEO plugin v27.3 - https:\/\/yoast.com\/product\/yoast-seo-wordpress\/ -->\n<title>Openair2AIR3 - AIR\u00b3<\/title>\n<meta name=\"robots\" content=\"index, follow, max-snippet:-1, max-image-preview:large, max-video-preview:-1\" \/>\n<link rel=\"canonical\" href=\"https:\/\/www.fly-air3.com\/fr\/support\/miscellaneous\/openair2air3\/\" \/>\n<meta property=\"og:locale\" content=\"fr_FR\" \/>\n<meta property=\"og:type\" content=\"article\" \/>\n<meta property=\"og:title\" content=\"Openair2AIR3 - AIR\u00b3\" \/>\n<meta property=\"og:description\" content=\"IMPORTANT NOTE: WE RECOMMEND USING AIRSPACE INFORMATION DIRECTLY FROM XCTRACK\/XCONTEST. THE OPENAIR2AIR3 FEATURE HAS BEEN DEVELOPPED FOR REGIONS NOT CORRECTLY COVERED OR FOR SPECIFIC LOCAL REASONS. USING AIRSPACE INFORMATION DIRECTLY FROM XCTRACK GIVES MANY ADVANTAGES SUCH AS REAL TIME ZONE ACTIVITIES. To know more how to activate Airspaces within XCTrack, check the Airspace info in En savoir plus surOpenair2AIR3[&hellip;]\" \/>\n<meta property=\"og:url\" content=\"https:\/\/www.fly-air3.com\/fr\/support\/miscellaneous\/openair2air3\/\" \/>\n<meta property=\"og:site_name\" content=\"AIR\u00b3\" \/>\n<meta property=\"article:publisher\" content=\"https:\/\/www.facebook.com\/FLYAIRCUBE\/\" \/>\n<meta property=\"article:modified_time\" content=\"2024-01-22T13:26:04+00:00\" \/>\n<meta property=\"og:image\" content=\"https:\/\/www.fly-air3.com\/wp-content\/uploads\/sites\/15\/2022\/08\/app-is-blocked.png\" \/>\n<meta name=\"twitter:card\" content=\"summary_large_image\" \/>\n<meta name=\"twitter:label1\" content=\"Dur\u00e9e de lecture estim\u00e9e\" \/>\n\t<meta name=\"twitter:data1\" content=\"4 minutes\" \/>\n<script type=\"application\/ld+json\" class=\"yoast-schema-graph\">{\"@context\":\"https:\\\/\\\/schema.org\",\"@graph\":[{\"@type\":\"WebPage\",\"@id\":\"https:\\\/\\\/www.fly-air3.com\\\/support\\\/miscellaneous\\\/openair2air3\\\/\",\"url\":\"https:\\\/\\\/www.fly-air3.com\\\/support\\\/miscellaneous\\\/openair2air3\\\/\",\"name\":\"Openair2AIR3 - AIR\u00b3\",\"isPartOf\":{\"@id\":\"https:\\\/\\\/www.fly-air3.com\\\/en\\\/#website\"},\"primaryImageOfPage\":{\"@id\":\"https:\\\/\\\/www.fly-air3.com\\\/support\\\/miscellaneous\\\/openair2air3\\\/#primaryimage\"},\"image\":{\"@id\":\"https:\\\/\\\/www.fly-air3.com\\\/support\\\/miscellaneous\\\/openair2air3\\\/#primaryimage\"},\"thumbnailUrl\":\"https:\\\/\\\/www.fly-air3.com\\\/wp-content\\\/uploads\\\/sites\\\/15\\\/2022\\\/08\\\/app-is-blocked.png\",\"datePublished\":\"2020-03-05T12:56:28+00:00\",\"dateModified\":\"2024-01-22T13:26:04+00:00\",\"breadcrumb\":{\"@id\":\"https:\\\/\\\/www.fly-air3.com\\\/support\\\/miscellaneous\\\/openair2air3\\\/#breadcrumb\"},\"inLanguage\":\"fr-FR\",\"potentialAction\":[{\"@type\":\"ReadAction\",\"target\":[\"https:\\\/\\\/www.fly-air3.com\\\/support\\\/miscellaneous\\\/openair2air3\\\/\"]}]},{\"@type\":\"ImageObject\",\"inLanguage\":\"fr-FR\",\"@id\":\"https:\\\/\\\/www.fly-air3.com\\\/support\\\/miscellaneous\\\/openair2air3\\\/#primaryimage\",\"url\":\"https:\\\/\\\/www.fly-air3.com\\\/wp-content\\\/uploads\\\/sites\\\/15\\\/2022\\\/08\\\/app-is-blocked.png\",\"contentUrl\":\"https:\\\/\\\/www.fly-air3.com\\\/wp-content\\\/uploads\\\/sites\\\/15\\\/2022\\\/08\\\/app-is-blocked.png\"},{\"@type\":\"BreadcrumbList\",\"@id\":\"https:\\\/\\\/www.fly-air3.com\\\/support\\\/miscellaneous\\\/openair2air3\\\/#breadcrumb\",\"itemListElement\":[{\"@type\":\"ListItem\",\"position\":1,\"name\":\"Home\",\"item\":\"https:\\\/\\\/www.fly-air3.com\\\/\"},{\"@type\":\"ListItem\",\"position\":2,\"name\":\"Support\",\"item\":\"https:\\\/\\\/www.fly-air3.com\\\/support\\\/\"},{\"@type\":\"ListItem\",\"position\":3,\"name\":\"Miscellaneous\",\"item\":\"https:\\\/\\\/www.fly-air3.com\\\/support\\\/miscellaneous\\\/\"},{\"@type\":\"ListItem\",\"position\":4,\"name\":\"Openair2AIR3\"}]},{\"@type\":\"WebSite\",\"@id\":\"https:\\\/\\\/www.fly-air3.com\\\/en\\\/#website\",\"url\":\"https:\\\/\\\/www.fly-air3.com\\\/en\\\/\",\"name\":\"AIR\u00b3\",\"description\":\"All in one Rugged 7&quot; Android New generation paragliding flight instrument. Vario GPS Livetracking\",\"publisher\":{\"@id\":\"https:\\\/\\\/www.fly-air3.com\\\/en\\\/#organization\"},\"potentialAction\":[{\"@type\":\"SearchAction\",\"target\":{\"@type\":\"EntryPoint\",\"urlTemplate\":\"https:\\\/\\\/www.fly-air3.com\\\/en\\\/?s={search_term_string}\"},\"query-input\":{\"@type\":\"PropertyValueSpecification\",\"valueRequired\":true,\"valueName\":\"search_term_string\"}}],\"inLanguage\":\"fr-FR\"},{\"@type\":\"Organization\",\"@id\":\"https:\\\/\\\/www.fly-air3.com\\\/en\\\/#organization\",\"name\":\"Berfon SPRL\",\"url\":\"https:\\\/\\\/www.fly-air3.com\\\/en\\\/\",\"logo\":{\"@type\":\"ImageObject\",\"inLanguage\":\"fr-FR\",\"@id\":\"https:\\\/\\\/www.fly-air3.com\\\/en\\\/#\\\/schema\\\/logo\\\/image\\\/\",\"url\":\"http:\\\/\\\/www.fly-air3.com\\\/wp-content\\\/uploads\\\/sites\\\/15\\\/2019\\\/04\\\/AIR\u00b3-CARRE_Logo.png\",\"contentUrl\":\"http:\\\/\\\/www.fly-air3.com\\\/wp-content\\\/uploads\\\/sites\\\/15\\\/2019\\\/04\\\/AIR\u00b3-CARRE_Logo.png\",\"width\":600,\"height\":600,\"caption\":\"Berfon SPRL\"},\"image\":{\"@id\":\"https:\\\/\\\/www.fly-air3.com\\\/en\\\/#\\\/schema\\\/logo\\\/image\\\/\"},\"sameAs\":[\"https:\\\/\\\/www.facebook.com\\\/FLYAIRCUBE\\\/\"]}]}<\/script>\n<!-- \/ Yoast SEO plugin. -->","yoast_head_json":{"title":"Openair2AIR3 - AIR\u00b3","robots":{"index":"index","follow":"follow","max-snippet":"max-snippet:-1","max-image-preview":"max-image-preview:large","max-video-preview":"max-video-preview:-1"},"canonical":"https:\/\/www.fly-air3.com\/fr\/support\/miscellaneous\/openair2air3\/","og_locale":"fr_FR","og_type":"article","og_title":"Openair2AIR3 - AIR\u00b3","og_description":"IMPORTANT NOTE: WE RECOMMEND USING AIRSPACE INFORMATION DIRECTLY FROM XCTRACK\/XCONTEST. THE OPENAIR2AIR3 FEATURE HAS BEEN DEVELOPPED FOR REGIONS NOT CORRECTLY COVERED OR FOR SPECIFIC LOCAL REASONS. USING AIRSPACE INFORMATION DIRECTLY FROM XCTRACK GIVES MANY ADVANTAGES SUCH AS REAL TIME ZONE ACTIVITIES. To know more how to activate Airspaces within XCTrack, check the Airspace info in En savoir plus surOpenair2AIR3[&hellip;]","og_url":"https:\/\/www.fly-air3.com\/fr\/support\/miscellaneous\/openair2air3\/","og_site_name":"AIR\u00b3","article_publisher":"https:\/\/www.facebook.com\/FLYAIRCUBE\/","article_modified_time":"2024-01-22T13:26:04+00:00","og_image":[{"url":"https:\/\/www.fly-air3.com\/wp-content\/uploads\/sites\/15\/2022\/08\/app-is-blocked.png","type":"","width":"","height":""}],"twitter_card":"summary_large_image","twitter_misc":{"Dur\u00e9e de lecture estim\u00e9e":"4 minutes"},"schema":{"@context":"https:\/\/schema.org","@graph":[{"@type":"WebPage","@id":"https:\/\/www.fly-air3.com\/support\/miscellaneous\/openair2air3\/","url":"https:\/\/www.fly-air3.com\/support\/miscellaneous\/openair2air3\/","name":"Openair2AIR3 - AIR\u00b3","isPartOf":{"@id":"https:\/\/www.fly-air3.com\/en\/#website"},"primaryImageOfPage":{"@id":"https:\/\/www.fly-air3.com\/support\/miscellaneous\/openair2air3\/#primaryimage"},"image":{"@id":"https:\/\/www.fly-air3.com\/support\/miscellaneous\/openair2air3\/#primaryimage"},"thumbnailUrl":"https:\/\/www.fly-air3.com\/wp-content\/uploads\/sites\/15\/2022\/08\/app-is-blocked.png","datePublished":"2020-03-05T12:56:28+00:00","dateModified":"2024-01-22T13:26:04+00:00","breadcrumb":{"@id":"https:\/\/www.fly-air3.com\/support\/miscellaneous\/openair2air3\/#breadcrumb"},"inLanguage":"fr-FR","potentialAction":[{"@type":"ReadAction","target":["https:\/\/www.fly-air3.com\/support\/miscellaneous\/openair2air3\/"]}]},{"@type":"ImageObject","inLanguage":"fr-FR","@id":"https:\/\/www.fly-air3.com\/support\/miscellaneous\/openair2air3\/#primaryimage","url":"https:\/\/www.fly-air3.com\/wp-content\/uploads\/sites\/15\/2022\/08\/app-is-blocked.png","contentUrl":"https:\/\/www.fly-air3.com\/wp-content\/uploads\/sites\/15\/2022\/08\/app-is-blocked.png"},{"@type":"BreadcrumbList","@id":"https:\/\/www.fly-air3.com\/support\/miscellaneous\/openair2air3\/#breadcrumb","itemListElement":[{"@type":"ListItem","position":1,"name":"Home","item":"https:\/\/www.fly-air3.com\/"},{"@type":"ListItem","position":2,"name":"Support","item":"https:\/\/www.fly-air3.com\/support\/"},{"@type":"ListItem","position":3,"name":"Miscellaneous","item":"https:\/\/www.fly-air3.com\/support\/miscellaneous\/"},{"@type":"ListItem","position":4,"name":"Openair2AIR3"}]},{"@type":"WebSite","@id":"https:\/\/www.fly-air3.com\/en\/#website","url":"https:\/\/www.fly-air3.com\/en\/","name":"AIR\u00b3","description":"All in one Rugged 7&quot; Android New generation paragliding flight instrument. Vario GPS Livetracking","publisher":{"@id":"https:\/\/www.fly-air3.com\/en\/#organization"},"potentialAction":[{"@type":"SearchAction","target":{"@type":"EntryPoint","urlTemplate":"https:\/\/www.fly-air3.com\/en\/?s={search_term_string}"},"query-input":{"@type":"PropertyValueSpecification","valueRequired":true,"valueName":"search_term_string"}}],"inLanguage":"fr-FR"},{"@type":"Organization","@id":"https:\/\/www.fly-air3.com\/en\/#organization","name":"Berfon SPRL","url":"https:\/\/www.fly-air3.com\/en\/","logo":{"@type":"ImageObject","inLanguage":"fr-FR","@id":"https:\/\/www.fly-air3.com\/en\/#\/schema\/logo\/image\/","url":"http:\/\/www.fly-air3.com\/wp-content\/uploads\/sites\/15\/2019\/04\/AIR\u00b3-CARRE_Logo.png","contentUrl":"http:\/\/www.fly-air3.com\/wp-content\/uploads\/sites\/15\/2019\/04\/AIR\u00b3-CARRE_Logo.png","width":600,"height":600,"caption":"Berfon SPRL"},"image":{"@id":"https:\/\/www.fly-air3.com\/en\/#\/schema\/logo\/image\/"},"sameAs":["https:\/\/www.facebook.com\/FLYAIRCUBE\/"]}]}},"_links":{"self":[{"href":"https:\/\/www.fly-air3.com\/fr\/wp-json\/wp\/v2\/pages\/3282","targetHints":{"allow":["GET"]}}],"collection":[{"href":"https:\/\/www.fly-air3.com\/fr\/wp-json\/wp\/v2\/pages"}],"about":[{"href":"https:\/\/www.fly-air3.com\/fr\/wp-json\/wp\/v2\/types\/page"}],"author":[{"embeddable":true,"href":"https:\/\/www.fly-air3.com\/fr\/wp-json\/wp\/v2\/users\/1"}],"replies":[{"embeddable":true,"href":"https:\/\/www.fly-air3.com\/fr\/wp-json\/wp\/v2\/comments?post=3282"}],"version-history":[{"count":34,"href":"https:\/\/www.fly-air3.com\/fr\/wp-json\/wp\/v2\/pages\/3282\/revisions"}],"predecessor-version":[{"id":8970,"href":"https:\/\/www.fly-air3.com\/fr\/wp-json\/wp\/v2\/pages\/3282\/revisions\/8970"}],"up":[{"embeddable":true,"href":"https:\/\/www.fly-air3.com\/fr\/wp-json\/wp\/v2\/pages\/3525"}],"wp:attachment":[{"href":"https:\/\/www.fly-air3.com\/fr\/wp-json\/wp\/v2\/media?parent=3282"}],"curies":[{"name":"wp","href":"https:\/\/api.w.org\/{rel}","templated":true}]}}