{"id":3523,"date":"2020-04-06T18:44:03","date_gmt":"2020-04-06T16:44:03","guid":{"rendered":"http:\/\/www.fly-air3.com\/?page_id=3523"},"modified":"2023-03-16T16:53:32","modified_gmt":"2023-03-16T14:53:32","slug":"xctrack-manual","status":"publish","type":"page","link":"https:\/\/www.fly-air3.com\/fr\/support\/air3-xctrack-manual\/xctrack-manual\/","title":{"rendered":"Manuel en ligne XCTrack"},"content":{"rendered":"<p>  <\/p>\n\n\n\n<div class=\"wp-block-buttons is-horizontal is-content-justification-center is-layout-flex wp-container-core-buttons-is-layout-499968f5 wp-block-buttons-is-layout-flex\">\n<div class=\"wp-block-button is-style-outline is-style-outline--2\"><a class=\"wp-block-button__link has-pale-cyan-blue-color has-text-color has-background wp-element-button\" href=\"https:\/\/www.fly-air3.com\/fr\/support\/air3-xctrack-manual\/\" style=\"background-color:#292929\" target=\"_blank\" rel=\"noreferrer noopener\"> Manuel AIR\u00b3 &amp; XCTrack Pro - Page principale <\/a><\/div>\n<\/div>\n\n\n<div id=\"pl-gb3523-69e28aee0c047\"  class=\"panel-layout\" ><div id=\"pg-gb3523-69e28aee0c047-0\"  class=\"panel-grid panel-no-style\" ><div id=\"pgc-gb3523-69e28aee0c047-0-0\"  class=\"panel-grid-cell panel-grid-cell-empty\" ><\/div><div id=\"pgc-gb3523-69e28aee0c047-0-1\"  class=\"panel-grid-cell panel-grid-cell-mobile-last\" ><div id=\"panel-gb3523-69e28aee0c047-0-1-0\" class=\"so-panel widget widget_sow-image panel-first-child panel-last-child\" data-index=\"0\" ><div\n\t\t\t\n\t\t\tclass=\"so-widget-sow-image so-widget-sow-image-default-8b5b6f678277-3523\"\n\t\t\t\n\t\t>\n<div class=\"sow-image-container\">\n\t\t<img \n\tsrc=\"https:\/\/www.fly-air3.com\/wp-content\/uploads\/sites\/15\/2020\/04\/XCTrack-Pro-Manual-logo3.png\" width=\"1200\" height=\"628\" srcset=\"https:\/\/www.fly-air3.com\/wp-content\/uploads\/sites\/15\/2020\/04\/XCTrack-Pro-Manual-logo3.png 1200w, https:\/\/www.fly-air3.com\/wp-content\/uploads\/sites\/15\/2020\/04\/XCTrack-Pro-Manual-logo3-300x157.png 300w, https:\/\/www.fly-air3.com\/wp-content\/uploads\/sites\/15\/2020\/04\/XCTrack-Pro-Manual-logo3-1024x536.png 1024w, https:\/\/www.fly-air3.com\/wp-content\/uploads\/sites\/15\/2020\/04\/XCTrack-Pro-Manual-logo3-768x402.png 768w\" sizes=\"(max-width: 1200px) 100vw, 1200px\" title=\"XCTrack Pro Manual for AIR\u00b3\" alt=\"XCTrack Pro Manual for AIR\u00b3\" \t\tclass=\"so-widget-image\"\/>\n\t<\/div>\n\n<\/div><\/div><\/div><div id=\"pgc-gb3523-69e28aee0c047-0-2\"  class=\"panel-grid-cell panel-grid-cell-empty\" ><\/div><\/div><\/div>\n\n\n<p>  <\/p>\n\n\n\n<p>Ce manuel en ligne complet de XCTrack d\u00e9taille toutes les fonctionnalit\u00e9s de <a href=\"http:\/\/XCTrack.org\" target=\"_blank\" rel=\"noreferrer noopener\">XCTrack<\/a>. Lisez aussi plus de d\u00e9tails sur tous les widgets dans le <a href=\"http:\/\/www.fly-air3.com\/fr\/support\/xctrack-manual\/xctrack-widgets-manual\/\" target=\"_blank\" rel=\"noreferrer noopener\">Manuel XCTrack Pro Widgets<\/a>. Vous souhaiterez peut-\u00eatre aussi regarder le <a href=\"http:\/\/www.fly-air3.com\/fr\/support\/videos\/soft-tutos-videos\/\" target=\"_blank\" rel=\"noreferrer noopener\">Tuto videos XCTrack<\/a>. <\/p>\n\n\n\n<p><strong>XCTrack Pro int\u00e9gr\u00e9 \u00e0 AIR\u00b3 fonctionne de la m\u00eame mani\u00e8re que tout autre <a href=\"http:\/\/XCTrack.org\">XCTrack<\/a>.<\/strong><\/p>\n\n\n\n<p>XCTrack Pro et XCTrack (standard) sont identiques. La licence Pro active des fonctionnalit\u00e9s suppl\u00e9mentaires.<a rel=\"noreferrer noopener\" href=\"http:\/\/www.fly-air3.com\/fr\/software\/xctrack-pro-air3\/\" target=\"_blank\"> Voir la liste des fonctionnalit\u00e9s Pro ici<\/a>.<\/p>\n\n\n\n<p>XCTrack Pro install\u00e9 sur AIR\u00b3 est bas\u00e9 sur la version b\u00eata de XCTrack. Par cons\u00e9quent, certaines fonctionnalit\u00e9s expliqu\u00e9es dans ce manuel se trouvent dans la version b\u00eata de XCTrack, non disponibles dans la version standard de XCTrack.<\/p>\n\n\n\n<p> XCTrack Pro install\u00e9 sur AIR\u00b3 est pr\u00e9configur\u00e9 et pr\u00eat \u00e0 voler. AIR\u00b3 est fourni avec des pages et des param\u00e8tres personnalis\u00e9s et pr\u00e9configur\u00e9s en fonction du profil pilote s\u00e9lectionn\u00e9 avec le <a rel=\"noreferrer noopener\" aria-label=\" (opens in a new tab)\" href=\"http:\/\/www.fly-air3.com\/fr\/software\/air3-manager\/\" target=\"_blank\">AIR\u00b3 Manager<\/a> et bas\u00e9 sur les sp\u00e9cifications d'AIR\u00b3.<\/p>\n\n\n\n<p>    <\/p>\n\n\n\n<hr class=\"wp-block-separator has-css-opacity\"\/>\n\n\n\n<h4 class=\"wp-block-heading\">Cliquez sur le bouton appropri\u00e9 pour acc\u00e9der \u00e0 la sous-section souhait\u00e9e ou lisez la table des mati\u00e8res ci-dessous<\/h4>\n\n\n<div class=\"wp-block-columns\">\n<div class=\"wp-block-column\">\n<div class=\"wp-block-button aligncenter is-style-outline\"><a class=\"wp-block-button__link has-text-color has-pale-cyan-blue-color has-background has-very-dark-gray-background-color\" href=\"https:\/\/www.fly-air3.com\/fr\/support\/air3-xctrack-manual\/main-features-7-3\/\" target=\"_blank\" rel=\"noreferrer noopener\">Principales fonctionnalit\u00e9s d'AIR\u00b3<\/a>&nbsp; &nbsp;<a class=\"wp-block-button__link has-text-color has-pale-cyan-blue-color has-background has-very-dark-gray-background-color\" href=\"http:\/\/www.fly-air3.com\/fr\/support\/xctrack-manual\/navigation\/\" target=\"_blank\" rel=\"noreferrer noopener\"> Navigation<\/a> &nbsp; <a class=\"wp-block-button__link has-text-color has-pale-cyan-blue-color has-background has-very-dark-gray-background-color\" href=\"http:\/\/www.fly-air3.com\/fr\/support\/xctrack-manual\/tracklogs\/\" target=\"_blank\" rel=\"noopener\">Traces - Carnet de vols<\/a>&nbsp; &nbsp;<a class=\"wp-block-button__link has-text-color has-pale-cyan-blue-color has-background has-very-dark-gray-background-color\" href=\"http:\/\/www.fly-air3.com\/fr\/support\/xctrack-manual\/customize\/\" target=\"_blank\" rel=\"noreferrer noopener\">Personnaliser<\/a> &nbsp; <a class=\"wp-block-button__link has-text-color has-pale-cyan-blue-color has-background has-very-dark-gray-background-color\" href=\"http:\/\/www.fly-air3.com\/fr\/support\/xctrack-manual\/preferences\/\" target=\"_blank\" rel=\"noopener\">Pr\u00e9f\u00e9rences<\/a> &nbsp; <a class=\"wp-block-button__link has-text-color has-pale-cyan-blue-color has-background has-very-dark-gray-background-color\" href=\"http:\/\/www.fly-air3.com\/fr\/support\/xctrack-manual\/livetracking\/\" target=\"_blank\" rel=\"noreferrer noopener\">Livetracking<\/a><\/div>\n<\/div>\n<\/div>\n\n\n<div class=\"wp-block-button aligncenter is-style-outline is-style-outline--3\"><a class=\"wp-block-button__link has-luminous-vivid-amber-color has-very-dark-gray-background-color has-text-color has-background wp-element-button\" href=\"http:\/\/www.fly-air3.com\/fr\/support\/xctrack-widgets-manual\/\" style=\"border-radius:15px\" target=\"_blank\" rel=\"noreferrer noopener\"><strong>Manuel XCTrack Pro Widgets<\/strong><\/a><\/div>\n\n\n\n<hr class=\"wp-block-separator has-css-opacity\"\/>\n\n\n\n<p>Remarque : les sous-dossiers XCTrack sont situ\u00e9s dans \u00ab\u00a0Stockage interne\/XCTrack\u00a0\u00bb dans Android 9 et avant, alors qu'ils sont situ\u00e9s dans \u00ab\u00a0Stockage interne\/Android\/data\/org.xcontest.xctrack\/files\u00a0\u00bb dans Android 10 et versions ult\u00e9rieures.<\/p>\n\n\n\n<p><\/p>\n\n\n<div id=\"pl-gb3523-69e28aee0d21d\"  class=\"panel-layout\" ><div id=\"pg-gb3523-69e28aee0d21d-0\"  class=\"panel-grid panel-no-style\" ><div id=\"pgc-gb3523-69e28aee0d21d-0-0\"  class=\"panel-grid-cell panel-grid-cell-mobile-last\" ><div id=\"panel-gb3523-69e28aee0d21d-0-0-0\" class=\"so-panel widget widget_sow-editor panel-first-child panel-last-child\" data-index=\"0\" ><div\n\t\t\t\n\t\t\tclass=\"so-widget-sow-editor so-widget-sow-editor-base\"\n\t\t\t\n\t\t>\n<div class=\"siteorigin-widget-tinymce textwidget\">\n\t<p>Regardez la\u00a0<a href=\"https:\/\/www.fly-air3.com\/fr\/support\/videos\/soft-tutos-videos\/#XCTrack-Training\" target=\"_blank\" rel=\"noreferrer noopener\">Full XCTrack training<\/a><\/p>\n<p><\/p>\n<\/div>\n<\/div><\/div><\/div><div id=\"pgc-gb3523-69e28aee0d21d-0-1\"  class=\"panel-grid-cell panel-grid-cell-empty\" ><\/div><\/div><\/div>","protected":false},"excerpt":{"rendered":"<p>This comprehensive online manual of XCTrack details all features of XCTrack. Read also more details about all the widgets in the XCTrack Pro Widgets Manual. You may also like to watch the XCTrack videos tutorial. XCTrack Pro integrated in AIR\u00b3 works the same way as any other XCTrack. XCTrack Pro and XCTrack (standard) are same. <a href=\"https:\/\/www.fly-air3.com\/fr\/support\/air3-xctrack-manual\/xctrack-manual\/\" rel=\"nofollow\"><span class=\"sr-only\">En savoir plus surXCTrack online Manual<\/span>[&hellip;]<\/a><\/p>\n","protected":false},"author":1,"featured_media":4286,"parent":6928,"menu_order":5,"comment_status":"closed","ping_status":"closed","template":"","meta":{"footnotes":""},"class_list":["post-3523","page","type-page","status-publish","has-post-thumbnail","hentry"],"yoast_head":"<!-- This site is optimized with the Yoast SEO plugin v27.4 - https:\/\/yoast.com\/product\/yoast-seo-wordpress\/ -->\n<title>XCTrack online Manual - AIR\u00b3 - Full details &amp; description<\/title>\n<meta name=\"description\" content=\"Full XCTrack Pro Manual. Description and explanations of all the different features of XCTrack. Navigation, Tracklogs, Customize, Preferences, Livetracking.\" \/>\n<meta name=\"robots\" content=\"index, follow, max-snippet:-1, max-image-preview:large, max-video-preview:-1\" \/>\n<link rel=\"canonical\" href=\"https:\/\/www.fly-air3.com\/fr\/support\/air3-xctrack-manual\/xctrack-manual\/\" \/>\n<meta property=\"og:locale\" content=\"fr_FR\" \/>\n<meta property=\"og:type\" content=\"article\" \/>\n<meta property=\"og:title\" content=\"XCTrack online Manual - AIR\u00b3 - Full details &amp; description\" \/>\n<meta property=\"og:description\" content=\"Full XCTrack Pro Manual. Description and explanations of all the different features of XCTrack. Navigation, Tracklogs, Customize, Preferences, Livetracking.\" \/>\n<meta property=\"og:url\" content=\"https:\/\/www.fly-air3.com\/fr\/support\/air3-xctrack-manual\/xctrack-manual\/\" \/>\n<meta property=\"og:site_name\" content=\"AIR\u00b3\" \/>\n<meta property=\"article:publisher\" content=\"https:\/\/www.facebook.com\/FLYAIRCUBE\/\" \/>\n<meta property=\"article:modified_time\" content=\"2023-03-16T14:53:32+00:00\" \/>\n<meta property=\"og:image\" content=\"https:\/\/www.fly-air3.com\/wp-content\/uploads\/sites\/15\/2020\/04\/XCTrack-Pro-Manual-logo3.png\" \/>\n\t<meta property=\"og:image:width\" content=\"1200\" \/>\n\t<meta property=\"og:image:height\" content=\"628\" \/>\n\t<meta property=\"og:image:type\" content=\"image\/png\" \/>\n<meta name=\"twitter:card\" content=\"summary_large_image\" \/>\n<meta name=\"twitter:label1\" content=\"Dur\u00e9e de lecture estim\u00e9e\" \/>\n\t<meta name=\"twitter:data1\" content=\"1 minute\" \/>\n<script type=\"application\/ld+json\" class=\"yoast-schema-graph\">{\"@context\":\"https:\\\/\\\/schema.org\",\"@graph\":[{\"@type\":\"WebPage\",\"@id\":\"https:\\\/\\\/www.fly-air3.com\\\/support\\\/air3-xctrack-manual\\\/xctrack-manual\\\/\",\"url\":\"https:\\\/\\\/www.fly-air3.com\\\/support\\\/air3-xctrack-manual\\\/xctrack-manual\\\/\",\"name\":\"XCTrack online Manual - AIR\u00b3 - Full details & description\",\"isPartOf\":{\"@id\":\"https:\\\/\\\/www.fly-air3.com\\\/en\\\/#website\"},\"primaryImageOfPage\":{\"@id\":\"https:\\\/\\\/www.fly-air3.com\\\/support\\\/air3-xctrack-manual\\\/xctrack-manual\\\/#primaryimage\"},\"image\":{\"@id\":\"https:\\\/\\\/www.fly-air3.com\\\/support\\\/air3-xctrack-manual\\\/xctrack-manual\\\/#primaryimage\"},\"thumbnailUrl\":\"https:\\\/\\\/www.fly-air3.com\\\/wp-content\\\/uploads\\\/sites\\\/15\\\/2020\\\/04\\\/XCTrack-Pro-Manual-logo3.png\",\"datePublished\":\"2020-04-06T16:44:03+00:00\",\"dateModified\":\"2023-03-16T14:53:32+00:00\",\"description\":\"Full XCTrack Pro Manual. Description and explanations of all the different features of XCTrack. Navigation, Tracklogs, Customize, Preferences, Livetracking.\",\"breadcrumb\":{\"@id\":\"https:\\\/\\\/www.fly-air3.com\\\/support\\\/air3-xctrack-manual\\\/xctrack-manual\\\/#breadcrumb\"},\"inLanguage\":\"fr-FR\",\"potentialAction\":[{\"@type\":\"ReadAction\",\"target\":[\"https:\\\/\\\/www.fly-air3.com\\\/support\\\/air3-xctrack-manual\\\/xctrack-manual\\\/\"]}]},{\"@type\":\"ImageObject\",\"inLanguage\":\"fr-FR\",\"@id\":\"https:\\\/\\\/www.fly-air3.com\\\/support\\\/air3-xctrack-manual\\\/xctrack-manual\\\/#primaryimage\",\"url\":\"https:\\\/\\\/www.fly-air3.com\\\/wp-content\\\/uploads\\\/sites\\\/15\\\/2020\\\/04\\\/XCTrack-Pro-Manual-logo3.png\",\"contentUrl\":\"https:\\\/\\\/www.fly-air3.com\\\/wp-content\\\/uploads\\\/sites\\\/15\\\/2020\\\/04\\\/XCTrack-Pro-Manual-logo3.png\",\"width\":1200,\"height\":628,\"caption\":\"XCTrack Pro Manual for AIR\u00b3\"},{\"@type\":\"BreadcrumbList\",\"@id\":\"https:\\\/\\\/www.fly-air3.com\\\/support\\\/air3-xctrack-manual\\\/xctrack-manual\\\/#breadcrumb\",\"itemListElement\":[{\"@type\":\"ListItem\",\"position\":1,\"name\":\"Home\",\"item\":\"https:\\\/\\\/www.fly-air3.com\\\/\"},{\"@type\":\"ListItem\",\"position\":2,\"name\":\"Support\",\"item\":\"https:\\\/\\\/www.fly-air3.com\\\/support\\\/\"},{\"@type\":\"ListItem\",\"position\":3,\"name\":\"Air\u00b3 &#038; XCTrack Pro Manual\",\"item\":\"https:\\\/\\\/www.fly-air3.com\\\/support\\\/air3-xctrack-manual\\\/\"},{\"@type\":\"ListItem\",\"position\":4,\"name\":\"XCTrack online Manual\"}]},{\"@type\":\"WebSite\",\"@id\":\"https:\\\/\\\/www.fly-air3.com\\\/en\\\/#website\",\"url\":\"https:\\\/\\\/www.fly-air3.com\\\/en\\\/\",\"name\":\"AIR\u00b3\",\"description\":\"All in one Rugged 7&quot; Android New generation paragliding flight instrument. Vario GPS Livetracking\",\"publisher\":{\"@id\":\"https:\\\/\\\/www.fly-air3.com\\\/en\\\/#organization\"},\"potentialAction\":[{\"@type\":\"SearchAction\",\"target\":{\"@type\":\"EntryPoint\",\"urlTemplate\":\"https:\\\/\\\/www.fly-air3.com\\\/en\\\/?s={search_term_string}\"},\"query-input\":{\"@type\":\"PropertyValueSpecification\",\"valueRequired\":true,\"valueName\":\"search_term_string\"}}],\"inLanguage\":\"fr-FR\"},{\"@type\":\"Organization\",\"@id\":\"https:\\\/\\\/www.fly-air3.com\\\/en\\\/#organization\",\"name\":\"Berfon SPRL\",\"url\":\"https:\\\/\\\/www.fly-air3.com\\\/en\\\/\",\"logo\":{\"@type\":\"ImageObject\",\"inLanguage\":\"fr-FR\",\"@id\":\"https:\\\/\\\/www.fly-air3.com\\\/en\\\/#\\\/schema\\\/logo\\\/image\\\/\",\"url\":\"http:\\\/\\\/www.fly-air3.com\\\/wp-content\\\/uploads\\\/sites\\\/15\\\/2019\\\/04\\\/AIR\u00b3-CARRE_Logo.png\",\"contentUrl\":\"http:\\\/\\\/www.fly-air3.com\\\/wp-content\\\/uploads\\\/sites\\\/15\\\/2019\\\/04\\\/AIR\u00b3-CARRE_Logo.png\",\"width\":600,\"height\":600,\"caption\":\"Berfon SPRL\"},\"image\":{\"@id\":\"https:\\\/\\\/www.fly-air3.com\\\/en\\\/#\\\/schema\\\/logo\\\/image\\\/\"},\"sameAs\":[\"https:\\\/\\\/www.facebook.com\\\/FLYAIRCUBE\\\/\"]}]}<\/script>\n<!-- \/ Yoast SEO plugin. -->","yoast_head_json":{"title":"XCTrack online Manual - AIR\u00b3 - Full details & description","description":"Full XCTrack Pro Manual. Description and explanations of all the different features of XCTrack. Navigation, Tracklogs, Customize, Preferences, Livetracking.","robots":{"index":"index","follow":"follow","max-snippet":"max-snippet:-1","max-image-preview":"max-image-preview:large","max-video-preview":"max-video-preview:-1"},"canonical":"https:\/\/www.fly-air3.com\/fr\/support\/air3-xctrack-manual\/xctrack-manual\/","og_locale":"fr_FR","og_type":"article","og_title":"XCTrack online Manual - AIR\u00b3 - Full details & description","og_description":"Full XCTrack Pro Manual. Description and explanations of all the different features of XCTrack. Navigation, Tracklogs, Customize, Preferences, Livetracking.","og_url":"https:\/\/www.fly-air3.com\/fr\/support\/air3-xctrack-manual\/xctrack-manual\/","og_site_name":"AIR\u00b3","article_publisher":"https:\/\/www.facebook.com\/FLYAIRCUBE\/","article_modified_time":"2023-03-16T14:53:32+00:00","og_image":[{"width":1200,"height":628,"url":"https:\/\/www.fly-air3.com\/wp-content\/uploads\/sites\/15\/2020\/04\/XCTrack-Pro-Manual-logo3.png","type":"image\/png"}],"twitter_card":"summary_large_image","twitter_misc":{"Dur\u00e9e de lecture estim\u00e9e":"1 minute"},"schema":{"@context":"https:\/\/schema.org","@graph":[{"@type":"WebPage","@id":"https:\/\/www.fly-air3.com\/support\/air3-xctrack-manual\/xctrack-manual\/","url":"https:\/\/www.fly-air3.com\/support\/air3-xctrack-manual\/xctrack-manual\/","name":"XCTrack online Manual - AIR\u00b3 - Full details & description","isPartOf":{"@id":"https:\/\/www.fly-air3.com\/en\/#website"},"primaryImageOfPage":{"@id":"https:\/\/www.fly-air3.com\/support\/air3-xctrack-manual\/xctrack-manual\/#primaryimage"},"image":{"@id":"https:\/\/www.fly-air3.com\/support\/air3-xctrack-manual\/xctrack-manual\/#primaryimage"},"thumbnailUrl":"https:\/\/www.fly-air3.com\/wp-content\/uploads\/sites\/15\/2020\/04\/XCTrack-Pro-Manual-logo3.png","datePublished":"2020-04-06T16:44:03+00:00","dateModified":"2023-03-16T14:53:32+00:00","description":"Full XCTrack Pro Manual. Description and explanations of all the different features of XCTrack. Navigation, Tracklogs, Customize, Preferences, Livetracking.","breadcrumb":{"@id":"https:\/\/www.fly-air3.com\/support\/air3-xctrack-manual\/xctrack-manual\/#breadcrumb"},"inLanguage":"fr-FR","potentialAction":[{"@type":"ReadAction","target":["https:\/\/www.fly-air3.com\/support\/air3-xctrack-manual\/xctrack-manual\/"]}]},{"@type":"ImageObject","inLanguage":"fr-FR","@id":"https:\/\/www.fly-air3.com\/support\/air3-xctrack-manual\/xctrack-manual\/#primaryimage","url":"https:\/\/www.fly-air3.com\/wp-content\/uploads\/sites\/15\/2020\/04\/XCTrack-Pro-Manual-logo3.png","contentUrl":"https:\/\/www.fly-air3.com\/wp-content\/uploads\/sites\/15\/2020\/04\/XCTrack-Pro-Manual-logo3.png","width":1200,"height":628,"caption":"XCTrack Pro Manual for AIR\u00b3"},{"@type":"BreadcrumbList","@id":"https:\/\/www.fly-air3.com\/support\/air3-xctrack-manual\/xctrack-manual\/#breadcrumb","itemListElement":[{"@type":"ListItem","position":1,"name":"Home","item":"https:\/\/www.fly-air3.com\/"},{"@type":"ListItem","position":2,"name":"Support","item":"https:\/\/www.fly-air3.com\/support\/"},{"@type":"ListItem","position":3,"name":"Air\u00b3 &#038; XCTrack Pro Manual","item":"https:\/\/www.fly-air3.com\/support\/air3-xctrack-manual\/"},{"@type":"ListItem","position":4,"name":"XCTrack online Manual"}]},{"@type":"WebSite","@id":"https:\/\/www.fly-air3.com\/en\/#website","url":"https:\/\/www.fly-air3.com\/en\/","name":"AIR\u00b3","description":"All in one Rugged 7&quot; Android New generation paragliding flight instrument. Vario GPS Livetracking","publisher":{"@id":"https:\/\/www.fly-air3.com\/en\/#organization"},"potentialAction":[{"@type":"SearchAction","target":{"@type":"EntryPoint","urlTemplate":"https:\/\/www.fly-air3.com\/en\/?s={search_term_string}"},"query-input":{"@type":"PropertyValueSpecification","valueRequired":true,"valueName":"search_term_string"}}],"inLanguage":"fr-FR"},{"@type":"Organization","@id":"https:\/\/www.fly-air3.com\/en\/#organization","name":"Berfon SPRL","url":"https:\/\/www.fly-air3.com\/en\/","logo":{"@type":"ImageObject","inLanguage":"fr-FR","@id":"https:\/\/www.fly-air3.com\/en\/#\/schema\/logo\/image\/","url":"http:\/\/www.fly-air3.com\/wp-content\/uploads\/sites\/15\/2019\/04\/AIR\u00b3-CARRE_Logo.png","contentUrl":"http:\/\/www.fly-air3.com\/wp-content\/uploads\/sites\/15\/2019\/04\/AIR\u00b3-CARRE_Logo.png","width":600,"height":600,"caption":"Berfon SPRL"},"image":{"@id":"https:\/\/www.fly-air3.com\/en\/#\/schema\/logo\/image\/"},"sameAs":["https:\/\/www.facebook.com\/FLYAIRCUBE\/"]}]}},"_links":{"self":[{"href":"https:\/\/www.fly-air3.com\/fr\/wp-json\/wp\/v2\/pages\/3523","targetHints":{"allow":["GET"]}}],"collection":[{"href":"https:\/\/www.fly-air3.com\/fr\/wp-json\/wp\/v2\/pages"}],"about":[{"href":"https:\/\/www.fly-air3.com\/fr\/wp-json\/wp\/v2\/types\/page"}],"author":[{"embeddable":true,"href":"https:\/\/www.fly-air3.com\/fr\/wp-json\/wp\/v2\/users\/1"}],"replies":[{"embeddable":true,"href":"https:\/\/www.fly-air3.com\/fr\/wp-json\/wp\/v2\/comments?post=3523"}],"version-history":[{"count":128,"href":"https:\/\/www.fly-air3.com\/fr\/wp-json\/wp\/v2\/pages\/3523\/revisions"}],"predecessor-version":[{"id":8263,"href":"https:\/\/www.fly-air3.com\/fr\/wp-json\/wp\/v2\/pages\/3523\/revisions\/8263"}],"up":[{"embeddable":true,"href":"https:\/\/www.fly-air3.com\/fr\/wp-json\/wp\/v2\/pages\/6928"}],"wp:featuredmedia":[{"embeddable":true,"href":"https:\/\/www.fly-air3.com\/fr\/wp-json\/wp\/v2\/media\/4286"}],"wp:attachment":[{"href":"https:\/\/www.fly-air3.com\/fr\/wp-json\/wp\/v2\/media?parent=3523"}],"curies":[{"name":"wp","href":"https:\/\/api.w.org\/{rel}","templated":true}]}}