{"id":405,"date":"2019-04-23T16:23:25","date_gmt":"2019-04-23T14:23:25","guid":{"rendered":"http:\/\/temp.fly-air3.com\/?page_id=405"},"modified":"2025-12-30T16:44:28","modified_gmt":"2025-12-30T14:44:28","slug":"air3-manager","status":"publish","type":"page","link":"https:\/\/www.fly-air3.com\/fr\/software\/air3-manager\/","title":{"rendered":"AIR\u00b3 Manager"},"content":{"rendered":"<div class=\"wp-block-columns has-2-columns is-layout-flex wp-container-core-columns-is-layout-9d6595d7 wp-block-columns-is-layout-flex\">\n<div class=\"wp-block-column is-layout-flow wp-block-column-is-layout-flow\">\n<p><\/p>\n<\/div>\n\n\n\n<div class=\"wp-block-column is-layout-flow wp-block-column-is-layout-flow\"><\/div>\n<\/div>\n\n\n<div id=\"pl-gb405-69e289e72d930\"  class=\"panel-layout wp-block-siteorigin-panels-layout-block\" ><div id=\"pg-gb405-69e289e72d930-0\"  class=\"panel-grid panel-no-style\" ><div id=\"pgc-gb405-69e289e72d930-0-0\"  class=\"panel-grid-cell\" ><div id=\"panel-gb405-69e289e72d930-0-0-0\" class=\"so-panel widget widget_sow-image panel-first-child panel-last-child\" data-index=\"0\" ><div\n\t\t\t\n\t\t\tclass=\"so-widget-sow-image so-widget-sow-image-default-8b5b6f678277-405\"\n\t\t\t\n\t\t>\n<div class=\"sow-image-container\">\n\t\t<img \n\tsrc=\"https:\/\/www.fly-air3.com\/wp-content\/uploads\/sites\/15\/2021\/11\/AIR3-Manager-2.png\" width=\"567\" height=\"567\" srcset=\"https:\/\/www.fly-air3.com\/wp-content\/uploads\/sites\/15\/2021\/11\/AIR3-Manager-2.png 567w, https:\/\/www.fly-air3.com\/wp-content\/uploads\/sites\/15\/2021\/11\/AIR3-Manager-2-300x300.png 300w, https:\/\/www.fly-air3.com\/wp-content\/uploads\/sites\/15\/2021\/11\/AIR3-Manager-2-150x150.png 150w, https:\/\/www.fly-air3.com\/wp-content\/uploads\/sites\/15\/2021\/11\/AIR3-Manager-2-12x12.png 12w, https:\/\/www.fly-air3.com\/wp-content\/uploads\/sites\/15\/2021\/11\/AIR3-Manager-2-250x250.png 250w, https:\/\/www.fly-air3.com\/wp-content\/uploads\/sites\/15\/2021\/11\/AIR3-Manager-2-174x174.png 174w\" sizes=\"(max-width: 567px) 100vw, 567px\" title=\"AIR3 Manager-2\" alt=\"\" \t\tclass=\"so-widget-image\"\/>\n\t<\/div>\n\n<\/div><\/div><\/div><div id=\"pgc-gb405-69e289e72d930-0-1\"  class=\"panel-grid-cell\" ><div id=\"panel-gb405-69e289e72d930-0-1-0\" class=\"so-panel widget widget_sow-editor panel-first-child panel-last-child\" data-index=\"1\" ><div\n\t\t\t\n\t\t\tclass=\"so-widget-sow-editor so-widget-sow-editor-base\"\n\t\t\t\n\t\t>\n<div class=\"siteorigin-widget-tinymce textwidget\">\n\t<p>AIR\u00b3 Manager est l'application indispensable pour accompagner l'instrument de vol AIR\u00b3 Nouvelle G\u00e9n\u00e9ration.<\/p>\n<p>Principales caract\u00e9ristiques :<br \/>\n\u2013 Un assistant de configuration facile \u00e0 utiliser pour la configuration initiale.<br \/>\n\u2013 Gestion des profils XCTrack (KISS, Easy, Expert, Expert+Zello, Paramoteur et Ballon)<br \/>\n\u2013 S\u00e9lection du son Vario (XCTrack, XCT Add-on ou d\u00e9sactiv\u00e9).<br \/>\n\u2013 Lancement automatique des applications cl\u00e9s au d\u00e9marrage<br \/>\n\u2013 Un grand widget de bureau permettant de d\u00e9marrer manuellement XCTrack si n\u00e9cessaire.<\/p>\n<p>L'AIR\u00b3 Manager est install\u00e9 par d\u00e9faut sur chaque AIR\u00b3. Utilisez toujours la derni\u00e8re version et v\u00e9rifiez-la \u00e0 l'aide du programme de mise \u00e0 niveau AIR\u00b3.<\/p>\n<p><\/p>\n<p>L'AIR\u00b3 Manager est disponible sur le <a href=\"https:\/\/play.google.com\/store\/apps\/details?id=air3.air3manager\" target=\"_blank\" rel=\"noopener\">Play Store<\/a>. Il peut \u00e9galement \u00eatre t\u00e9l\u00e9charg\u00e9 depuis notre <a href=\"https:\/\/ftp.fly-air3.com\/Latest_Software_Download\/AIR3_Manager\/\" target=\"_blank\" rel=\"noopener\">serveur<\/a>.<\/p>\n<p>Plus d'informations sur AIR\u00b3 Manager <a href=\"https:\/\/www.fly-air3.com\/fr\/support\/air3-xctrack-manual\/air3-manager-manual\/\" target=\"_blank\" rel=\"noopener\">ici<\/a>.<\/p>\n<p><\/p>\n<\/div>\n<\/div><\/div><\/div><\/div><\/div>\n\n\n<p><\/p>\n\n\n\n<p><\/p>","protected":false},"excerpt":{"rendered":"","protected":false},"author":1,"featured_media":0,"parent":3288,"menu_order":2,"comment_status":"closed","ping_status":"closed","template":"template-fullwidth.php","meta":{"footnotes":""},"class_list":["post-405","page","type-page","status-publish","hentry"],"yoast_head":"<!-- This site is optimized with the Yoast SEO plugin v27.4 - https:\/\/yoast.com\/product\/yoast-seo-wordpress\/ -->\n<title>Best XCTrack Pro companion app - AIR\u00b3 Manager -<\/title>\n<meta name=\"description\" content=\"The AIR\u00b3 Manager provides the pilot with easy to understand tools that interact with XCTrack PRO. AIR\u00b3 Manager is the best XCTrack Pro companion app\" \/>\n<meta name=\"robots\" content=\"index, follow, max-snippet:-1, max-image-preview:large, max-video-preview:-1\" \/>\n<link rel=\"canonical\" href=\"https:\/\/www.fly-air3.com\/fr\/software\/air3-manager\/\" \/>\n<meta property=\"og:locale\" content=\"fr_FR\" \/>\n<meta property=\"og:type\" content=\"article\" \/>\n<meta property=\"og:title\" content=\"Best XCTrack Pro companion app - AIR\u00b3 Manager -\" \/>\n<meta property=\"og:description\" content=\"The AIR\u00b3 Manager provides the pilot with easy to understand tools that interact with XCTrack PRO. AIR\u00b3 Manager is the best XCTrack Pro companion app\" \/>\n<meta property=\"og:url\" content=\"https:\/\/www.fly-air3.com\/fr\/software\/air3-manager\/\" \/>\n<meta property=\"og:site_name\" content=\"AIR\u00b3\" \/>\n<meta property=\"article:publisher\" content=\"https:\/\/www.facebook.com\/FLYAIRCUBE\/\" \/>\n<meta property=\"article:modified_time\" content=\"2025-12-30T14:44:28+00:00\" \/>\n<meta name=\"twitter:card\" content=\"summary_large_image\" \/>\n<meta name=\"twitter:label1\" content=\"Dur\u00e9e de lecture estim\u00e9e\" \/>\n\t<meta name=\"twitter:data1\" content=\"1 minute\" \/>\n<script type=\"application\/ld+json\" class=\"yoast-schema-graph\">{\"@context\":\"https:\\\/\\\/schema.org\",\"@graph\":[{\"@type\":\"WebPage\",\"@id\":\"https:\\\/\\\/www.fly-air3.com\\\/software\\\/air3-manager\\\/\",\"url\":\"https:\\\/\\\/www.fly-air3.com\\\/software\\\/air3-manager\\\/\",\"name\":\"Best XCTrack Pro companion app - AIR\u00b3 Manager -\",\"isPartOf\":{\"@id\":\"https:\\\/\\\/www.fly-air3.com\\\/en\\\/#website\"},\"datePublished\":\"2019-04-23T14:23:25+00:00\",\"dateModified\":\"2025-12-30T14:44:28+00:00\",\"description\":\"The AIR\u00b3 Manager provides the pilot with easy to understand tools that interact with XCTrack PRO. AIR\u00b3 Manager is the best XCTrack Pro companion app\",\"breadcrumb\":{\"@id\":\"https:\\\/\\\/www.fly-air3.com\\\/software\\\/air3-manager\\\/#breadcrumb\"},\"inLanguage\":\"fr-FR\",\"potentialAction\":[{\"@type\":\"ReadAction\",\"target\":[\"https:\\\/\\\/www.fly-air3.com\\\/software\\\/air3-manager\\\/\"]}]},{\"@type\":\"BreadcrumbList\",\"@id\":\"https:\\\/\\\/www.fly-air3.com\\\/software\\\/air3-manager\\\/#breadcrumb\",\"itemListElement\":[{\"@type\":\"ListItem\",\"position\":1,\"name\":\"Home\",\"item\":\"https:\\\/\\\/www.fly-air3.com\\\/\"},{\"@type\":\"ListItem\",\"position\":2,\"name\":\"Software\",\"item\":\"https:\\\/\\\/www.fly-air3.com\\\/software\\\/\"},{\"@type\":\"ListItem\",\"position\":3,\"name\":\"AIR\u00b3 Manager\"}]},{\"@type\":\"WebSite\",\"@id\":\"https:\\\/\\\/www.fly-air3.com\\\/en\\\/#website\",\"url\":\"https:\\\/\\\/www.fly-air3.com\\\/en\\\/\",\"name\":\"AIR\u00b3\",\"description\":\"All in one Rugged 7&quot; Android New generation paragliding flight instrument. Vario GPS Livetracking\",\"publisher\":{\"@id\":\"https:\\\/\\\/www.fly-air3.com\\\/en\\\/#organization\"},\"potentialAction\":[{\"@type\":\"SearchAction\",\"target\":{\"@type\":\"EntryPoint\",\"urlTemplate\":\"https:\\\/\\\/www.fly-air3.com\\\/en\\\/?s={search_term_string}\"},\"query-input\":{\"@type\":\"PropertyValueSpecification\",\"valueRequired\":true,\"valueName\":\"search_term_string\"}}],\"inLanguage\":\"fr-FR\"},{\"@type\":\"Organization\",\"@id\":\"https:\\\/\\\/www.fly-air3.com\\\/en\\\/#organization\",\"name\":\"Berfon SPRL\",\"url\":\"https:\\\/\\\/www.fly-air3.com\\\/en\\\/\",\"logo\":{\"@type\":\"ImageObject\",\"inLanguage\":\"fr-FR\",\"@id\":\"https:\\\/\\\/www.fly-air3.com\\\/en\\\/#\\\/schema\\\/logo\\\/image\\\/\",\"url\":\"http:\\\/\\\/www.fly-air3.com\\\/wp-content\\\/uploads\\\/sites\\\/15\\\/2019\\\/04\\\/AIR\u00b3-CARRE_Logo.png\",\"contentUrl\":\"http:\\\/\\\/www.fly-air3.com\\\/wp-content\\\/uploads\\\/sites\\\/15\\\/2019\\\/04\\\/AIR\u00b3-CARRE_Logo.png\",\"width\":600,\"height\":600,\"caption\":\"Berfon SPRL\"},\"image\":{\"@id\":\"https:\\\/\\\/www.fly-air3.com\\\/en\\\/#\\\/schema\\\/logo\\\/image\\\/\"},\"sameAs\":[\"https:\\\/\\\/www.facebook.com\\\/FLYAIRCUBE\\\/\"]}]}<\/script>\n<!-- \/ Yoast SEO plugin. -->","yoast_head_json":{"title":"Best XCTrack Pro companion app - AIR\u00b3 Manager -","description":"The AIR\u00b3 Manager provides the pilot with easy to understand tools that interact with XCTrack PRO. AIR\u00b3 Manager is the best XCTrack Pro companion app","robots":{"index":"index","follow":"follow","max-snippet":"max-snippet:-1","max-image-preview":"max-image-preview:large","max-video-preview":"max-video-preview:-1"},"canonical":"https:\/\/www.fly-air3.com\/fr\/software\/air3-manager\/","og_locale":"fr_FR","og_type":"article","og_title":"Best XCTrack Pro companion app - AIR\u00b3 Manager -","og_description":"The AIR\u00b3 Manager provides the pilot with easy to understand tools that interact with XCTrack PRO. AIR\u00b3 Manager is the best XCTrack Pro companion app","og_url":"https:\/\/www.fly-air3.com\/fr\/software\/air3-manager\/","og_site_name":"AIR\u00b3","article_publisher":"https:\/\/www.facebook.com\/FLYAIRCUBE\/","article_modified_time":"2025-12-30T14:44:28+00:00","twitter_card":"summary_large_image","twitter_misc":{"Dur\u00e9e de lecture estim\u00e9e":"1 minute"},"schema":{"@context":"https:\/\/schema.org","@graph":[{"@type":"WebPage","@id":"https:\/\/www.fly-air3.com\/software\/air3-manager\/","url":"https:\/\/www.fly-air3.com\/software\/air3-manager\/","name":"Best XCTrack Pro companion app - AIR\u00b3 Manager -","isPartOf":{"@id":"https:\/\/www.fly-air3.com\/en\/#website"},"datePublished":"2019-04-23T14:23:25+00:00","dateModified":"2025-12-30T14:44:28+00:00","description":"The AIR\u00b3 Manager provides the pilot with easy to understand tools that interact with XCTrack PRO. AIR\u00b3 Manager is the best XCTrack Pro companion app","breadcrumb":{"@id":"https:\/\/www.fly-air3.com\/software\/air3-manager\/#breadcrumb"},"inLanguage":"fr-FR","potentialAction":[{"@type":"ReadAction","target":["https:\/\/www.fly-air3.com\/software\/air3-manager\/"]}]},{"@type":"BreadcrumbList","@id":"https:\/\/www.fly-air3.com\/software\/air3-manager\/#breadcrumb","itemListElement":[{"@type":"ListItem","position":1,"name":"Home","item":"https:\/\/www.fly-air3.com\/"},{"@type":"ListItem","position":2,"name":"Software","item":"https:\/\/www.fly-air3.com\/software\/"},{"@type":"ListItem","position":3,"name":"AIR\u00b3 Manager"}]},{"@type":"WebSite","@id":"https:\/\/www.fly-air3.com\/en\/#website","url":"https:\/\/www.fly-air3.com\/en\/","name":"AIR\u00b3","description":"All in one Rugged 7&quot; Android New generation paragliding flight instrument. Vario GPS Livetracking","publisher":{"@id":"https:\/\/www.fly-air3.com\/en\/#organization"},"potentialAction":[{"@type":"SearchAction","target":{"@type":"EntryPoint","urlTemplate":"https:\/\/www.fly-air3.com\/en\/?s={search_term_string}"},"query-input":{"@type":"PropertyValueSpecification","valueRequired":true,"valueName":"search_term_string"}}],"inLanguage":"fr-FR"},{"@type":"Organization","@id":"https:\/\/www.fly-air3.com\/en\/#organization","name":"Berfon SPRL","url":"https:\/\/www.fly-air3.com\/en\/","logo":{"@type":"ImageObject","inLanguage":"fr-FR","@id":"https:\/\/www.fly-air3.com\/en\/#\/schema\/logo\/image\/","url":"http:\/\/www.fly-air3.com\/wp-content\/uploads\/sites\/15\/2019\/04\/AIR\u00b3-CARRE_Logo.png","contentUrl":"http:\/\/www.fly-air3.com\/wp-content\/uploads\/sites\/15\/2019\/04\/AIR\u00b3-CARRE_Logo.png","width":600,"height":600,"caption":"Berfon SPRL"},"image":{"@id":"https:\/\/www.fly-air3.com\/en\/#\/schema\/logo\/image\/"},"sameAs":["https:\/\/www.facebook.com\/FLYAIRCUBE\/"]}]}},"_links":{"self":[{"href":"https:\/\/www.fly-air3.com\/fr\/wp-json\/wp\/v2\/pages\/405","targetHints":{"allow":["GET"]}}],"collection":[{"href":"https:\/\/www.fly-air3.com\/fr\/wp-json\/wp\/v2\/pages"}],"about":[{"href":"https:\/\/www.fly-air3.com\/fr\/wp-json\/wp\/v2\/types\/page"}],"author":[{"embeddable":true,"href":"https:\/\/www.fly-air3.com\/fr\/wp-json\/wp\/v2\/users\/1"}],"replies":[{"embeddable":true,"href":"https:\/\/www.fly-air3.com\/fr\/wp-json\/wp\/v2\/comments?post=405"}],"version-history":[{"count":81,"href":"https:\/\/www.fly-air3.com\/fr\/wp-json\/wp\/v2\/pages\/405\/revisions"}],"predecessor-version":[{"id":10881,"href":"https:\/\/www.fly-air3.com\/fr\/wp-json\/wp\/v2\/pages\/405\/revisions\/10881"}],"up":[{"embeddable":true,"href":"https:\/\/www.fly-air3.com\/fr\/wp-json\/wp\/v2\/pages\/3288"}],"wp:attachment":[{"href":"https:\/\/www.fly-air3.com\/fr\/wp-json\/wp\/v2\/media?parent=405"}],"curies":[{"name":"wp","href":"https:\/\/api.w.org\/{rel}","templated":true}]}}