{"id":6480,"date":"2021-09-29T07:35:23","date_gmt":"2021-09-29T05:35:23","guid":{"rendered":"https:\/\/www.fly-air3.com\/?page_id=6480"},"modified":"2024-05-17T09:38:33","modified_gmt":"2024-05-17T07:38:33","slug":"air3-73-specs","status":"publish","type":"page","link":"https:\/\/www.fly-air3.com\/fr\/products\/air3-73-specs\/","title":{"rendered":"AIR\u00b3 7.3 &#8211; 7.3+"},"content":{"rendered":"<h2 class=\"wp-block-heading\"><a href=\"https:\/\/www.fly-air3.com\/fr\/products\/air3-7-35\/\">New version 7.35 &amp; 7.35+. Check here.<\/a><\/h2>\n\n\n<div id=\"pl-gb6480-69d267538c259\"  class=\"panel-layout wp-block-siteorigin-panels-layout-block\" ><div id=\"pg-gb6480-69d267538c259-0\"  class=\"panel-grid panel-no-style\" ><div id=\"pgc-gb6480-69d267538c259-0-0\"  class=\"panel-grid-cell panel-grid-cell-empty\" ><\/div><div id=\"pgc-gb6480-69d267538c259-0-1\"  class=\"panel-grid-cell panel-grid-cell-mobile-last\" ><div id=\"panel-gb6480-69d267538c259-0-1-0\" class=\"so-panel widget widget_sow-image panel-first-child panel-last-child\" data-index=\"0\" ><div\n\t\t\t\n\t\t\tclass=\"so-widget-sow-image so-widget-sow-image-default-8b5b6f678277-6480\"\n\t\t\t\n\t\t>\n<div class=\"sow-image-container\">\n\t\t<img \n\tsrc=\"https:\/\/www.fly-air3.com\/wp-content\/uploads\/sites\/15\/2021\/11\/AIR3-73-desktop-antenne-courte.png\" width=\"2637\" height=\"1772\" srcset=\"https:\/\/www.fly-air3.com\/wp-content\/uploads\/sites\/15\/2021\/11\/AIR3-73-desktop-antenne-courte.png 2637w, https:\/\/www.fly-air3.com\/wp-content\/uploads\/sites\/15\/2021\/11\/AIR3-73-desktop-antenne-courte-300x202.png 300w, https:\/\/www.fly-air3.com\/wp-content\/uploads\/sites\/15\/2021\/11\/AIR3-73-desktop-antenne-courte-1024x688.png 1024w, https:\/\/www.fly-air3.com\/wp-content\/uploads\/sites\/15\/2021\/11\/AIR3-73-desktop-antenne-courte-768x516.png 768w, https:\/\/www.fly-air3.com\/wp-content\/uploads\/sites\/15\/2021\/11\/AIR3-73-desktop-antenne-courte-1536x1032.png 1536w, https:\/\/www.fly-air3.com\/wp-content\/uploads\/sites\/15\/2021\/11\/AIR3-73-desktop-antenne-courte-2048x1376.png 2048w, https:\/\/www.fly-air3.com\/wp-content\/uploads\/sites\/15\/2021\/11\/AIR3-73-desktop-antenne-courte-18x12.png 18w, https:\/\/www.fly-air3.com\/wp-content\/uploads\/sites\/15\/2021\/11\/AIR3-73-desktop-antenne-courte-272x182.png 272w\" sizes=\"(max-width: 2637px) 100vw, 2637px\" alt=\"\" \t\tclass=\"so-widget-image\"\/>\n\t<\/div>\n\n<\/div><\/div><\/div><div id=\"pgc-gb6480-69d267538c259-0-2\"  class=\"panel-grid-cell panel-grid-cell-empty\" ><\/div><\/div><\/div>\n\n\n<h3 class=\"wp-block-heading has-text-align-center\"><\/h3>\n\n\n\n<hr class=\"wp-block-separator has-css-opacity\"\/>\n\n\n\n<div class=\"wp-block-columns has-2-columns is-layout-flex wp-container-core-columns-is-layout-9d6595d7 wp-block-columns-is-layout-flex\">\n<div class=\"wp-block-column is-layout-flow wp-block-column-is-layout-flow\">\n<h4 class=\"wp-block-heading\">Syst\u00e8me<\/h4>\n\n\n\n<ul class=\"wp-block-list\">\n<li>Processeur ARM A73\u00a0\u2013 2.0 GHz Octacore.<\/li>\n\n\n\n<li>RAM 8 Gb.<\/li>\n\n\n\n<li>Stockage 128 Go + MicroSD slot (jusqu'\u00e0 128 Go).<\/li>\n\n\n\n<li>Android 11<\/li>\n<\/ul>\n\n\n\n<h4 class=\"wp-block-heading\">Capteurs<\/h4>\n\n\n\n<ul class=\"wp-block-list\">\n<li>GPS de qualit\u00e9 industrielle \u2013 GNSS GPS+Glonass+Beidou+AGPS<\/li>\n\n\n\n<li>Baro \/ Vario bas\u00e9 sur un capteur suisse tr\u00e8s sensible (Te connectivity)<\/li>\n\n\n\n<li>Acc\u00e9l\u00e9rom\u00e8tre<\/li>\n\n\n\n<li>Capteur G\u00e9omagn\u00e9tique<\/li>\n\n\n\n<li>Capteur de gravit\u00e9<\/li>\n\n\n\n<li>Boussole<\/li>\n\n\n\n<li>Capteur Gyro<\/li>\n\n\n\n<li>Capteur de lumi\u00e8re<\/li>\n<\/ul>\n\n\n\n<h4 class=\"wp-block-heading\">Interactivit\u00e9<\/h4>\n\n\n\n<ul class=\"wp-block-list\">\n<li>5 boutons physiques pour configurer diff\u00e9rentes actions<\/li>\n\n\n\n<li>Zoom avant Zoom arri\u00e8re<\/li>\n\n\n\n<li>Page suivante, page pr\u00e9c\u00e9dente<\/li>\n\n\n\n<li>Waypoint suivant \/ pr\u00e9c\u00e9dent<\/li>\n\n\n\n<li>Luminosit\u00e9 + et -<\/li>\n\n\n\n<li>Menu &#8211; <\/li>\n\n\n\n<li>Appel d'urgence<\/li>\n<\/ul>\n<\/div>\n\n\n\n<div class=\"wp-block-column is-layout-flow wp-block-column-is-layout-flow\">\n<h4 class=\"wp-block-heading\">Affichage<\/h4>\n\n\n\n<ul class=\"wp-block-list\">\n<li>7 pouces - Couleur. (Comprend un film protecteur)<\/li>\n\n\n\n<li>IPS HD LCD<\/li>\n\n\n\n<li>TouchPad capacitif<\/li>\n\n\n\n<li>1000 cd\/m2<\/li>\n\n\n\n<li>1920X1200<\/li>\n<\/ul>\n\n\n\n<h4 class=\"wp-block-heading\">Connectivit\u00e9<\/h4>\n\n\n\n<ul class=\"wp-block-list\">\n<li>WI-FI (802.11 a\/b\/g\/n\/ac).<\/li>\n\n\n\n<li>Bluetooth 4.2 (LE)<\/li>\n\n\n\n<li>2G, 3G,&nbsp;4G<\/li>\n\n\n\n<li>USB Type C &#8211; USB Pogopin<\/li>\n\n\n\n<li>3.5 Jack Stereo.<\/li>\n<\/ul>\n\n\n\n<h4 class=\"wp-block-heading\">Appareil photo num\u00e9rique<\/h4>\n\n\n\n<ul class=\"wp-block-list\">\n<li>Arri\u00e8re: 13 Megapixels<\/li>\n\n\n\n<li>Avant: 5 Megapixels<\/li>\n<\/ul>\n\n\n\n<h4 class=\"wp-block-heading\">Donn\u00e9es techniques<\/h4>\n\n\n\n<ul class=\"wp-block-list\">\n<li>Batterie Li-ion int\u00e9gr\u00e9e de 10 000 mAh.<\/li>\n\n\n\n<li>Dimensions: 205mm*140mm*21mm<\/li>\n\n\n\n<li>Poids: 650gr \u2013 665 gr (7.3+).<\/li>\n\n\n\n<li>Couleur Noir \/ Orange<\/li>\n\n\n\n<li>IP67 (*1) (<a href=\"https:\/\/www.fly-air3.com\/fr\/support\/videos\/how-to\/#Videos-IP67\" target=\"_blank\" rel=\"noreferrer noopener\">VIDEO<\/a>)<\/li>\n<\/ul>\n<\/div>\n<\/div>\n\n\n\n<h3 class=\"wp-block-heading\">Applications<\/h3>\n\n\n\n<ul class=\"wp-block-list\">\n<li><strong><a href=\"https:\/\/www.fly-air3.com\/fr\/software\/xctrack-pro-air3\/\" target=\"_blank\" rel=\"noreferrer noopener\">XCTrack Pro<\/a><\/strong> (licence perp\u00e9tuelle): optimis\u00e9, personnalis\u00e9 et pr\u00e9configur\u00e9<\/li>\n\n\n\n<li><a href=\"https:\/\/www.fly-air3.com\/fr\/support\/air3-xctrack-manual\/xcguide-specific-air3-features\/\">XC Guide<\/a>: caract\u00e9ristiques sp\u00e9cifiques \u00e0 l'AIR\u00b3<\/li>\n\n\n\n<li><a href=\"https:\/\/www.fly-air3.com\/fr\/software\/air3-manager\/\">AIR\u00b3 Manager<\/a>\n<ul class=\"wp-block-list\">\n<li>lancement automatique (au d\u00e9marrage) \/ manuel de XCTrack<\/li>\n\n\n\n<li>t\u00e9l\u00e9chargement automatique (au d\u00e9marrage) \/ manuel du fichier Openair<\/li>\n\n\n\n<li>d\u00e9finir le profil XCTrack Pro (Kiss-Easy-Expert-Paramoteur)<\/li>\n\n\n\n<li>d\u00e9finir le th\u00e8me XCTrack Pro.<\/li>\n<\/ul>\n<\/li>\n\n\n\n<li>Applications g\u00e9n\u00e9rales li\u00e9es \u00e0 Android: Galerie, Navigateur Internet, Agenda, Calculatrice, Lecteur de musique, E-mail, Google Play, Horloge, Whatsapp, Messenger, Youtube, Instagram, Facebook, \u2026<\/li>\n\n\n\n<li>Compatible avec d'autres applications Android de vol: XCsoar, LK8000, XC Guide, Safesky, Cruiser\u2026 <\/li>\n\n\n\n<li><a href=\"https:\/\/www.fly-air3.com\/fr\/sports\/outdoor-activities\/\" target=\"_blank\" rel=\"noreferrer noopener\">De nombreuses autres applications possibles font de l'AIR\u00b3 un instrument id\u00e9al pour les activit\u00e9s de plein air.<\/a><\/li>\n<\/ul>\n\n\n\n<p><\/p>\n\n\n\n<h3 class=\"wp-block-heading\">Caract\u00e9ristiques suppl\u00e9mentaires<\/h3>\n\n\n\n<p>Comme l'AIR\u00b3 est bas\u00e9 sur Android, les fonctionnalit\u00e9s suppl\u00e9mentaires sont illimit\u00e9es via les applications.<\/p>\n\n\n\n<p>Par exemple, vous pouvez utiliser <a href=\"https:\/\/www.fly-air3.com\/fr\/ufaqs\/commands-through-voice\/\">Voice Access pour activer les commandes vocales<\/a> et interagir avec l'AIR\u00b3 sans avoir besoin d'aucune interaction physique. Ceci n'est qu'un exemple des fonctionnalit\u00e9s suppl\u00e9mentaires possibles qui peuvent \u00eatre obtenues avec un AIR\u00b3.<\/p>\n\n\n\n<hr class=\"wp-block-separator has-css-opacity\"\/>\n\n\n\n<h3 class=\"wp-block-heading\">Qu'y a-t-il dans la boite?<\/h3>\n\n\n\n<ul class=\"wp-block-list\">\n<li>AIR\u00b3 (comprend un film protecteur et une lani\u00e8re)<\/li>\n\n\n\n<li>Adaptateur secteur USB + c\u00e2bles (USB-type C &amp; Pogopin)<\/li>\n\n\n\n<li>Housse n\u00e9opr\u00e8ne<\/li>\n\n\n\n<li>Guide d'utilisation rapide<\/li>\n\n\n\n<li>Adaptateur carte Sim<\/li>\n\n\n\n<li>Velcros<\/li>\n\n\n\n<li>USB-C -USB mini &#8211; USB-A adaptor<\/li>\n\n\n\n<li>Supports m\u00e9talliques<\/li>\n\n\n\n<li>(Antenne pour AIR\u00b3 7.3+)<\/li>\n<\/ul>\n\n\n<div id=\"pl-gb6480-69d267538ede0\"  class=\"panel-layout\" ><div id=\"pg-gb6480-69d267538ede0-0\"  class=\"panel-grid panel-no-style\" ><div id=\"pgc-gb6480-69d267538ede0-0-0\"  class=\"panel-grid-cell panel-grid-cell-empty\" ><\/div><div id=\"pgc-gb6480-69d267538ede0-0-1\"  class=\"panel-grid-cell panel-grid-cell-mobile-last\" ><div id=\"panel-gb6480-69d267538ede0-0-1-0\" class=\"so-panel widget widget_sow-image panel-first-child panel-last-child\" data-index=\"0\" ><div\n\t\t\t\n\t\t\tclass=\"so-widget-sow-image so-widget-sow-image-default-8b5b6f678277-6480\"\n\t\t\t\n\t\t><\/div><\/div><\/div><div id=\"pgc-gb6480-69d267538ede0-0-2\"  class=\"panel-grid-cell panel-grid-cell-empty\" ><\/div><\/div><\/div>\n\n<div id=\"pl-gb6480-69d267538f24b\"  class=\"panel-layout\" ><div id=\"pg-gb6480-69d267538f24b-0\"  class=\"panel-grid panel-no-style\" ><div id=\"pgc-gb6480-69d267538f24b-0-0\"  class=\"panel-grid-cell panel-grid-cell-empty\" ><\/div><div id=\"pgc-gb6480-69d267538f24b-0-1\"  class=\"panel-grid-cell panel-grid-cell-mobile-last\" ><div id=\"panel-gb6480-69d267538f24b-0-1-0\" class=\"so-panel widget widget_sow-image panel-first-child panel-last-child\" data-index=\"0\" ><div\n\t\t\t\n\t\t\tclass=\"so-widget-sow-image so-widget-sow-image-default-8b5b6f678277-6480\"\n\t\t\t\n\t\t>\n<div class=\"sow-image-container\">\n\t\t<img \n\tsrc=\"https:\/\/www.fly-air3.com\/wp-content\/uploads\/sites\/15\/2022\/01\/whats-in-the-box3.png\" width=\"1500\" height=\"1263\" srcset=\"https:\/\/www.fly-air3.com\/wp-content\/uploads\/sites\/15\/2022\/01\/whats-in-the-box3.png 1500w, https:\/\/www.fly-air3.com\/wp-content\/uploads\/sites\/15\/2022\/01\/whats-in-the-box3-300x253.png 300w, https:\/\/www.fly-air3.com\/wp-content\/uploads\/sites\/15\/2022\/01\/whats-in-the-box3-1024x862.png 1024w, https:\/\/www.fly-air3.com\/wp-content\/uploads\/sites\/15\/2022\/01\/whats-in-the-box3-768x647.png 768w, https:\/\/www.fly-air3.com\/wp-content\/uploads\/sites\/15\/2022\/01\/whats-in-the-box3-14x12.png 14w\" sizes=\"(max-width: 1500px) 100vw, 1500px\" title=\"whats in the box3\" alt=\"\" \t\tclass=\"so-widget-image\"\/>\n\t<\/div>\n\n<\/div><\/div><\/div><div id=\"pgc-gb6480-69d267538f24b-0-2\"  class=\"panel-grid-cell panel-grid-cell-empty\" ><\/div><\/div><\/div>\n\n\n<p>(*1)\u00a0: n\u00e9cessite que les couvercles soient ferm\u00e9s.<\/p>","protected":false},"excerpt":{"rendered":"<p>New version 7.35 &amp; 7.35+. Check here. System Sensors Interactivity Display Connectivity Digital camera Technical data Applications Additional features As AIR\u00b3 is based on Android, additional features are limitless through apps. For example, you can use Voice Access to enable Voice commands and interface with the AIR\u00b3 without the need for any physical interaction. This <a href=\"https:\/\/www.fly-air3.com\/fr\/products\/air3-73-specs\/\" rel=\"nofollow\"><span class=\"sr-only\">En savoir plus surAIR\u00b3 7.3 &#8211; 7.3+<\/span>[&hellip;]<\/a><\/p>\n","protected":false},"author":1,"featured_media":6757,"parent":3286,"menu_order":3,"comment_status":"closed","ping_status":"closed","template":"template-fullwidth.php","meta":{"footnotes":""},"class_list":["post-6480","page","type-page","status-publish","has-post-thumbnail","hentry"],"yoast_head":"<!-- This site is optimized with the Yoast SEO plugin v27.3 - https:\/\/yoast.com\/product\/yoast-seo-wordpress\/ -->\n<title>AIR\u00b3 7.3 - 7.3+ - AIR\u00b3<\/title>\n<meta name=\"description\" content=\"Specifications of AIR\u00b3 (AIR3) 7.3 and 7.3 + (with Fanet and Flarm). New Generation Flight Instrument based on Android\" \/>\n<meta name=\"robots\" content=\"index, follow, max-snippet:-1, max-image-preview:large, max-video-preview:-1\" \/>\n<link rel=\"canonical\" href=\"https:\/\/www.fly-air3.com\/fr\/products\/air3-73-specs\/\" \/>\n<meta property=\"og:locale\" content=\"fr_FR\" \/>\n<meta property=\"og:type\" content=\"article\" \/>\n<meta property=\"og:title\" content=\"AIR\u00b3 7.3 - 7.3+ - AIR\u00b3\" \/>\n<meta property=\"og:description\" content=\"Specifications of AIR\u00b3 (AIR3) 7.3 and 7.3 + (with Fanet and Flarm). New Generation Flight Instrument based on Android\" \/>\n<meta property=\"og:url\" content=\"https:\/\/www.fly-air3.com\/fr\/products\/air3-73-specs\/\" \/>\n<meta property=\"og:site_name\" content=\"AIR\u00b3\" \/>\n<meta property=\"article:publisher\" content=\"https:\/\/www.facebook.com\/FLYAIRCUBE\/\" \/>\n<meta property=\"article:modified_time\" content=\"2024-05-17T07:38:33+00:00\" \/>\n<meta property=\"og:image\" content=\"https:\/\/www.fly-air3.com\/wp-content\/uploads\/sites\/15\/2020\/01\/Featured_image_AIR372.png\" \/>\n\t<meta property=\"og:image:width\" content=\"1200\" \/>\n\t<meta property=\"og:image:height\" content=\"628\" \/>\n\t<meta property=\"og:image:type\" content=\"image\/png\" \/>\n<meta name=\"twitter:card\" content=\"summary_large_image\" \/>\n<meta name=\"twitter:label1\" content=\"Dur\u00e9e de lecture estim\u00e9e\" \/>\n\t<meta name=\"twitter:data1\" content=\"3 minutes\" \/>\n<script type=\"application\/ld+json\" class=\"yoast-schema-graph\">{\"@context\":\"https:\\\/\\\/schema.org\",\"@graph\":[{\"@type\":\"WebPage\",\"@id\":\"https:\\\/\\\/www.fly-air3.com\\\/products\\\/air3-73-specs\\\/\",\"url\":\"https:\\\/\\\/www.fly-air3.com\\\/products\\\/air3-73-specs\\\/\",\"name\":\"AIR\u00b3 7.3 - 7.3+ - AIR\u00b3\",\"isPartOf\":{\"@id\":\"https:\\\/\\\/www.fly-air3.com\\\/en\\\/#website\"},\"primaryImageOfPage\":{\"@id\":\"https:\\\/\\\/www.fly-air3.com\\\/products\\\/air3-73-specs\\\/#primaryimage\"},\"image\":{\"@id\":\"https:\\\/\\\/www.fly-air3.com\\\/products\\\/air3-73-specs\\\/#primaryimage\"},\"thumbnailUrl\":\"https:\\\/\\\/www.fly-air3.com\\\/wp-content\\\/uploads\\\/sites\\\/15\\\/2021\\\/11\\\/AIR3-73-desktop-antenne-courte.png\",\"datePublished\":\"2021-09-29T05:35:23+00:00\",\"dateModified\":\"2024-05-17T07:38:33+00:00\",\"description\":\"Specifications of AIR\u00b3 (AIR3) 7.3 and 7.3 + (with Fanet and Flarm). New Generation Flight Instrument based on Android\",\"breadcrumb\":{\"@id\":\"https:\\\/\\\/www.fly-air3.com\\\/products\\\/air3-73-specs\\\/#breadcrumb\"},\"inLanguage\":\"fr-FR\",\"potentialAction\":[{\"@type\":\"ReadAction\",\"target\":[\"https:\\\/\\\/www.fly-air3.com\\\/products\\\/air3-73-specs\\\/\"]}]},{\"@type\":\"ImageObject\",\"inLanguage\":\"fr-FR\",\"@id\":\"https:\\\/\\\/www.fly-air3.com\\\/products\\\/air3-73-specs\\\/#primaryimage\",\"url\":\"https:\\\/\\\/www.fly-air3.com\\\/wp-content\\\/uploads\\\/sites\\\/15\\\/2021\\\/11\\\/AIR3-73-desktop-antenne-courte.png\",\"contentUrl\":\"https:\\\/\\\/www.fly-air3.com\\\/wp-content\\\/uploads\\\/sites\\\/15\\\/2021\\\/11\\\/AIR3-73-desktop-antenne-courte.png\",\"width\":2637,\"height\":1772},{\"@type\":\"BreadcrumbList\",\"@id\":\"https:\\\/\\\/www.fly-air3.com\\\/products\\\/air3-73-specs\\\/#breadcrumb\",\"itemListElement\":[{\"@type\":\"ListItem\",\"position\":1,\"name\":\"Home\",\"item\":\"https:\\\/\\\/www.fly-air3.com\\\/\"},{\"@type\":\"ListItem\",\"position\":2,\"name\":\"Products\",\"item\":\"https:\\\/\\\/www.fly-air3.com\\\/products\\\/\"},{\"@type\":\"ListItem\",\"position\":3,\"name\":\"AIR\u00b3 7.3 &#8211; 7.3+\"}]},{\"@type\":\"WebSite\",\"@id\":\"https:\\\/\\\/www.fly-air3.com\\\/en\\\/#website\",\"url\":\"https:\\\/\\\/www.fly-air3.com\\\/en\\\/\",\"name\":\"AIR\u00b3\",\"description\":\"All in one Rugged 7&quot; Android New generation paragliding flight instrument. Vario GPS Livetracking\",\"publisher\":{\"@id\":\"https:\\\/\\\/www.fly-air3.com\\\/en\\\/#organization\"},\"potentialAction\":[{\"@type\":\"SearchAction\",\"target\":{\"@type\":\"EntryPoint\",\"urlTemplate\":\"https:\\\/\\\/www.fly-air3.com\\\/en\\\/?s={search_term_string}\"},\"query-input\":{\"@type\":\"PropertyValueSpecification\",\"valueRequired\":true,\"valueName\":\"search_term_string\"}}],\"inLanguage\":\"fr-FR\"},{\"@type\":\"Organization\",\"@id\":\"https:\\\/\\\/www.fly-air3.com\\\/en\\\/#organization\",\"name\":\"Berfon SPRL\",\"url\":\"https:\\\/\\\/www.fly-air3.com\\\/en\\\/\",\"logo\":{\"@type\":\"ImageObject\",\"inLanguage\":\"fr-FR\",\"@id\":\"https:\\\/\\\/www.fly-air3.com\\\/en\\\/#\\\/schema\\\/logo\\\/image\\\/\",\"url\":\"http:\\\/\\\/www.fly-air3.com\\\/wp-content\\\/uploads\\\/sites\\\/15\\\/2019\\\/04\\\/AIR\u00b3-CARRE_Logo.png\",\"contentUrl\":\"http:\\\/\\\/www.fly-air3.com\\\/wp-content\\\/uploads\\\/sites\\\/15\\\/2019\\\/04\\\/AIR\u00b3-CARRE_Logo.png\",\"width\":600,\"height\":600,\"caption\":\"Berfon SPRL\"},\"image\":{\"@id\":\"https:\\\/\\\/www.fly-air3.com\\\/en\\\/#\\\/schema\\\/logo\\\/image\\\/\"},\"sameAs\":[\"https:\\\/\\\/www.facebook.com\\\/FLYAIRCUBE\\\/\"]}]}<\/script>\n<!-- \/ Yoast SEO plugin. -->","yoast_head_json":{"title":"AIR\u00b3 7.3 - 7.3+ - AIR\u00b3","description":"Specifications of AIR\u00b3 (AIR3) 7.3 and 7.3 + (with Fanet and Flarm). New Generation Flight Instrument based on Android","robots":{"index":"index","follow":"follow","max-snippet":"max-snippet:-1","max-image-preview":"max-image-preview:large","max-video-preview":"max-video-preview:-1"},"canonical":"https:\/\/www.fly-air3.com\/fr\/products\/air3-73-specs\/","og_locale":"fr_FR","og_type":"article","og_title":"AIR\u00b3 7.3 - 7.3+ - AIR\u00b3","og_description":"Specifications of AIR\u00b3 (AIR3) 7.3 and 7.3 + (with Fanet and Flarm). New Generation Flight Instrument based on Android","og_url":"https:\/\/www.fly-air3.com\/fr\/products\/air3-73-specs\/","og_site_name":"AIR\u00b3","article_publisher":"https:\/\/www.facebook.com\/FLYAIRCUBE\/","article_modified_time":"2024-05-17T07:38:33+00:00","og_image":[{"width":1200,"height":628,"url":"https:\/\/www.fly-air3.com\/wp-content\/uploads\/sites\/15\/2020\/01\/Featured_image_AIR372.png","type":"image\/png"}],"twitter_card":"summary_large_image","twitter_misc":{"Dur\u00e9e de lecture estim\u00e9e":"3 minutes"},"schema":{"@context":"https:\/\/schema.org","@graph":[{"@type":"WebPage","@id":"https:\/\/www.fly-air3.com\/products\/air3-73-specs\/","url":"https:\/\/www.fly-air3.com\/products\/air3-73-specs\/","name":"AIR\u00b3 7.3 - 7.3+ - AIR\u00b3","isPartOf":{"@id":"https:\/\/www.fly-air3.com\/en\/#website"},"primaryImageOfPage":{"@id":"https:\/\/www.fly-air3.com\/products\/air3-73-specs\/#primaryimage"},"image":{"@id":"https:\/\/www.fly-air3.com\/products\/air3-73-specs\/#primaryimage"},"thumbnailUrl":"https:\/\/www.fly-air3.com\/wp-content\/uploads\/sites\/15\/2021\/11\/AIR3-73-desktop-antenne-courte.png","datePublished":"2021-09-29T05:35:23+00:00","dateModified":"2024-05-17T07:38:33+00:00","description":"Specifications of AIR\u00b3 (AIR3) 7.3 and 7.3 + (with Fanet and Flarm). New Generation Flight Instrument based on Android","breadcrumb":{"@id":"https:\/\/www.fly-air3.com\/products\/air3-73-specs\/#breadcrumb"},"inLanguage":"fr-FR","potentialAction":[{"@type":"ReadAction","target":["https:\/\/www.fly-air3.com\/products\/air3-73-specs\/"]}]},{"@type":"ImageObject","inLanguage":"fr-FR","@id":"https:\/\/www.fly-air3.com\/products\/air3-73-specs\/#primaryimage","url":"https:\/\/www.fly-air3.com\/wp-content\/uploads\/sites\/15\/2021\/11\/AIR3-73-desktop-antenne-courte.png","contentUrl":"https:\/\/www.fly-air3.com\/wp-content\/uploads\/sites\/15\/2021\/11\/AIR3-73-desktop-antenne-courte.png","width":2637,"height":1772},{"@type":"BreadcrumbList","@id":"https:\/\/www.fly-air3.com\/products\/air3-73-specs\/#breadcrumb","itemListElement":[{"@type":"ListItem","position":1,"name":"Home","item":"https:\/\/www.fly-air3.com\/"},{"@type":"ListItem","position":2,"name":"Products","item":"https:\/\/www.fly-air3.com\/products\/"},{"@type":"ListItem","position":3,"name":"AIR\u00b3 7.3 &#8211; 7.3+"}]},{"@type":"WebSite","@id":"https:\/\/www.fly-air3.com\/en\/#website","url":"https:\/\/www.fly-air3.com\/en\/","name":"AIR\u00b3","description":"All in one Rugged 7&quot; Android New generation paragliding flight instrument. Vario GPS Livetracking","publisher":{"@id":"https:\/\/www.fly-air3.com\/en\/#organization"},"potentialAction":[{"@type":"SearchAction","target":{"@type":"EntryPoint","urlTemplate":"https:\/\/www.fly-air3.com\/en\/?s={search_term_string}"},"query-input":{"@type":"PropertyValueSpecification","valueRequired":true,"valueName":"search_term_string"}}],"inLanguage":"fr-FR"},{"@type":"Organization","@id":"https:\/\/www.fly-air3.com\/en\/#organization","name":"Berfon SPRL","url":"https:\/\/www.fly-air3.com\/en\/","logo":{"@type":"ImageObject","inLanguage":"fr-FR","@id":"https:\/\/www.fly-air3.com\/en\/#\/schema\/logo\/image\/","url":"http:\/\/www.fly-air3.com\/wp-content\/uploads\/sites\/15\/2019\/04\/AIR\u00b3-CARRE_Logo.png","contentUrl":"http:\/\/www.fly-air3.com\/wp-content\/uploads\/sites\/15\/2019\/04\/AIR\u00b3-CARRE_Logo.png","width":600,"height":600,"caption":"Berfon SPRL"},"image":{"@id":"https:\/\/www.fly-air3.com\/en\/#\/schema\/logo\/image\/"},"sameAs":["https:\/\/www.facebook.com\/FLYAIRCUBE\/"]}]}},"_links":{"self":[{"href":"https:\/\/www.fly-air3.com\/fr\/wp-json\/wp\/v2\/pages\/6480","targetHints":{"allow":["GET"]}}],"collection":[{"href":"https:\/\/www.fly-air3.com\/fr\/wp-json\/wp\/v2\/pages"}],"about":[{"href":"https:\/\/www.fly-air3.com\/fr\/wp-json\/wp\/v2\/types\/page"}],"author":[{"embeddable":true,"href":"https:\/\/www.fly-air3.com\/fr\/wp-json\/wp\/v2\/users\/1"}],"replies":[{"embeddable":true,"href":"https:\/\/www.fly-air3.com\/fr\/wp-json\/wp\/v2\/comments?post=6480"}],"version-history":[{"count":29,"href":"https:\/\/www.fly-air3.com\/fr\/wp-json\/wp\/v2\/pages\/6480\/revisions"}],"predecessor-version":[{"id":10134,"href":"https:\/\/www.fly-air3.com\/fr\/wp-json\/wp\/v2\/pages\/6480\/revisions\/10134"}],"up":[{"embeddable":true,"href":"https:\/\/www.fly-air3.com\/fr\/wp-json\/wp\/v2\/pages\/3286"}],"wp:featuredmedia":[{"embeddable":true,"href":"https:\/\/www.fly-air3.com\/fr\/wp-json\/wp\/v2\/media\/6757"}],"wp:attachment":[{"href":"https:\/\/www.fly-air3.com\/fr\/wp-json\/wp\/v2\/media?parent=6480"}],"curies":[{"name":"wp","href":"https:\/\/api.w.org\/{rel}","templated":true}]}}