{"id":8540,"date":"2023-08-29T16:46:51","date_gmt":"2023-08-29T14:46:51","guid":{"rendered":"https:\/\/www.fly-air3.com\/?page_id=8540"},"modified":"2023-08-29T16:53:20","modified_gmt":"2023-08-29T14:53:20","slug":"air3-7-3-comparison-table","status":"publish","type":"page","link":"https:\/\/www.fly-air3.com\/fr\/products\/air3-7-3-comparison-table\/","title":{"rendered":"AIR\u00b3 7.3 &#8211; 7.3+ comparison table"},"content":{"rendered":"<h2 class=\"wp-block-heading\">  <\/h2>\n\n\n<div id=\"pl-gb8540-69e49f19a95f0\"  class=\"panel-layout\" ><div id=\"pg-gb8540-69e49f19a95f0-0\"  class=\"panel-grid panel-no-style\" ><div id=\"pgc-gb8540-69e49f19a95f0-0-0\"  class=\"panel-grid-cell\" ><div id=\"panel-gb8540-69e49f19a95f0-0-0-0\" class=\"so-panel widget widget_sow-editor panel-first-child panel-last-child\" data-index=\"0\" ><div\n\t\t\t\n\t\t\tclass=\"so-widget-sow-editor so-widget-sow-editor-base\"\n\t\t\t\n\t\t>\n<div class=\"siteorigin-widget-tinymce textwidget\">\n\t<\/div>\n<\/div><\/div><\/div><\/div><div id=\"pg-gb8540-69e49f19a95f0-1\"  class=\"panel-grid panel-no-style\" ><div id=\"pgc-gb8540-69e49f19a95f0-1-0\"  class=\"panel-grid-cell panel-grid-cell-empty\" ><\/div><div id=\"pgc-gb8540-69e49f19a95f0-1-1\"  class=\"panel-grid-cell\" ><div id=\"panel-gb8540-69e49f19a95f0-1-1-0\" class=\"so-panel widget widget_sow-image panel-first-child panel-last-child\" data-index=\"1\" ><div\n\t\t\t\n\t\t\tclass=\"so-widget-sow-image so-widget-sow-image-default-8b5b6f678277-8540\"\n\t\t\t\n\t\t>\n<div class=\"sow-image-container\">\n\t\t\t<a href=\"https:\/\/www.fly-air3.com\/fr\/products\/air3-73-specs\/\"\n\t\t\t\t\t>\n\t\t\t<img \n\tsrc=\"https:\/\/www.fly-air3.com\/wp-content\/uploads\/sites\/15\/2021\/11\/AIR3-73-XC.png\" width=\"2960\" height=\"2063\" srcset=\"https:\/\/www.fly-air3.com\/wp-content\/uploads\/sites\/15\/2021\/11\/AIR3-73-XC.png 2960w, https:\/\/www.fly-air3.com\/wp-content\/uploads\/sites\/15\/2021\/11\/AIR3-73-XC-300x209.png 300w, https:\/\/www.fly-air3.com\/wp-content\/uploads\/sites\/15\/2021\/11\/AIR3-73-XC-1024x714.png 1024w, https:\/\/www.fly-air3.com\/wp-content\/uploads\/sites\/15\/2021\/11\/AIR3-73-XC-768x535.png 768w, https:\/\/www.fly-air3.com\/wp-content\/uploads\/sites\/15\/2021\/11\/AIR3-73-XC-1536x1071.png 1536w, https:\/\/www.fly-air3.com\/wp-content\/uploads\/sites\/15\/2021\/11\/AIR3-73-XC-2048x1427.png 2048w, https:\/\/www.fly-air3.com\/wp-content\/uploads\/sites\/15\/2021\/11\/AIR3-73-XC-18x12.png 18w\" sizes=\"(max-width: 2960px) 100vw, 2960px\" alt=\"\" \t\tclass=\"so-widget-image\"\/>\n\t\t\t<\/a><\/div>\n\n<\/div><\/div><\/div><div id=\"pgc-gb8540-69e49f19a95f0-1-2\"  class=\"panel-grid-cell panel-grid-cell-empty\" ><\/div><div id=\"pgc-gb8540-69e49f19a95f0-1-3\"  class=\"panel-grid-cell panel-grid-cell-mobile-last\" ><div id=\"panel-gb8540-69e49f19a95f0-1-3-0\" class=\"so-panel widget widget_sow-image panel-first-child panel-last-child\" data-index=\"2\" ><div\n\t\t\t\n\t\t\tclass=\"so-widget-sow-image so-widget-sow-image-default-8b5b6f678277-8540\"\n\t\t\t\n\t\t>\n<div class=\"sow-image-container\">\n\t\t\t<a href=\"https:\/\/www.fly-air3.com\/fr\/products\/air3-73-specs\/\"\n\t\t\t\t\t>\n\t\t\t<img \n\tsrc=\"https:\/\/www.fly-air3.com\/wp-content\/uploads\/sites\/15\/2021\/11\/AIR3-73-desktop-antenne-courte.png\" width=\"2637\" height=\"1772\" srcset=\"https:\/\/www.fly-air3.com\/wp-content\/uploads\/sites\/15\/2021\/11\/AIR3-73-desktop-antenne-courte.png 2637w, https:\/\/www.fly-air3.com\/wp-content\/uploads\/sites\/15\/2021\/11\/AIR3-73-desktop-antenne-courte-300x202.png 300w, https:\/\/www.fly-air3.com\/wp-content\/uploads\/sites\/15\/2021\/11\/AIR3-73-desktop-antenne-courte-1024x688.png 1024w, https:\/\/www.fly-air3.com\/wp-content\/uploads\/sites\/15\/2021\/11\/AIR3-73-desktop-antenne-courte-768x516.png 768w, https:\/\/www.fly-air3.com\/wp-content\/uploads\/sites\/15\/2021\/11\/AIR3-73-desktop-antenne-courte-1536x1032.png 1536w, https:\/\/www.fly-air3.com\/wp-content\/uploads\/sites\/15\/2021\/11\/AIR3-73-desktop-antenne-courte-2048x1376.png 2048w, https:\/\/www.fly-air3.com\/wp-content\/uploads\/sites\/15\/2021\/11\/AIR3-73-desktop-antenne-courte-18x12.png 18w, https:\/\/www.fly-air3.com\/wp-content\/uploads\/sites\/15\/2021\/11\/AIR3-73-desktop-antenne-courte-272x182.png 272w\" sizes=\"(max-width: 2637px) 100vw, 2637px\" alt=\"\" \t\tclass=\"so-widget-image\"\/>\n\t\t\t<\/a><\/div>\n\n<\/div><\/div><\/div><div id=\"pgc-gb8540-69e49f19a95f0-1-4\"  class=\"panel-grid-cell panel-grid-cell-empty\" ><\/div><\/div><div id=\"pg-gb8540-69e49f19a95f0-2\"  class=\"panel-grid panel-no-style\" ><div id=\"pgc-gb8540-69e49f19a95f0-2-0\"  class=\"panel-grid-cell\" ><div id=\"panel-gb8540-69e49f19a95f0-2-0-0\" class=\"so-panel widget widget_sow-editor panel-first-child panel-last-child\" data-index=\"3\" ><div\n\t\t\t\n\t\t\tclass=\"so-widget-sow-editor so-widget-sow-editor-base\"\n\t\t\t\n\t\t>\n<div class=\"siteorigin-widget-tinymce textwidget\">\n\t<\/div>\n<\/div><\/div><\/div><\/div><\/div>\n\n\n<figure class=\"wp-block-table\"><table><thead><tr><th>Fonctionnalit\u00e9s<\/th><th class=\"has-text-align-center\" data-align=\"center\"><strong>7.3<\/strong><\/th><th class=\"has-text-align-center\" data-align=\"center\"><strong>7.3+ <\/strong>V2 (*1)<\/th><\/tr><\/thead><tbody><tr><td>Taille (mm)<\/td><td class=\"has-text-align-center\" data-align=\"center\">205 X 140 X 21<\/td><td class=\"has-text-align-center\" data-align=\"center\">205 X 140 X 21<\/td><\/tr><tr><td>Poids<\/td><td class=\"has-text-align-center\" data-align=\"center\">650 gr<\/td><td class=\"has-text-align-center\" data-align=\"center\">665 gr<\/td><\/tr><tr><td>Luminosit\u00e9 max de l'\u00e9cran<\/td><td class=\"has-text-align-center\" data-align=\"center\">1000 nits<\/td><td class=\"has-text-align-center\" data-align=\"center\">1000 nits<\/td><\/tr><tr><td>Taille de l'\u00e9cran<\/td><td class=\"has-text-align-center\" data-align=\"center\">7&#8243;<\/td><td class=\"has-text-align-center\" data-align=\"center\">7&#8243;<\/td><\/tr><tr><td>R\u00e9solution \u00e9cran<\/td><td class=\"has-text-align-center\" data-align=\"center\">1920X1200<\/td><td class=\"has-text-align-center\" data-align=\"center\">1920X1200<\/td><\/tr><tr><td>Vario pr\u00e9cis<\/td><td class=\"has-text-align-center\" data-align=\"center\">Oui<\/td><td class=\"has-text-align-center\" data-align=\"center\"> Oui <\/td><\/tr><tr><td>Capacit\u00e9 batterie<\/td><td class=\"has-text-align-center\" data-align=\"center\">10.000 mAh<\/td><td class=\"has-text-align-center\" data-align=\"center\">10.000 mAh<\/td><\/tr><tr><td>CPU<\/td><td class=\"has-text-align-center\" data-align=\"center\">Octacore 2.0 Ghz<\/td><td class=\"has-text-align-center\" data-align=\"center\">Octacore 2.0 Ghz<\/td><\/tr><tr><td>Type USB<\/td><td class=\"has-text-align-center\" data-align=\"center\">Type C &amp; Pogo pin<\/td><td class=\"has-text-align-center\" data-align=\"center\">Type C &amp; Pogo pin<\/td><\/tr><tr><td>Boutons configurables<\/td><td class=\"has-text-align-center\" data-align=\"center\">5<\/td><td class=\"has-text-align-center\" data-align=\"center\">5<\/td><\/tr><tr><td>Position boutons<\/td><td class=\"has-text-align-center\" data-align=\"center\">Avant<\/td><td class=\"has-text-align-center\" data-align=\"center\">Avant<\/td><\/tr><tr><td>Position haut parleur<\/td><td class=\"has-text-align-center\" data-align=\"center\">Avant<\/td><td class=\"has-text-align-center\" data-align=\"center\">Avant<\/td><\/tr><tr><td>Ram\/Rom (Gb)<\/td><td class=\"has-text-align-center\" data-align=\"center\">8\/128<\/td><td class=\"has-text-align-center\" data-align=\"center\">8\/128<\/td><\/tr><tr><td>Version Android<\/td><td class=\"has-text-align-center\" data-align=\"center\">10<\/td><td class=\"has-text-align-center\" data-align=\"center\">10<\/td><\/tr><tr><td>Adaptation de la luminosit\u00e9<\/td><td class=\"has-text-align-center\" data-align=\"center\">Oui<\/td><td class=\"has-text-align-center\" data-align=\"center\">Oui<\/td><\/tr><tr><td>Fanet et Flarm<\/td><td class=\"has-text-align-center\" data-align=\"center\"><strong>Non<\/strong><\/td><td class=\"has-text-align-center\" data-align=\"center\">Oui<\/td><\/tr><\/tbody><tfoot><tr><td><strong>Prix Public (TVA excl)<\/strong><\/td><td class=\"has-text-align-center\" data-align=\"center\"><strong>598 \u20ac<\/strong><\/td><td class=\"has-text-align-center\" data-align=\"center\"><strong>789 \u20ac<\/strong><\/td><\/tr><\/tfoot><\/table><\/figure>\n\n\n\n<hr class=\"wp-block-separator has-css-opacity\"\/>\n\n\n\n<p class=\"has-text-align-left\">(*1) V\u00e9rifiez \u00e9galement la diff\u00e9rence entre AIR\u00b3 7.3+ V1 et V2 <a href=\"https:\/\/www.fly-air3.com\/fr\/ufaqs\/what-are-the-differences-between-air%c2%b3-7-3-v1-and-air%c2%b3-7-3-v2\/\" target=\"_blank\" rel=\"noreferrer noopener\">ici<\/a>.<\/p>","protected":false},"excerpt":{"rendered":"<p>Features 7.3 7.3+ V2 (*1) Size (mm) 205 X 140 X 21 205 X 140 X 21 Weight 650 gr 665 gr Screen max brightness 1000 nits 1000 nits Screen size 7&#8243; 7&#8243; Screen resolution 1920X1200 1920X1200 Accurate vario Yes Yes Battery capacity 10.000 mAh 10.000 mAh CPU Octacore 2.0 Ghz Octacore 2.0 Ghz USB <a href=\"https:\/\/www.fly-air3.com\/fr\/products\/air3-7-3-comparison-table\/\" rel=\"nofollow\"><span class=\"sr-only\">En savoir plus surAIR\u00b3 7.3 &#8211; 7.3+ comparison table<\/span>[&hellip;]<\/a><\/p>\n","protected":false},"author":1,"featured_media":6757,"parent":3286,"menu_order":1,"comment_status":"closed","ping_status":"closed","template":"template-fullwidth.php","meta":{"footnotes":""},"class_list":["post-8540","page","type-page","status-publish","has-post-thumbnail","hentry"],"yoast_head":"<!-- This site is optimized with the Yoast SEO plugin v27.4 - https:\/\/yoast.com\/product\/yoast-seo-wordpress\/ -->\n<title>AIR\u00b3 7.3 - 7.3+ comparison table - AIR\u00b3<\/title>\n<meta name=\"description\" content=\"Comparison table of AIR\u00b3 (AIR3) 7.2 7.3 and 7.3 + (with Fanet and Flarm). New Generation Flight Instrument based on Android\" \/>\n<meta name=\"robots\" content=\"index, follow, max-snippet:-1, max-image-preview:large, max-video-preview:-1\" \/>\n<link rel=\"canonical\" href=\"https:\/\/www.fly-air3.com\/fr\/products\/air3-7-3-comparison-table\/\" \/>\n<meta property=\"og:locale\" content=\"fr_FR\" \/>\n<meta property=\"og:type\" content=\"article\" \/>\n<meta property=\"og:title\" content=\"AIR\u00b3 7.3 - 7.3+ comparison table - AIR\u00b3\" \/>\n<meta property=\"og:description\" content=\"Comparison table of AIR\u00b3 (AIR3) 7.2 7.3 and 7.3 + (with Fanet and Flarm). New Generation Flight Instrument based on Android\" \/>\n<meta property=\"og:url\" content=\"https:\/\/www.fly-air3.com\/fr\/products\/air3-7-3-comparison-table\/\" \/>\n<meta property=\"og:site_name\" content=\"AIR\u00b3\" \/>\n<meta property=\"article:publisher\" content=\"https:\/\/www.facebook.com\/FLYAIRCUBE\/\" \/>\n<meta property=\"article:modified_time\" content=\"2023-08-29T14:53:20+00:00\" \/>\n<meta property=\"og:image\" content=\"https:\/\/www.fly-air3.com\/wp-content\/uploads\/sites\/15\/2020\/01\/Featured_image_AIR372.png\" \/>\n\t<meta property=\"og:image:width\" content=\"1200\" \/>\n\t<meta property=\"og:image:height\" content=\"628\" \/>\n\t<meta property=\"og:image:type\" content=\"image\/png\" \/>\n<meta name=\"twitter:card\" content=\"summary_large_image\" \/>\n<meta name=\"twitter:label1\" content=\"Dur\u00e9e de lecture estim\u00e9e\" \/>\n\t<meta name=\"twitter:data1\" content=\"1 minute\" \/>\n<script type=\"application\/ld+json\" class=\"yoast-schema-graph\">{\"@context\":\"https:\\\/\\\/schema.org\",\"@graph\":[{\"@type\":\"WebPage\",\"@id\":\"https:\\\/\\\/www.fly-air3.com\\\/products\\\/air3-7-3-comparison-table\\\/\",\"url\":\"https:\\\/\\\/www.fly-air3.com\\\/products\\\/air3-7-3-comparison-table\\\/\",\"name\":\"AIR\u00b3 7.3 - 7.3+ comparison table - AIR\u00b3\",\"isPartOf\":{\"@id\":\"https:\\\/\\\/www.fly-air3.com\\\/en\\\/#website\"},\"primaryImageOfPage\":{\"@id\":\"https:\\\/\\\/www.fly-air3.com\\\/products\\\/air3-7-3-comparison-table\\\/#primaryimage\"},\"image\":{\"@id\":\"https:\\\/\\\/www.fly-air3.com\\\/products\\\/air3-7-3-comparison-table\\\/#primaryimage\"},\"thumbnailUrl\":\"https:\\\/\\\/www.fly-air3.com\\\/wp-content\\\/uploads\\\/sites\\\/15\\\/2021\\\/11\\\/AIR3-73-desktop-antenne-courte.png\",\"datePublished\":\"2023-08-29T14:46:51+00:00\",\"dateModified\":\"2023-08-29T14:53:20+00:00\",\"description\":\"Comparison table of AIR\u00b3 (AIR3) 7.2 7.3 and 7.3 + (with Fanet and Flarm). New Generation Flight Instrument based on Android\",\"breadcrumb\":{\"@id\":\"https:\\\/\\\/www.fly-air3.com\\\/products\\\/air3-7-3-comparison-table\\\/#breadcrumb\"},\"inLanguage\":\"fr-FR\",\"potentialAction\":[{\"@type\":\"ReadAction\",\"target\":[\"https:\\\/\\\/www.fly-air3.com\\\/products\\\/air3-7-3-comparison-table\\\/\"]}]},{\"@type\":\"ImageObject\",\"inLanguage\":\"fr-FR\",\"@id\":\"https:\\\/\\\/www.fly-air3.com\\\/products\\\/air3-7-3-comparison-table\\\/#primaryimage\",\"url\":\"https:\\\/\\\/www.fly-air3.com\\\/wp-content\\\/uploads\\\/sites\\\/15\\\/2021\\\/11\\\/AIR3-73-desktop-antenne-courte.png\",\"contentUrl\":\"https:\\\/\\\/www.fly-air3.com\\\/wp-content\\\/uploads\\\/sites\\\/15\\\/2021\\\/11\\\/AIR3-73-desktop-antenne-courte.png\",\"width\":2637,\"height\":1772},{\"@type\":\"BreadcrumbList\",\"@id\":\"https:\\\/\\\/www.fly-air3.com\\\/products\\\/air3-7-3-comparison-table\\\/#breadcrumb\",\"itemListElement\":[{\"@type\":\"ListItem\",\"position\":1,\"name\":\"Home\",\"item\":\"https:\\\/\\\/www.fly-air3.com\\\/\"},{\"@type\":\"ListItem\",\"position\":2,\"name\":\"Products\",\"item\":\"https:\\\/\\\/www.fly-air3.com\\\/products\\\/\"},{\"@type\":\"ListItem\",\"position\":3,\"name\":\"AIR\u00b3 7.3 &#8211; 7.3+ comparison table\"}]},{\"@type\":\"WebSite\",\"@id\":\"https:\\\/\\\/www.fly-air3.com\\\/en\\\/#website\",\"url\":\"https:\\\/\\\/www.fly-air3.com\\\/en\\\/\",\"name\":\"AIR\u00b3\",\"description\":\"All in one Rugged 7&quot; Android New generation paragliding flight instrument. Vario GPS Livetracking\",\"publisher\":{\"@id\":\"https:\\\/\\\/www.fly-air3.com\\\/en\\\/#organization\"},\"potentialAction\":[{\"@type\":\"SearchAction\",\"target\":{\"@type\":\"EntryPoint\",\"urlTemplate\":\"https:\\\/\\\/www.fly-air3.com\\\/en\\\/?s={search_term_string}\"},\"query-input\":{\"@type\":\"PropertyValueSpecification\",\"valueRequired\":true,\"valueName\":\"search_term_string\"}}],\"inLanguage\":\"fr-FR\"},{\"@type\":\"Organization\",\"@id\":\"https:\\\/\\\/www.fly-air3.com\\\/en\\\/#organization\",\"name\":\"Berfon SPRL\",\"url\":\"https:\\\/\\\/www.fly-air3.com\\\/en\\\/\",\"logo\":{\"@type\":\"ImageObject\",\"inLanguage\":\"fr-FR\",\"@id\":\"https:\\\/\\\/www.fly-air3.com\\\/en\\\/#\\\/schema\\\/logo\\\/image\\\/\",\"url\":\"http:\\\/\\\/www.fly-air3.com\\\/wp-content\\\/uploads\\\/sites\\\/15\\\/2019\\\/04\\\/AIR\u00b3-CARRE_Logo.png\",\"contentUrl\":\"http:\\\/\\\/www.fly-air3.com\\\/wp-content\\\/uploads\\\/sites\\\/15\\\/2019\\\/04\\\/AIR\u00b3-CARRE_Logo.png\",\"width\":600,\"height\":600,\"caption\":\"Berfon SPRL\"},\"image\":{\"@id\":\"https:\\\/\\\/www.fly-air3.com\\\/en\\\/#\\\/schema\\\/logo\\\/image\\\/\"},\"sameAs\":[\"https:\\\/\\\/www.facebook.com\\\/FLYAIRCUBE\\\/\"]}]}<\/script>\n<!-- \/ Yoast SEO plugin. -->","yoast_head_json":{"title":"AIR\u00b3 7.3 - 7.3+ comparison table - AIR\u00b3","description":"Comparison table of AIR\u00b3 (AIR3) 7.2 7.3 and 7.3 + (with Fanet and Flarm). New Generation Flight Instrument based on Android","robots":{"index":"index","follow":"follow","max-snippet":"max-snippet:-1","max-image-preview":"max-image-preview:large","max-video-preview":"max-video-preview:-1"},"canonical":"https:\/\/www.fly-air3.com\/fr\/products\/air3-7-3-comparison-table\/","og_locale":"fr_FR","og_type":"article","og_title":"AIR\u00b3 7.3 - 7.3+ comparison table - AIR\u00b3","og_description":"Comparison table of AIR\u00b3 (AIR3) 7.2 7.3 and 7.3 + (with Fanet and Flarm). New Generation Flight Instrument based on Android","og_url":"https:\/\/www.fly-air3.com\/fr\/products\/air3-7-3-comparison-table\/","og_site_name":"AIR\u00b3","article_publisher":"https:\/\/www.facebook.com\/FLYAIRCUBE\/","article_modified_time":"2023-08-29T14:53:20+00:00","og_image":[{"width":1200,"height":628,"url":"https:\/\/www.fly-air3.com\/wp-content\/uploads\/sites\/15\/2020\/01\/Featured_image_AIR372.png","type":"image\/png"}],"twitter_card":"summary_large_image","twitter_misc":{"Dur\u00e9e de lecture estim\u00e9e":"1 minute"},"schema":{"@context":"https:\/\/schema.org","@graph":[{"@type":"WebPage","@id":"https:\/\/www.fly-air3.com\/products\/air3-7-3-comparison-table\/","url":"https:\/\/www.fly-air3.com\/products\/air3-7-3-comparison-table\/","name":"AIR\u00b3 7.3 - 7.3+ comparison table - AIR\u00b3","isPartOf":{"@id":"https:\/\/www.fly-air3.com\/en\/#website"},"primaryImageOfPage":{"@id":"https:\/\/www.fly-air3.com\/products\/air3-7-3-comparison-table\/#primaryimage"},"image":{"@id":"https:\/\/www.fly-air3.com\/products\/air3-7-3-comparison-table\/#primaryimage"},"thumbnailUrl":"https:\/\/www.fly-air3.com\/wp-content\/uploads\/sites\/15\/2021\/11\/AIR3-73-desktop-antenne-courte.png","datePublished":"2023-08-29T14:46:51+00:00","dateModified":"2023-08-29T14:53:20+00:00","description":"Comparison table of AIR\u00b3 (AIR3) 7.2 7.3 and 7.3 + (with Fanet and Flarm). New Generation Flight Instrument based on Android","breadcrumb":{"@id":"https:\/\/www.fly-air3.com\/products\/air3-7-3-comparison-table\/#breadcrumb"},"inLanguage":"fr-FR","potentialAction":[{"@type":"ReadAction","target":["https:\/\/www.fly-air3.com\/products\/air3-7-3-comparison-table\/"]}]},{"@type":"ImageObject","inLanguage":"fr-FR","@id":"https:\/\/www.fly-air3.com\/products\/air3-7-3-comparison-table\/#primaryimage","url":"https:\/\/www.fly-air3.com\/wp-content\/uploads\/sites\/15\/2021\/11\/AIR3-73-desktop-antenne-courte.png","contentUrl":"https:\/\/www.fly-air3.com\/wp-content\/uploads\/sites\/15\/2021\/11\/AIR3-73-desktop-antenne-courte.png","width":2637,"height":1772},{"@type":"BreadcrumbList","@id":"https:\/\/www.fly-air3.com\/products\/air3-7-3-comparison-table\/#breadcrumb","itemListElement":[{"@type":"ListItem","position":1,"name":"Home","item":"https:\/\/www.fly-air3.com\/"},{"@type":"ListItem","position":2,"name":"Products","item":"https:\/\/www.fly-air3.com\/products\/"},{"@type":"ListItem","position":3,"name":"AIR\u00b3 7.3 &#8211; 7.3+ comparison table"}]},{"@type":"WebSite","@id":"https:\/\/www.fly-air3.com\/en\/#website","url":"https:\/\/www.fly-air3.com\/en\/","name":"AIR\u00b3","description":"All in one Rugged 7&quot; Android New generation paragliding flight instrument. Vario GPS Livetracking","publisher":{"@id":"https:\/\/www.fly-air3.com\/en\/#organization"},"potentialAction":[{"@type":"SearchAction","target":{"@type":"EntryPoint","urlTemplate":"https:\/\/www.fly-air3.com\/en\/?s={search_term_string}"},"query-input":{"@type":"PropertyValueSpecification","valueRequired":true,"valueName":"search_term_string"}}],"inLanguage":"fr-FR"},{"@type":"Organization","@id":"https:\/\/www.fly-air3.com\/en\/#organization","name":"Berfon SPRL","url":"https:\/\/www.fly-air3.com\/en\/","logo":{"@type":"ImageObject","inLanguage":"fr-FR","@id":"https:\/\/www.fly-air3.com\/en\/#\/schema\/logo\/image\/","url":"http:\/\/www.fly-air3.com\/wp-content\/uploads\/sites\/15\/2019\/04\/AIR\u00b3-CARRE_Logo.png","contentUrl":"http:\/\/www.fly-air3.com\/wp-content\/uploads\/sites\/15\/2019\/04\/AIR\u00b3-CARRE_Logo.png","width":600,"height":600,"caption":"Berfon SPRL"},"image":{"@id":"https:\/\/www.fly-air3.com\/en\/#\/schema\/logo\/image\/"},"sameAs":["https:\/\/www.facebook.com\/FLYAIRCUBE\/"]}]}},"_links":{"self":[{"href":"https:\/\/www.fly-air3.com\/fr\/wp-json\/wp\/v2\/pages\/8540","targetHints":{"allow":["GET"]}}],"collection":[{"href":"https:\/\/www.fly-air3.com\/fr\/wp-json\/wp\/v2\/pages"}],"about":[{"href":"https:\/\/www.fly-air3.com\/fr\/wp-json\/wp\/v2\/types\/page"}],"author":[{"embeddable":true,"href":"https:\/\/www.fly-air3.com\/fr\/wp-json\/wp\/v2\/users\/1"}],"replies":[{"embeddable":true,"href":"https:\/\/www.fly-air3.com\/fr\/wp-json\/wp\/v2\/comments?post=8540"}],"version-history":[{"count":3,"href":"https:\/\/www.fly-air3.com\/fr\/wp-json\/wp\/v2\/pages\/8540\/revisions"}],"predecessor-version":[{"id":8543,"href":"https:\/\/www.fly-air3.com\/fr\/wp-json\/wp\/v2\/pages\/8540\/revisions\/8543"}],"up":[{"embeddable":true,"href":"https:\/\/www.fly-air3.com\/fr\/wp-json\/wp\/v2\/pages\/3286"}],"wp:featuredmedia":[{"embeddable":true,"href":"https:\/\/www.fly-air3.com\/fr\/wp-json\/wp\/v2\/media\/6757"}],"wp:attachment":[{"href":"https:\/\/www.fly-air3.com\/fr\/wp-json\/wp\/v2\/media?parent=8540"}],"curies":[{"name":"wp","href":"https:\/\/api.w.org\/{rel}","templated":true}]}}