{"id":8858,"date":"2023-12-21T21:24:00","date_gmt":"2023-12-21T19:24:00","guid":{"rendered":"https:\/\/www.fly-air3.com\/?page_id=8858"},"modified":"2023-12-28T13:08:38","modified_gmt":"2023-12-28T11:08:38","slug":"outdoor-activities","status":"publish","type":"page","link":"https:\/\/www.fly-air3.com\/fr\/sports\/outdoor-activities\/","title":{"rendered":"Activit\u00e9s ext\u00e9rieures"},"content":{"rendered":"<div class=\"wp-block-columns has-2-columns is-layout-flex wp-container-core-columns-is-layout-9d6595d7 wp-block-columns-is-layout-flex\">\n<div class=\"wp-block-column is-layout-flow wp-block-column-is-layout-flow\"><\/div>\n\n\n\n<div class=\"wp-block-column is-layout-flow wp-block-column-is-layout-flow\"><\/div>\n<\/div>\n\n\n\n<p><\/p>\n\n\n\n<p><\/p>\n\n\n\n\n\n\n\n<p><\/p>\n\n\n<div id=\"pl-gb8858-69de396c850e2\"  class=\"panel-layout\" ><div id=\"pg-gb8858-69de396c850e2-0\"  class=\"panel-grid panel-no-style\" ><div id=\"pgc-gb8858-69de396c850e2-0-0\"  class=\"panel-grid-cell panel-grid-cell-empty panel-grid-cell-mobile-last\" ><\/div><div id=\"pgc-gb8858-69de396c850e2-0-1\"  class=\"panel-grid-cell panel-grid-cell-empty\" ><\/div><\/div><div id=\"pg-gb8858-69de396c850e2-1\"  class=\"panel-grid panel-no-style\" ><div id=\"pgc-gb8858-69de396c850e2-1-0\"  class=\"panel-grid-cell\" ><div id=\"panel-gb8858-69de396c850e2-1-0-0\" class=\"so-panel widget widget_sow-editor panel-first-child panel-last-child\" data-index=\"0\" ><div\n\t\t\t\n\t\t\tclass=\"so-widget-sow-editor so-widget-sow-editor-base\"\n\t\t\t\n\t\t>\n<div class=\"siteorigin-widget-tinymce textwidget\">\n\t<p>Con\u00e7u \u00e0 l'origine pour voler, l'AIR\u00b3 est \u00e9galement un outil id\u00e9al pour de nombreux autres types d'activit\u00e9s de plein air. Bas\u00e9 sur Android, il peut ex\u00e9cuter n'importe quelle application Android. Les possibilit\u00e9s d'utilisation sont donc illimit\u00e9es. Si vous avez besoin d'un instrument robuste, tr\u00e8s lisible en plein soleil, avec une grande autonomie, \u00e9tanche, avec un GPS tr\u00e8s puissant, etc. AIR\u00b3 r\u00e9pondra parfaitement \u00e0 vos besoins. AIR\u00b3 est un m\u00e9lange de GPS, smartphone, tablette, durci pour un usage intensif.<\/p>\n<p>Diff\u00e9rents supports ont \u00e9t\u00e9 con\u00e7us pour fixer l'AIR\u00b3 \u00e0 diff\u00e9rents supports. Par exemple, le support <a href=\"https:\/\/www.fly-air3.com\/fr\/products\/accessories\/paramotor-base\/\" target=\"_blank\" rel=\"noopener\">paramotor base<\/a> peut \u00eatre utilis\u00e9 pour fixer l'AIR\u00b3 au guidon d'une moto et l'utiliser comme un parfait GPS de navigation.<\/p>\n<p><a href=\"https:\/\/play.google.com\/store\/apps\/details?id=com.google.android.apps.maps\">Google maps app<\/a>, <a href=\"https:\/\/play.google.com\/store\/apps\/details?id=net.osmand\">OpenStreet maps app<\/a> (OsmAnd) sont par exemple deux tr\u00e8s bonnes applications avec des fonctions de navigation et des cartes hors ligne qui r\u00e9pondent \u00e0 la plupart des besoins de navigation.<\/p>\n<p><a href=\"https:\/\/www.fly-air3.com\/fr\/ufaqs\/can-i-use-air3-as-a-gps-system-for-land-navigation\/\" target=\"_blank\" rel=\"noopener\">Pour plus de d\u00e9tails sur l'utilisation du syst\u00e8me de navigation GPS terrestre avec l'AIR\u00b3, consultez cette FAQ.<\/a><\/p>\n<p>Alors que AIR\u00b3 7.3+ dispose de fonctionnalit\u00e9s sp\u00e9cifiques pour le vol (Fanet et Flarm), AIR\u00b3 7.3 est id\u00e9al pour toutes les activit\u00e9s de plein air. <a href=\"https:\/\/www.fly-air3.com\/fr\/support\/air3-xctrack-manual\/main-features-7-3\/\" target=\"_blank\" rel=\"noopener\">Consultez les sp\u00e9cifications de l'AIR\u00b3 7.3 ici.<\/a><\/p>\n<p>&nbsp;<\/p>\n<\/div>\n<\/div><\/div><\/div><\/div><\/div>","protected":false},"excerpt":{"rendered":"","protected":false},"author":1,"featured_media":7176,"parent":3550,"menu_order":0,"comment_status":"closed","ping_status":"closed","template":"template-fullwidth.php","meta":{"footnotes":""},"class_list":["post-8858","page","type-page","status-publish","has-post-thumbnail","hentry"],"yoast_head":"<!-- This site is optimized with the Yoast SEO plugin v27.3 - https:\/\/yoast.com\/product\/yoast-seo-wordpress\/ -->\n<title>AIR\u00b3 for Outdoor activities - Ideal navigation GPS instrument<\/title>\n<meta name=\"description\" content=\"AIR\u00b3 can be converted into an ideal navigation, GPS android rugged phablet for ballooning.\" \/>\n<meta name=\"robots\" content=\"index, follow, max-snippet:-1, max-image-preview:large, max-video-preview:-1\" \/>\n<link rel=\"canonical\" href=\"https:\/\/www.fly-air3.com\/fr\/sports\/outdoor-activities\/\" \/>\n<meta property=\"og:locale\" content=\"fr_FR\" \/>\n<meta property=\"og:type\" content=\"article\" \/>\n<meta property=\"og:title\" content=\"AIR\u00b3 for Outdoor activities - Ideal navigation GPS instrument\" \/>\n<meta property=\"og:description\" content=\"AIR\u00b3 can be converted into an ideal navigation, GPS android rugged phablet for ballooning.\" \/>\n<meta property=\"og:url\" content=\"https:\/\/www.fly-air3.com\/fr\/sports\/outdoor-activities\/\" \/>\n<meta property=\"og:site_name\" content=\"AIR\u00b3\" \/>\n<meta property=\"article:publisher\" content=\"https:\/\/www.facebook.com\/FLYAIRCUBE\/\" \/>\n<meta property=\"article:modified_time\" content=\"2023-12-28T11:08:38+00:00\" \/>\n<meta property=\"og:image\" content=\"https:\/\/www.fly-air3.com\/wp-content\/uploads\/sites\/15\/2022\/01\/ballooon-scaled.jpg\" \/>\n\t<meta property=\"og:image:width\" content=\"1920\" \/>\n\t<meta property=\"og:image:height\" content=\"2560\" \/>\n\t<meta property=\"og:image:type\" content=\"image\/jpeg\" \/>\n<meta name=\"twitter:card\" content=\"summary_large_image\" \/>\n<meta name=\"twitter:label1\" content=\"Dur\u00e9e de lecture estim\u00e9e\" \/>\n\t<meta name=\"twitter:data1\" content=\"1 minute\" \/>\n<script type=\"application\/ld+json\" class=\"yoast-schema-graph\">{\"@context\":\"https:\\\/\\\/schema.org\",\"@graph\":[{\"@type\":\"WebPage\",\"@id\":\"https:\\\/\\\/www.fly-air3.com\\\/sports\\\/outdoor-activities\\\/\",\"url\":\"https:\\\/\\\/www.fly-air3.com\\\/sports\\\/outdoor-activities\\\/\",\"name\":\"AIR\u00b3 for Outdoor activities - Ideal navigation GPS instrument\",\"isPartOf\":{\"@id\":\"https:\\\/\\\/www.fly-air3.com\\\/en\\\/#website\"},\"primaryImageOfPage\":{\"@id\":\"https:\\\/\\\/www.fly-air3.com\\\/sports\\\/outdoor-activities\\\/#primaryimage\"},\"image\":{\"@id\":\"https:\\\/\\\/www.fly-air3.com\\\/sports\\\/outdoor-activities\\\/#primaryimage\"},\"thumbnailUrl\":\"https:\\\/\\\/www.fly-air3.com\\\/wp-content\\\/uploads\\\/sites\\\/15\\\/2022\\\/01\\\/ballooon-scaled.jpg\",\"datePublished\":\"2023-12-21T19:24:00+00:00\",\"dateModified\":\"2023-12-28T11:08:38+00:00\",\"description\":\"AIR\u00b3 can be converted into an ideal navigation, GPS android rugged phablet for ballooning.\",\"breadcrumb\":{\"@id\":\"https:\\\/\\\/www.fly-air3.com\\\/sports\\\/outdoor-activities\\\/#breadcrumb\"},\"inLanguage\":\"fr-FR\",\"potentialAction\":[{\"@type\":\"ReadAction\",\"target\":[\"https:\\\/\\\/www.fly-air3.com\\\/sports\\\/outdoor-activities\\\/\"]}]},{\"@type\":\"ImageObject\",\"inLanguage\":\"fr-FR\",\"@id\":\"https:\\\/\\\/www.fly-air3.com\\\/sports\\\/outdoor-activities\\\/#primaryimage\",\"url\":\"https:\\\/\\\/www.fly-air3.com\\\/wp-content\\\/uploads\\\/sites\\\/15\\\/2022\\\/01\\\/ballooon-scaled.jpg\",\"contentUrl\":\"https:\\\/\\\/www.fly-air3.com\\\/wp-content\\\/uploads\\\/sites\\\/15\\\/2022\\\/01\\\/ballooon-scaled.jpg\",\"width\":1920,\"height\":2560},{\"@type\":\"BreadcrumbList\",\"@id\":\"https:\\\/\\\/www.fly-air3.com\\\/sports\\\/outdoor-activities\\\/#breadcrumb\",\"itemListElement\":[{\"@type\":\"ListItem\",\"position\":1,\"name\":\"Home\",\"item\":\"https:\\\/\\\/www.fly-air3.com\\\/\"},{\"@type\":\"ListItem\",\"position\":2,\"name\":\"Sports\",\"item\":\"https:\\\/\\\/www.fly-air3.com\\\/sports\\\/\"},{\"@type\":\"ListItem\",\"position\":3,\"name\":\"Outdoor activities\"}]},{\"@type\":\"WebSite\",\"@id\":\"https:\\\/\\\/www.fly-air3.com\\\/en\\\/#website\",\"url\":\"https:\\\/\\\/www.fly-air3.com\\\/en\\\/\",\"name\":\"AIR\u00b3\",\"description\":\"All in one Rugged 7&quot; Android New generation paragliding flight instrument. Vario GPS Livetracking\",\"publisher\":{\"@id\":\"https:\\\/\\\/www.fly-air3.com\\\/en\\\/#organization\"},\"potentialAction\":[{\"@type\":\"SearchAction\",\"target\":{\"@type\":\"EntryPoint\",\"urlTemplate\":\"https:\\\/\\\/www.fly-air3.com\\\/en\\\/?s={search_term_string}\"},\"query-input\":{\"@type\":\"PropertyValueSpecification\",\"valueRequired\":true,\"valueName\":\"search_term_string\"}}],\"inLanguage\":\"fr-FR\"},{\"@type\":\"Organization\",\"@id\":\"https:\\\/\\\/www.fly-air3.com\\\/en\\\/#organization\",\"name\":\"Berfon SPRL\",\"url\":\"https:\\\/\\\/www.fly-air3.com\\\/en\\\/\",\"logo\":{\"@type\":\"ImageObject\",\"inLanguage\":\"fr-FR\",\"@id\":\"https:\\\/\\\/www.fly-air3.com\\\/en\\\/#\\\/schema\\\/logo\\\/image\\\/\",\"url\":\"http:\\\/\\\/www.fly-air3.com\\\/wp-content\\\/uploads\\\/sites\\\/15\\\/2019\\\/04\\\/AIR\u00b3-CARRE_Logo.png\",\"contentUrl\":\"http:\\\/\\\/www.fly-air3.com\\\/wp-content\\\/uploads\\\/sites\\\/15\\\/2019\\\/04\\\/AIR\u00b3-CARRE_Logo.png\",\"width\":600,\"height\":600,\"caption\":\"Berfon SPRL\"},\"image\":{\"@id\":\"https:\\\/\\\/www.fly-air3.com\\\/en\\\/#\\\/schema\\\/logo\\\/image\\\/\"},\"sameAs\":[\"https:\\\/\\\/www.facebook.com\\\/FLYAIRCUBE\\\/\"]}]}<\/script>\n<!-- \/ Yoast SEO plugin. -->","yoast_head_json":{"title":"AIR\u00b3 for Outdoor activities - Ideal navigation GPS instrument","description":"AIR\u00b3 can be converted into an ideal navigation, GPS android rugged phablet for ballooning.","robots":{"index":"index","follow":"follow","max-snippet":"max-snippet:-1","max-image-preview":"max-image-preview:large","max-video-preview":"max-video-preview:-1"},"canonical":"https:\/\/www.fly-air3.com\/fr\/sports\/outdoor-activities\/","og_locale":"fr_FR","og_type":"article","og_title":"AIR\u00b3 for Outdoor activities - Ideal navigation GPS instrument","og_description":"AIR\u00b3 can be converted into an ideal navigation, GPS android rugged phablet for ballooning.","og_url":"https:\/\/www.fly-air3.com\/fr\/sports\/outdoor-activities\/","og_site_name":"AIR\u00b3","article_publisher":"https:\/\/www.facebook.com\/FLYAIRCUBE\/","article_modified_time":"2023-12-28T11:08:38+00:00","og_image":[{"width":1920,"height":2560,"url":"https:\/\/www.fly-air3.com\/wp-content\/uploads\/sites\/15\/2022\/01\/ballooon-scaled.jpg","type":"image\/jpeg"}],"twitter_card":"summary_large_image","twitter_misc":{"Dur\u00e9e de lecture estim\u00e9e":"1 minute"},"schema":{"@context":"https:\/\/schema.org","@graph":[{"@type":"WebPage","@id":"https:\/\/www.fly-air3.com\/sports\/outdoor-activities\/","url":"https:\/\/www.fly-air3.com\/sports\/outdoor-activities\/","name":"AIR\u00b3 for Outdoor activities - Ideal navigation GPS instrument","isPartOf":{"@id":"https:\/\/www.fly-air3.com\/en\/#website"},"primaryImageOfPage":{"@id":"https:\/\/www.fly-air3.com\/sports\/outdoor-activities\/#primaryimage"},"image":{"@id":"https:\/\/www.fly-air3.com\/sports\/outdoor-activities\/#primaryimage"},"thumbnailUrl":"https:\/\/www.fly-air3.com\/wp-content\/uploads\/sites\/15\/2022\/01\/ballooon-scaled.jpg","datePublished":"2023-12-21T19:24:00+00:00","dateModified":"2023-12-28T11:08:38+00:00","description":"AIR\u00b3 can be converted into an ideal navigation, GPS android rugged phablet for ballooning.","breadcrumb":{"@id":"https:\/\/www.fly-air3.com\/sports\/outdoor-activities\/#breadcrumb"},"inLanguage":"fr-FR","potentialAction":[{"@type":"ReadAction","target":["https:\/\/www.fly-air3.com\/sports\/outdoor-activities\/"]}]},{"@type":"ImageObject","inLanguage":"fr-FR","@id":"https:\/\/www.fly-air3.com\/sports\/outdoor-activities\/#primaryimage","url":"https:\/\/www.fly-air3.com\/wp-content\/uploads\/sites\/15\/2022\/01\/ballooon-scaled.jpg","contentUrl":"https:\/\/www.fly-air3.com\/wp-content\/uploads\/sites\/15\/2022\/01\/ballooon-scaled.jpg","width":1920,"height":2560},{"@type":"BreadcrumbList","@id":"https:\/\/www.fly-air3.com\/sports\/outdoor-activities\/#breadcrumb","itemListElement":[{"@type":"ListItem","position":1,"name":"Home","item":"https:\/\/www.fly-air3.com\/"},{"@type":"ListItem","position":2,"name":"Sports","item":"https:\/\/www.fly-air3.com\/sports\/"},{"@type":"ListItem","position":3,"name":"Outdoor activities"}]},{"@type":"WebSite","@id":"https:\/\/www.fly-air3.com\/en\/#website","url":"https:\/\/www.fly-air3.com\/en\/","name":"AIR\u00b3","description":"All in one Rugged 7&quot; Android New generation paragliding flight instrument. Vario GPS Livetracking","publisher":{"@id":"https:\/\/www.fly-air3.com\/en\/#organization"},"potentialAction":[{"@type":"SearchAction","target":{"@type":"EntryPoint","urlTemplate":"https:\/\/www.fly-air3.com\/en\/?s={search_term_string}"},"query-input":{"@type":"PropertyValueSpecification","valueRequired":true,"valueName":"search_term_string"}}],"inLanguage":"fr-FR"},{"@type":"Organization","@id":"https:\/\/www.fly-air3.com\/en\/#organization","name":"Berfon SPRL","url":"https:\/\/www.fly-air3.com\/en\/","logo":{"@type":"ImageObject","inLanguage":"fr-FR","@id":"https:\/\/www.fly-air3.com\/en\/#\/schema\/logo\/image\/","url":"http:\/\/www.fly-air3.com\/wp-content\/uploads\/sites\/15\/2019\/04\/AIR\u00b3-CARRE_Logo.png","contentUrl":"http:\/\/www.fly-air3.com\/wp-content\/uploads\/sites\/15\/2019\/04\/AIR\u00b3-CARRE_Logo.png","width":600,"height":600,"caption":"Berfon SPRL"},"image":{"@id":"https:\/\/www.fly-air3.com\/en\/#\/schema\/logo\/image\/"},"sameAs":["https:\/\/www.facebook.com\/FLYAIRCUBE\/"]}]}},"_links":{"self":[{"href":"https:\/\/www.fly-air3.com\/fr\/wp-json\/wp\/v2\/pages\/8858","targetHints":{"allow":["GET"]}}],"collection":[{"href":"https:\/\/www.fly-air3.com\/fr\/wp-json\/wp\/v2\/pages"}],"about":[{"href":"https:\/\/www.fly-air3.com\/fr\/wp-json\/wp\/v2\/types\/page"}],"author":[{"embeddable":true,"href":"https:\/\/www.fly-air3.com\/fr\/wp-json\/wp\/v2\/users\/1"}],"replies":[{"embeddable":true,"href":"https:\/\/www.fly-air3.com\/fr\/wp-json\/wp\/v2\/comments?post=8858"}],"version-history":[{"count":8,"href":"https:\/\/www.fly-air3.com\/fr\/wp-json\/wp\/v2\/pages\/8858\/revisions"}],"predecessor-version":[{"id":8885,"href":"https:\/\/www.fly-air3.com\/fr\/wp-json\/wp\/v2\/pages\/8858\/revisions\/8885"}],"up":[{"embeddable":true,"href":"https:\/\/www.fly-air3.com\/fr\/wp-json\/wp\/v2\/pages\/3550"}],"wp:featuredmedia":[{"embeddable":true,"href":"https:\/\/www.fly-air3.com\/fr\/wp-json\/wp\/v2\/media\/7176"}],"wp:attachment":[{"href":"https:\/\/www.fly-air3.com\/fr\/wp-json\/wp\/v2\/media?parent=8858"}],"curies":[{"name":"wp","href":"https:\/\/api.w.org\/{rel}","templated":true}]}}