{"id":9136,"date":"2024-04-10T17:43:50","date_gmt":"2024-04-10T15:43:50","guid":{"rendered":"https:\/\/www.fly-air3.com\/?page_id=9136"},"modified":"2025-09-03T16:42:57","modified_gmt":"2025-09-03T14:42:57","slug":"air3-7-35","status":"publish","type":"page","link":"https:\/\/www.fly-air3.com\/fr\/products\/air3-7-35\/","title":{"rendered":"AIR\u00b3 7.35 &#8211; 7.35+"},"content":{"rendered":"<p><\/p>\n\n\n\n<h2 class=\"wp-block-heading\"><a href=\"https:\/\/shop.fly-air3.com\/shop\/category\/air3-19\">SHOP<\/a><\/h2>\n\n\n<div id=\"pl-gb9136-69de3986570e9\"  class=\"panel-layout wp-block-siteorigin-panels-layout-block panel-layout\" ><div id=\"pg-gb9136-69de3986570e9-0\"  class=\"panel-grid panel-no-style\" ><div id=\"pgc-gb9136-69de3986570e9-0-0\"  class=\"panel-grid-cell panel-grid-cell-empty panel-grid-cell-mobile-last\" ><\/div><div id=\"pgc-gb9136-69de3986570e9-0-1\"  class=\"panel-grid-cell panel-grid-cell-empty\" ><\/div><\/div><div id=\"pg-gb9136-69de3986570e9-1\"  class=\"panel-grid panel-no-style\" ><div id=\"pgc-gb9136-69de3986570e9-1-0\"  class=\"panel-grid-cell panel-grid-cell-empty\" ><\/div><div id=\"pgc-gb9136-69de3986570e9-1-1\"  class=\"panel-grid-cell panel-grid-cell-mobile-last\" ><div id=\"panel-gb9136-69de3986570e9-1-1-0\" class=\"so-panel widget widget_sow-image panel-first-child panel-last-child\" data-index=\"0\" ><div\n\t\t\t\n\t\t\tclass=\"so-widget-sow-image so-widget-sow-image-default-8b5b6f678277-9136\"\n\t\t\t\n\t\t>\n<div class=\"sow-image-container\">\n\t\t<img \n\tsrc=\"https:\/\/www.fly-air3.com\/wp-content\/uploads\/sites\/15\/2024\/05\/AIR3-735-Final.png\" width=\"1033\" height=\"714\" srcset=\"https:\/\/www.fly-air3.com\/wp-content\/uploads\/sites\/15\/2024\/05\/AIR3-735-Final.png 1033w, https:\/\/www.fly-air3.com\/wp-content\/uploads\/sites\/15\/2024\/05\/AIR3-735-Final-300x207.png 300w, https:\/\/www.fly-air3.com\/wp-content\/uploads\/sites\/15\/2024\/05\/AIR3-735-Final-1024x708.png 1024w, https:\/\/www.fly-air3.com\/wp-content\/uploads\/sites\/15\/2024\/05\/AIR3-735-Final-768x531.png 768w, https:\/\/www.fly-air3.com\/wp-content\/uploads\/sites\/15\/2024\/05\/AIR3-735-Final-18x12.png 18w\" sizes=\"(max-width: 1033px) 100vw, 1033px\" alt=\"\" \t\tclass=\"so-widget-image\"\/>\n\t<\/div>\n\n<\/div><\/div><\/div><div id=\"pgc-gb9136-69de3986570e9-1-2\"  class=\"panel-grid-cell panel-grid-cell-empty\" ><\/div><\/div><div id=\"pg-gb9136-69de3986570e9-2\"  class=\"panel-grid panel-no-style\" ><div id=\"pgc-gb9136-69de3986570e9-2-0\"  class=\"panel-grid-cell panel-grid-cell-empty panel-grid-cell-mobile-last\" ><\/div><div id=\"pgc-gb9136-69de3986570e9-2-1\"  class=\"panel-grid-cell panel-grid-cell-empty\" ><\/div><\/div><\/div>\n\n\n<hr class=\"wp-block-separator has-css-opacity\"\/>\n\n\n\n<div class=\"wp-block-columns has-2-columns is-layout-flex wp-container-core-columns-is-layout-9d6595d7 wp-block-columns-is-layout-flex\">\n<div class=\"wp-block-column is-layout-flow wp-block-column-is-layout-flow\">\n<h4 class=\"wp-block-heading\">Syst\u00e8me<\/h4>\n\n\n\n<ul class=\"wp-block-list\">\n<li>Processeur ARM A73\u00a0\u2013 2.0 GHz Octacore.<\/li>\n\n\n\n<li>RAM 8 Gb.<\/li>\n\n\n\n<li>Stockage 128 Go + MicroSD slot (jusqu'\u00e0 128 Go).<\/li>\n\n\n\n<li>Android 13<\/li>\n<\/ul>\n\n\n\n<h4 class=\"wp-block-heading\">Capteurs<\/h4>\n\n\n\n<ul class=\"wp-block-list\">\n<li>GPS de qualit\u00e9 industrielle \u2013 GNSS GPS+Glonass+Beidou+AGPS<\/li>\n\n\n\n<li>Baro \/ Vario bas\u00e9 sur un capteur suisse tr\u00e8s sensible (Te connectivity)<\/li>\n\n\n\n<li>Acc\u00e9l\u00e9rom\u00e8tre<\/li>\n\n\n\n<li>Capteur G\u00e9omagn\u00e9tique<\/li>\n\n\n\n<li>Capteur de gravit\u00e9<\/li>\n\n\n\n<li>Boussole<\/li>\n\n\n\n<li>Capteur Gyro<\/li>\n\n\n\n<li>Capteur de lumi\u00e8re<\/li>\n\n\n\n<li>Version PLUS: module FLARM\/FANET<\/li>\n<\/ul>\n\n\n\n<h4 class=\"wp-block-heading\">Interactivit\u00e9<\/h4>\n\n\n\n<ul class=\"wp-block-list\">\n<li>5 boutons physiques pour configurer diff\u00e9rentes actions<\/li>\n\n\n\n<li>Zoom avant Zoom arri\u00e8re<\/li>\n\n\n\n<li>Page suivante, page pr\u00e9c\u00e9dente<\/li>\n\n\n\n<li>Waypoint suivant \/ pr\u00e9c\u00e9dent<\/li>\n\n\n\n<li>Luminosit\u00e9 + et -<\/li>\n\n\n\n<li>Menu - Mode panoramique<\/li>\n\n\n\n<li>Emergency call (F1, F2)<\/li>\n<\/ul>\n<\/div>\n\n\n\n<div class=\"wp-block-column is-layout-flow wp-block-column-is-layout-flow\">\n<h4 class=\"wp-block-heading\">Affichage<\/h4>\n\n\n\n<ul class=\"wp-block-list\">\n<li>7 pouces - Couleur. (Comprend un film protecteur)<\/li>\n\n\n\n<li>IPS HD LCD<\/li>\n\n\n\n<li>TouchPad capacitif<\/li>\n\n\n\n<li>2200 cd\/m2<\/li>\n\n\n\n<li>1920X1080<\/li>\n<\/ul>\n\n\n\n<h4 class=\"wp-block-heading\">Connectivit\u00e9<\/h4>\n\n\n\n<ul class=\"wp-block-list\">\n<li>WI-FI (802.11 a\/b\/g\/n\/ac).<\/li>\n\n\n\n<li>Bluetooth 4.2 (LE)<\/li>\n\n\n\n<li>2G, 3G,&nbsp;4G<\/li>\n\n\n\n<li>USB Type C &#8211; USB Pogopin<\/li>\n\n\n\n<li>3.5 Jack Stereo.<\/li>\n\n\n\n<li>Version PLUS: module FLARM\/FANET<\/li>\n<\/ul>\n\n\n\n<h4 class=\"wp-block-heading\">Appareil photo num\u00e9rique<\/h4>\n\n\n\n<ul class=\"wp-block-list\">\n<li>Arri\u00e8re: 13 Megapixels<\/li>\n\n\n\n<li>Avant: 5 Megapixels<\/li>\n<\/ul>\n\n\n\n<h4 class=\"wp-block-heading\">Donn\u00e9es techniques<\/h4>\n\n\n\n<ul class=\"wp-block-list\">\n<li>Batterie Li-ion int\u00e9gr\u00e9e de 10 000 mAh.<\/li>\n\n\n\n<li>Dimensions: 205mm*140mm*21mm<\/li>\n\n\n\n<li>Weight: 650gr &#8211; 665 gr (7.35+).<\/li>\n\n\n\n<li>Couleur Noir \/ Orange<\/li>\n\n\n\n<li>IP67 (*1) (<a href=\"https:\/\/www.fly-air3.com\/fr\/support\/videos\/how-to\/#Videos-IP67\" target=\"_blank\" rel=\"noreferrer noopener\">VIDEO<\/a>)<\/li>\n<\/ul>\n<\/div>\n<\/div>\n\n\n\n<h3 class=\"wp-block-heading\">NOUVEAU dans 7.35 et 7.35+<\/h3>\n\n\n\n<ul class=\"wp-block-list\">\n<li>Ecran 2200 nits<\/li>\n\n\n\n<li>D\u00e9tection instantan\u00e9e de l'ascendance \u2013 vario sans d\u00e9calage gr\u00e2ce \u00e0 l'IMU<\/li>\n\n\n\n<li>Algorithme de luminosit\u00e9 adaptatif optimis\u00e9 pour une autonomie accrue<\/li>\n\n\n\n<li>Android 13<\/li>\n\n\n\n<li>Nouveaux boutons physiques<\/li>\n\n\n\n<li>Boutons compatibles avec t\u00e9l\u00e9commande Bluetooth<\/li>\n\n\n\n<li>Antenne int\u00e9gr\u00e9e pour AIR\u00b3 7.35+<\/li>\n<\/ul>\n\n\n\n<h3 class=\"wp-block-heading\">Applications<\/h3>\n\n\n\n<ul class=\"wp-block-list\">\n<li><strong><a href=\"https:\/\/www.fly-air3.com\/fr\/software\/xctrack-pro-air3\/\" target=\"_blank\" rel=\"noreferrer noopener\">XCTrack Pro<\/a><\/strong> (licence perp\u00e9tuelle): optimis\u00e9, personnalis\u00e9 et pr\u00e9configur\u00e9<\/li>\n\n\n\n<li><a href=\"https:\/\/www.fly-air3.com\/fr\/software\/air3-xctaddon\/\">AIR\u00b3 XCT Addon<\/a>: am\u00e9liore les fonctionnalit\u00e9s de XCTrack, notamment le vario instantan\u00e9. Pour plus d'informations, consultez le manuel de l'AIR\u00b3 XCT Addon. <a href=\"https:\/\/www.fly-air3.com\/fr\/support\/air3-xctrack-manual\/air3-xctaddon-manual\/\" target=\"_blank\" rel=\"noreferrer noopener\">ici<\/a><\/li>\n\n\n\n<li><a href=\"https:\/\/www.fly-air3.com\/fr\/support\/air3-xctrack-manual\/xcguide-specific-air3-features\/\">XC Guide<\/a>: caract\u00e9ristiques sp\u00e9cifiques \u00e0 l'AIR\u00b3<\/li>\n\n\n\n<li><a href=\"https:\/\/www.fly-air3.com\/fr\/software\/air3-manager\/\" target=\"_blank\" rel=\"noreferrer noopener\">AIR\u00b3 Manager<\/a>: pour plus d'informations, consultez le manuel du AIR\u00b3 Manager AIR\u00b3. <a href=\"https:\/\/www.fly-air3.com\/fr\/support\/air3-xctrack-manual\/air3-manager-manual\/\">ici<\/a>.<\/li>\n\n\n\n<li><a href=\"https:\/\/www.fly-air3.com\/fr\/software\/air3-upgrader\/\">AIR\u00b3 Upgrader<\/a>: pour plus d'informations, consultez le manuel du AIR\u00b3 Upgrader AIR\u00b3. <a href=\"https:\/\/www.fly-air3.com\/fr\/support\/air3-xctrack-manual\/air3_upgrader_manual\/\">ici<\/a>.<\/li>\n\n\n\n<li>Les applications g\u00e9n\u00e9rales peuvent \u00eatre facilement install\u00e9es gr\u00e2ce \u00e0 Android Play store : Email, Whatsapp, Messenger, Youtube, Instagram, Facebook, ...<\/li>\n\n\n\n<li>Compatible avec d'autres applications Android de vol: XCsoar, LK8000, XC Guide, Safesky, Cruiser\u2026 <\/li>\n\n\n\n<li><a href=\"https:\/\/www.fly-air3.com\/fr\/sports\/outdoor-activities\/\" target=\"_blank\" rel=\"noreferrer noopener\">De nombreuses autres applications possibles font de l'AIR\u00b3 un instrument id\u00e9al pour les activit\u00e9s de plein air.<\/a><\/li>\n<\/ul>\n\n\n\n<p><\/p>\n\n\n\n<h3 class=\"wp-block-heading\">Caract\u00e9ristiques suppl\u00e9mentaires<\/h3>\n\n\n\n<p>Comme l'AIR\u00b3 est bas\u00e9 sur Android, les fonctionnalit\u00e9s suppl\u00e9mentaires sont illimit\u00e9es via les applications.<\/p>\n\n\n\n<p>Par exemple, vous pouvez utiliser <a href=\"https:\/\/www.fly-air3.com\/fr\/ufaqs\/commands-through-voice\/\">Voice Access pour activer les commandes vocales<\/a> et interagir avec l'AIR\u00b3 sans avoir besoin d'aucune interaction physique. Ceci n'est qu'un exemple des fonctionnalit\u00e9s suppl\u00e9mentaires possibles qui peuvent \u00eatre obtenues avec un AIR\u00b3.<\/p>\n\n\n\n<hr class=\"wp-block-separator has-css-opacity\"\/>\n\n\n\n<h3 class=\"wp-block-heading\">Qu'y a-t-il dans la boite?<\/h3>\n\n\n\n<ul class=\"wp-block-list\">\n<li>AIR\u00b3 (comprend un film protecteur et une lani\u00e8re)<\/li>\n\n\n\n<li>USB power adaptor (EU-US or UK) + cables (USB-type C &amp; Pogopin)<\/li>\n\n\n\n<li>Housse n\u00e9opr\u00e8ne<\/li>\n\n\n\n<li>Guide d'utilisation rapide<\/li>\n\n\n\n<li>Adaptateur carte Sim<\/li>\n\n\n\n<li>Velcros<\/li>\n\n\n\n<li>Supports m\u00e9talliques<\/li>\n\n\n\n<li>(Integrated Antenna for AIR\u00b3 7.35+)<\/li>\n<\/ul>\n\n\n<div id=\"pl-gb9136-69de398659a62\"  class=\"panel-layout wp-block-siteorigin-panels-layout-block panel-layout\" ><div id=\"pg-gb9136-69de398659a62-0\"  class=\"panel-grid panel-no-style\" ><div id=\"pgc-gb9136-69de398659a62-0-0\"  class=\"panel-grid-cell panel-grid-cell-empty\" ><\/div><div id=\"pgc-gb9136-69de398659a62-0-1\"  class=\"panel-grid-cell panel-grid-cell-mobile-last\" ><div id=\"panel-gb9136-69de398659a62-0-1-0\" class=\"so-panel widget widget_sow-image panel-first-child panel-last-child\" data-index=\"0\" ><div\n\t\t\t\n\t\t\tclass=\"so-widget-sow-image so-widget-sow-image-default-8b5b6f678277-9136\"\n\t\t\t\n\t\t><\/div><\/div><\/div><div id=\"pgc-gb9136-69de398659a62-0-2\"  class=\"panel-grid-cell panel-grid-cell-empty\" ><\/div><\/div><\/div>\n\n\n<p>(*1) : les couvercles doivent \u00eatre ferm\u00e9s. L'immersion peut affecter le capteur de pression et n\u00e9cessiter son remplacement. La garantie exclut tout dommage d'origine externe. Cliquez <a href=\"https:\/\/shop.fly-air3.com\/cgg\" target=\"_blank\" rel=\"noreferrer noopener\">ici<\/a> pour conna\u00eetre tous les d\u00e9tails de la garantie.<\/p>","protected":false},"excerpt":{"rendered":"<p>SHOP System Sensors Interactivity Display Connectivity Digital camera Technical data NEW in 7.35 and 7.35+ Applications Additional features As AIR\u00b3 is based on Android, additional features are limitless through apps. For example, you can use Voice Access to enable Voice commands and interface with the AIR\u00b3 without the need for any physical interaction. This is <a href=\"https:\/\/www.fly-air3.com\/fr\/products\/air3-7-35\/\" rel=\"nofollow\"><span class=\"sr-only\">En savoir plus surAIR\u00b3 7.35 &#8211; 7.35+<\/span>[&hellip;]<\/a><\/p>\n","protected":false},"author":1,"featured_media":0,"parent":3286,"menu_order":3,"comment_status":"closed","ping_status":"closed","template":"template-fullwidth.php","meta":{"footnotes":""},"class_list":["post-9136","page","type-page","status-publish","hentry"],"yoast_head":"<!-- This site is optimized with the Yoast SEO plugin v27.3 - https:\/\/yoast.com\/product\/yoast-seo-wordpress\/ -->\n<title>AIR\u00b3 7.35 - 7.35+ - AIR\u00b3<\/title>\n<meta name=\"description\" content=\"Specifications of AIR\u00b3 (AIR3) 7.3 and 7.3 + (with Fanet and Flarm). New Generation Flight Instrument based on Android\" \/>\n<meta name=\"robots\" content=\"index, follow, max-snippet:-1, max-image-preview:large, max-video-preview:-1\" \/>\n<link rel=\"canonical\" href=\"https:\/\/www.fly-air3.com\/fr\/products\/air3-7-35\/\" \/>\n<meta property=\"og:locale\" content=\"fr_FR\" \/>\n<meta property=\"og:type\" content=\"article\" \/>\n<meta property=\"og:title\" content=\"AIR\u00b3 7.35 - 7.35+ - AIR\u00b3\" \/>\n<meta property=\"og:description\" content=\"Specifications of AIR\u00b3 (AIR3) 7.3 and 7.3 + (with Fanet and Flarm). New Generation Flight Instrument based on Android\" \/>\n<meta property=\"og:url\" content=\"https:\/\/www.fly-air3.com\/fr\/products\/air3-7-35\/\" \/>\n<meta property=\"og:site_name\" content=\"AIR\u00b3\" \/>\n<meta property=\"article:publisher\" content=\"https:\/\/www.facebook.com\/FLYAIRCUBE\/\" \/>\n<meta property=\"article:modified_time\" content=\"2025-09-03T14:42:57+00:00\" \/>\n<meta property=\"og:image\" content=\"https:\/\/www.fly-air3.com\/wp-content\/uploads\/sites\/15\/2020\/01\/Featured_image_AIR372.png\" \/>\n\t<meta property=\"og:image:width\" content=\"1200\" \/>\n\t<meta property=\"og:image:height\" content=\"628\" \/>\n\t<meta property=\"og:image:type\" content=\"image\/png\" \/>\n<meta name=\"twitter:card\" content=\"summary_large_image\" \/>\n<meta name=\"twitter:label1\" content=\"Dur\u00e9e de lecture estim\u00e9e\" \/>\n\t<meta name=\"twitter:data1\" content=\"3 minutes\" \/>\n<script type=\"application\/ld+json\" class=\"yoast-schema-graph\">{\"@context\":\"https:\\\/\\\/schema.org\",\"@graph\":[{\"@type\":\"WebPage\",\"@id\":\"https:\\\/\\\/www.fly-air3.com\\\/products\\\/air3-7-35\\\/\",\"url\":\"https:\\\/\\\/www.fly-air3.com\\\/products\\\/air3-7-35\\\/\",\"name\":\"AIR\u00b3 7.35 - 7.35+ - AIR\u00b3\",\"isPartOf\":{\"@id\":\"https:\\\/\\\/www.fly-air3.com\\\/en\\\/#website\"},\"datePublished\":\"2024-04-10T15:43:50+00:00\",\"dateModified\":\"2025-09-03T14:42:57+00:00\",\"description\":\"Specifications of AIR\u00b3 (AIR3) 7.3 and 7.3 + (with Fanet and Flarm). New Generation Flight Instrument based on Android\",\"breadcrumb\":{\"@id\":\"https:\\\/\\\/www.fly-air3.com\\\/products\\\/air3-7-35\\\/#breadcrumb\"},\"inLanguage\":\"fr-FR\",\"potentialAction\":[{\"@type\":\"ReadAction\",\"target\":[\"https:\\\/\\\/www.fly-air3.com\\\/products\\\/air3-7-35\\\/\"]}]},{\"@type\":\"BreadcrumbList\",\"@id\":\"https:\\\/\\\/www.fly-air3.com\\\/products\\\/air3-7-35\\\/#breadcrumb\",\"itemListElement\":[{\"@type\":\"ListItem\",\"position\":1,\"name\":\"Home\",\"item\":\"https:\\\/\\\/www.fly-air3.com\\\/\"},{\"@type\":\"ListItem\",\"position\":2,\"name\":\"Products\",\"item\":\"https:\\\/\\\/www.fly-air3.com\\\/products\\\/\"},{\"@type\":\"ListItem\",\"position\":3,\"name\":\"AIR\u00b3 7.35 &#8211; 7.35+\"}]},{\"@type\":\"WebSite\",\"@id\":\"https:\\\/\\\/www.fly-air3.com\\\/en\\\/#website\",\"url\":\"https:\\\/\\\/www.fly-air3.com\\\/en\\\/\",\"name\":\"AIR\u00b3\",\"description\":\"All in one Rugged 7&quot; Android New generation paragliding flight instrument. Vario GPS Livetracking\",\"publisher\":{\"@id\":\"https:\\\/\\\/www.fly-air3.com\\\/en\\\/#organization\"},\"potentialAction\":[{\"@type\":\"SearchAction\",\"target\":{\"@type\":\"EntryPoint\",\"urlTemplate\":\"https:\\\/\\\/www.fly-air3.com\\\/en\\\/?s={search_term_string}\"},\"query-input\":{\"@type\":\"PropertyValueSpecification\",\"valueRequired\":true,\"valueName\":\"search_term_string\"}}],\"inLanguage\":\"fr-FR\"},{\"@type\":\"Organization\",\"@id\":\"https:\\\/\\\/www.fly-air3.com\\\/en\\\/#organization\",\"name\":\"Berfon SPRL\",\"url\":\"https:\\\/\\\/www.fly-air3.com\\\/en\\\/\",\"logo\":{\"@type\":\"ImageObject\",\"inLanguage\":\"fr-FR\",\"@id\":\"https:\\\/\\\/www.fly-air3.com\\\/en\\\/#\\\/schema\\\/logo\\\/image\\\/\",\"url\":\"http:\\\/\\\/www.fly-air3.com\\\/wp-content\\\/uploads\\\/sites\\\/15\\\/2019\\\/04\\\/AIR\u00b3-CARRE_Logo.png\",\"contentUrl\":\"http:\\\/\\\/www.fly-air3.com\\\/wp-content\\\/uploads\\\/sites\\\/15\\\/2019\\\/04\\\/AIR\u00b3-CARRE_Logo.png\",\"width\":600,\"height\":600,\"caption\":\"Berfon SPRL\"},\"image\":{\"@id\":\"https:\\\/\\\/www.fly-air3.com\\\/en\\\/#\\\/schema\\\/logo\\\/image\\\/\"},\"sameAs\":[\"https:\\\/\\\/www.facebook.com\\\/FLYAIRCUBE\\\/\"]}]}<\/script>\n<!-- \/ Yoast SEO plugin. -->","yoast_head_json":{"title":"AIR\u00b3 7.35 - 7.35+ - AIR\u00b3","description":"Specifications of AIR\u00b3 (AIR3) 7.3 and 7.3 + (with Fanet and Flarm). New Generation Flight Instrument based on Android","robots":{"index":"index","follow":"follow","max-snippet":"max-snippet:-1","max-image-preview":"max-image-preview:large","max-video-preview":"max-video-preview:-1"},"canonical":"https:\/\/www.fly-air3.com\/fr\/products\/air3-7-35\/","og_locale":"fr_FR","og_type":"article","og_title":"AIR\u00b3 7.35 - 7.35+ - AIR\u00b3","og_description":"Specifications of AIR\u00b3 (AIR3) 7.3 and 7.3 + (with Fanet and Flarm). New Generation Flight Instrument based on Android","og_url":"https:\/\/www.fly-air3.com\/fr\/products\/air3-7-35\/","og_site_name":"AIR\u00b3","article_publisher":"https:\/\/www.facebook.com\/FLYAIRCUBE\/","article_modified_time":"2025-09-03T14:42:57+00:00","og_image":[{"width":1200,"height":628,"url":"https:\/\/www.fly-air3.com\/wp-content\/uploads\/sites\/15\/2020\/01\/Featured_image_AIR372.png","type":"image\/png"}],"twitter_card":"summary_large_image","twitter_misc":{"Dur\u00e9e de lecture estim\u00e9e":"3 minutes"},"schema":{"@context":"https:\/\/schema.org","@graph":[{"@type":"WebPage","@id":"https:\/\/www.fly-air3.com\/products\/air3-7-35\/","url":"https:\/\/www.fly-air3.com\/products\/air3-7-35\/","name":"AIR\u00b3 7.35 - 7.35+ - AIR\u00b3","isPartOf":{"@id":"https:\/\/www.fly-air3.com\/en\/#website"},"datePublished":"2024-04-10T15:43:50+00:00","dateModified":"2025-09-03T14:42:57+00:00","description":"Specifications of AIR\u00b3 (AIR3) 7.3 and 7.3 + (with Fanet and Flarm). New Generation Flight Instrument based on Android","breadcrumb":{"@id":"https:\/\/www.fly-air3.com\/products\/air3-7-35\/#breadcrumb"},"inLanguage":"fr-FR","potentialAction":[{"@type":"ReadAction","target":["https:\/\/www.fly-air3.com\/products\/air3-7-35\/"]}]},{"@type":"BreadcrumbList","@id":"https:\/\/www.fly-air3.com\/products\/air3-7-35\/#breadcrumb","itemListElement":[{"@type":"ListItem","position":1,"name":"Home","item":"https:\/\/www.fly-air3.com\/"},{"@type":"ListItem","position":2,"name":"Products","item":"https:\/\/www.fly-air3.com\/products\/"},{"@type":"ListItem","position":3,"name":"AIR\u00b3 7.35 &#8211; 7.35+"}]},{"@type":"WebSite","@id":"https:\/\/www.fly-air3.com\/en\/#website","url":"https:\/\/www.fly-air3.com\/en\/","name":"AIR\u00b3","description":"All in one Rugged 7&quot; Android New generation paragliding flight instrument. Vario GPS Livetracking","publisher":{"@id":"https:\/\/www.fly-air3.com\/en\/#organization"},"potentialAction":[{"@type":"SearchAction","target":{"@type":"EntryPoint","urlTemplate":"https:\/\/www.fly-air3.com\/en\/?s={search_term_string}"},"query-input":{"@type":"PropertyValueSpecification","valueRequired":true,"valueName":"search_term_string"}}],"inLanguage":"fr-FR"},{"@type":"Organization","@id":"https:\/\/www.fly-air3.com\/en\/#organization","name":"Berfon SPRL","url":"https:\/\/www.fly-air3.com\/en\/","logo":{"@type":"ImageObject","inLanguage":"fr-FR","@id":"https:\/\/www.fly-air3.com\/en\/#\/schema\/logo\/image\/","url":"http:\/\/www.fly-air3.com\/wp-content\/uploads\/sites\/15\/2019\/04\/AIR\u00b3-CARRE_Logo.png","contentUrl":"http:\/\/www.fly-air3.com\/wp-content\/uploads\/sites\/15\/2019\/04\/AIR\u00b3-CARRE_Logo.png","width":600,"height":600,"caption":"Berfon SPRL"},"image":{"@id":"https:\/\/www.fly-air3.com\/en\/#\/schema\/logo\/image\/"},"sameAs":["https:\/\/www.facebook.com\/FLYAIRCUBE\/"]}]}},"_links":{"self":[{"href":"https:\/\/www.fly-air3.com\/fr\/wp-json\/wp\/v2\/pages\/9136","targetHints":{"allow":["GET"]}}],"collection":[{"href":"https:\/\/www.fly-air3.com\/fr\/wp-json\/wp\/v2\/pages"}],"about":[{"href":"https:\/\/www.fly-air3.com\/fr\/wp-json\/wp\/v2\/types\/page"}],"author":[{"embeddable":true,"href":"https:\/\/www.fly-air3.com\/fr\/wp-json\/wp\/v2\/users\/1"}],"replies":[{"embeddable":true,"href":"https:\/\/www.fly-air3.com\/fr\/wp-json\/wp\/v2\/comments?post=9136"}],"version-history":[{"count":26,"href":"https:\/\/www.fly-air3.com\/fr\/wp-json\/wp\/v2\/pages\/9136\/revisions"}],"predecessor-version":[{"id":10489,"href":"https:\/\/www.fly-air3.com\/fr\/wp-json\/wp\/v2\/pages\/9136\/revisions\/10489"}],"up":[{"embeddable":true,"href":"https:\/\/www.fly-air3.com\/fr\/wp-json\/wp\/v2\/pages\/3286"}],"wp:attachment":[{"href":"https:\/\/www.fly-air3.com\/fr\/wp-json\/wp\/v2\/media?parent=9136"}],"curies":[{"name":"wp","href":"https:\/\/api.w.org\/{rel}","templated":true}]}}